{"id":7453,"date":"2021-09-29T11:25:27","date_gmt":"2021-09-29T11:25:27","guid":{"rendered":"https:\/\/wwcashmachines.com\/reembolso_devoluciones\/"},"modified":"2023-03-23T16:00:00","modified_gmt":"2023-03-23T14:00:00","slug":"reembolso_devoluciones","status":"publish","type":"page","link":"https:\/\/wwcashmachines.com\/en\/reembolso_devoluciones\/","title":{"rendered":"POL\u00cdTICA DE DEVOLUCIONES Y REEMBOLSOS"},"content":{"rendered":"\r\n\r\n\r\n<h1>Reembolso y devoluciones<\/h1>\r\n<p>A continuaci\u00f3n se detallan las condiciones generales para reembolso y devoluciones de Worldwide Cash Machines SL.<\/p>\r\n<h2>Informaci\u00f3n General<\/h2>\r\n\r\n\r\n\r\n<p>&nbsp;<\/p>\r\n<h3>\r\n\r\n<\/h3>\r\n<h3>Devoluciones<\/h3>\r\n\r\n\r\n\r\n<p>&nbsp;<\/p>\r\n\r\n\r\n\r\n<h3><strong>Reembolsos atrasados o no efectuados<\/strong><\/h3>\r\n\r\n\r\n\r\n<p>&nbsp;<\/p>\r\n\r\n\r\n\r\n<p>Si ha hecho todo esto y a\u00fan no ha recibido el reembolso, p\u00f3ngase en contacto con nosotros en <a href=\"mailto:admin@wwcashmachines.com\">ADMIN@WWCASHMACHINES.COM<\/a><\/p>\r\n\r\n\r\n\r\n<h3><strong>Art\u00edculos en venta<\/strong><\/h3>\r\n\r\n\r\n\r\n<p>&nbsp;<\/p>\r\n\r\n\r\n\r\n<h3>Intercambios<\/h3>\r\n\r\n\r\n\r\n<p>S\u00f3lo cambiamos art\u00edculos si est\u00e1n defectuosos o da\u00f1ados. Si necesitas cambiarlo por el mismo art\u00edculo, env\u00edanos un correo electr\u00f3nico a <a href=\"mailto:admin@wwcashmachines.com\">ADMIN@WWCASHMACHINES.COM<\/a> y env\u00eda tu art\u00edculo a la direcci\u00f3n indicada: Carrer d&#8217;Holanda, 67, 08917 Badalona, Barcelona.<\/p>\r\n\r\n\r\n\r\n\r\n\r\n<h3>Envio de devoluciones<\/h3>\r\n\r\n\r\n\r\n<p>Para devolver su producto, debe enviarlo a la siguiente direcci\u00f3n:\u00a0Carrer d&#8217;Holanda, 67, 08917 Badalona, Barcelona.<\/p>\r\n\r\n\r\n\r\n<h3>\u00bfNecesita ayuda?<\/h3>\r\n\r\n\r\n\r\n<p>P\u00f3ngase en contacto con nosotros env\u00edanos un correo electr\u00f3nico a\u00a0 <a href=\"mailto:admin@wwcashmachines.com\">ADMIN@WWCASHMACHINES.COM<\/a> o ll\u00e1manos al tel\u00e9fono (+34) <a href=\"tel:930500192\">930500192<\/a> para cuestiones relacionadas con reembolsos y devoluciones.<\/p>\r\n","protected":false},"excerpt":{"rendered":"<p>Reembolso y devoluciones A continuaci\u00f3n se detallan las condiciones generales para reembolso y devoluciones de Worldwide Cash Machines SL. Informaci\u00f3n General &nbsp; Devoluciones &nbsp; Reembolsos atrasados o no efectuados &nbsp; Si ha hecho todo esto y a\u00fan no ha recibido el reembolso, p\u00f3ngase en contacto con nosotros en ADMIN@WWCASHMACHINES.COM Art\u00edculos en venta &nbsp; Intercambios S\u00f3lo cambiamos art\u00edculos si est\u00e1n defectuosos o da\u00f1ados. Si necesitas cambiarlo por el mismo art\u00edculo, env\u00edanos un correo electr\u00f3nico a ADMIN@WWCASHMACHINES.COM y env\u00eda tu art\u00edculo a&#8230;<\/p>\n","protected":false},"author":8,"featured_media":0,"parent":0,"menu_order":0,"comment_status":"closed","ping_status":"closed","template":"","meta":{"tpgb_global_settings":"","footnotes":""},"class_list":["post-7453","page","type-page","status-publish","hentry"],"yoast_head":"<!-- This site is optimized with the Yoast SEO plugin v27.4 - https:\/\/yoast.com\/product\/yoast-seo-wordpress\/ -->\n<title>Reembolso y devoluciones - Condiciones - Worldwide Cash Machines SL<\/title>\n<meta name=\"description\" content=\"Reembolso y devoluciones - Conozca nuestras condiciones por las que un cliente puede devolver un producto o servicio adquirido.\" \/>\n<meta name=\"robots\" content=\"index, follow, max-snippet:-1, max-image-preview:large, max-video-preview:-1\" \/>\n<link rel=\"canonical\" href=\"https:\/\/wwcashmachines.com\/es\/reembolso_devoluciones\/\" \/>\n<meta property=\"og:locale\" content=\"en_US\" \/>\n<meta property=\"og:type\" content=\"article\" \/>\n<meta property=\"og:title\" content=\"Reembolso y devoluciones - Condiciones - Worldwide Cash Machines SL\" \/>\n<meta property=\"og:description\" content=\"Reembolso y devoluciones - Conozca nuestras condiciones por las que un cliente puede devolver un producto o servicio adquirido.\" \/>\n<meta property=\"og:url\" content=\"https:\/\/wwcashmachines.com\/es\/reembolso_devoluciones\/\" \/>\n<meta property=\"og:site_name\" content=\"Worldwide Cash Machines SL\" \/>\n<meta property=\"article:modified_time\" content=\"2023-03-23T14:00:00+00:00\" \/>\n<meta name=\"twitter:card\" content=\"summary_large_image\" \/>\n<meta name=\"twitter:label1\" content=\"Est. reading time\" \/>\n\t<meta name=\"twitter:data1\" content=\"1 minute\" \/>\n<script type=\"application\/ld+json\" class=\"yoast-schema-graph\">{\"@context\":\"https:\\\/\\\/schema.org\",\"@graph\":[{\"@type\":\"WebPage\",\"@id\":\"https:\\\/\\\/wwcashmachines.com\\\/es\\\/reembolso_devoluciones\\\/\",\"url\":\"https:\\\/\\\/wwcashmachines.com\\\/es\\\/reembolso_devoluciones\\\/\",\"name\":\"Reembolso y devoluciones - Condiciones - Worldwide Cash Machines SL\",\"isPartOf\":{\"@id\":\"https:\\\/\\\/wwcashmachines.com\\\/es\\\/#website\"},\"datePublished\":\"2021-09-29T11:25:27+00:00\",\"dateModified\":\"2023-03-23T14:00:00+00:00\",\"description\":\"Reembolso y devoluciones - Conozca nuestras condiciones por las que un cliente puede devolver un producto o servicio adquirido.\",\"breadcrumb\":{\"@id\":\"https:\\\/\\\/wwcashmachines.com\\\/es\\\/reembolso_devoluciones\\\/#breadcrumb\"},\"inLanguage\":\"en-US\",\"potentialAction\":[{\"@type\":\"ReadAction\",\"target\":[\"https:\\\/\\\/wwcashmachines.com\\\/es\\\/reembolso_devoluciones\\\/\"]}]},{\"@type\":\"BreadcrumbList\",\"@id\":\"https:\\\/\\\/wwcashmachines.com\\\/es\\\/reembolso_devoluciones\\\/#breadcrumb\",\"itemListElement\":[{\"@type\":\"ListItem\",\"position\":1,\"name\":\"Portada\",\"item\":\"https:\\\/\\\/wwcashmachines.com\\\/en\\\/\"},{\"@type\":\"ListItem\",\"position\":2,\"name\":\"POL\u00cdTICA DE DEVOLUCIONES Y REEMBOLSOS\"}]},{\"@type\":\"WebSite\",\"@id\":\"https:\\\/\\\/wwcashmachines.com\\\/es\\\/#website\",\"url\":\"https:\\\/\\\/wwcashmachines.com\\\/es\\\/\",\"name\":\"Worldwide Cash Machines SL\",\"description\":\"Empresa de Cash Management\",\"publisher\":{\"@id\":\"https:\\\/\\\/wwcashmachines.com\\\/es\\\/#organization\"},\"potentialAction\":[{\"@type\":\"SearchAction\",\"target\":{\"@type\":\"EntryPoint\",\"urlTemplate\":\"https:\\\/\\\/wwcashmachines.com\\\/es\\\/?s={search_term_string}\"},\"query-input\":{\"@type\":\"PropertyValueSpecification\",\"valueRequired\":true,\"valueName\":\"search_term_string\"}}],\"inLanguage\":\"en-US\"},{\"@type\":\"Organization\",\"@id\":\"https:\\\/\\\/wwcashmachines.com\\\/es\\\/#organization\",\"name\":\"Cash Machines S.A.\",\"url\":\"https:\\\/\\\/wwcashmachines.com\\\/es\\\/\",\"logo\":{\"@type\":\"ImageObject\",\"inLanguage\":\"en-US\",\"@id\":\"https:\\\/\\\/wwcashmachines.com\\\/es\\\/#\\\/schema\\\/logo\\\/image\\\/\",\"url\":\"https:\\\/\\\/wwcashmachines.com\\\/wp-content\\\/uploads\\\/2021\\\/07\\\/cropped-logo-1.png\",\"contentUrl\":\"https:\\\/\\\/wwcashmachines.com\\\/wp-content\\\/uploads\\\/2021\\\/07\\\/cropped-logo-1.png\",\"width\":263,\"height\":100,\"caption\":\"Cash Machines S.A.\"},\"image\":{\"@id\":\"https:\\\/\\\/wwcashmachines.com\\\/es\\\/#\\\/schema\\\/logo\\\/image\\\/\"}}]}<\/script>\n<!-- \/ Yoast SEO plugin. -->","yoast_head_json":{"title":"Reembolso y devoluciones - Condiciones - Worldwide Cash Machines SL","description":"Reembolso y devoluciones - Conozca nuestras condiciones por las que un cliente puede devolver un producto o servicio adquirido.","robots":{"index":"index","follow":"follow","max-snippet":"max-snippet:-1","max-image-preview":"max-image-preview:large","max-video-preview":"max-video-preview:-1"},"canonical":"https:\/\/wwcashmachines.com\/es\/reembolso_devoluciones\/","og_locale":"en_US","og_type":"article","og_title":"Reembolso y devoluciones - Condiciones - Worldwide Cash Machines SL","og_description":"Reembolso y devoluciones - Conozca nuestras condiciones por las que un cliente puede devolver un producto o servicio adquirido.","og_url":"https:\/\/wwcashmachines.com\/es\/reembolso_devoluciones\/","og_site_name":"Worldwide Cash Machines SL","article_modified_time":"2023-03-23T14:00:00+00:00","twitter_card":"summary_large_image","twitter_misc":{"Est. reading time":"1 minute"},"schema":{"@context":"https:\/\/schema.org","@graph":[{"@type":"WebPage","@id":"https:\/\/wwcashmachines.com\/es\/reembolso_devoluciones\/","url":"https:\/\/wwcashmachines.com\/es\/reembolso_devoluciones\/","name":"Reembolso y devoluciones - Condiciones - Worldwide Cash Machines SL","isPartOf":{"@id":"https:\/\/wwcashmachines.com\/es\/#website"},"datePublished":"2021-09-29T11:25:27+00:00","dateModified":"2023-03-23T14:00:00+00:00","description":"Reembolso y devoluciones - Conozca nuestras condiciones por las que un cliente puede devolver un producto o servicio adquirido.","breadcrumb":{"@id":"https:\/\/wwcashmachines.com\/es\/reembolso_devoluciones\/#breadcrumb"},"inLanguage":"en-US","potentialAction":[{"@type":"ReadAction","target":["https:\/\/wwcashmachines.com\/es\/reembolso_devoluciones\/"]}]},{"@type":"BreadcrumbList","@id":"https:\/\/wwcashmachines.com\/es\/reembolso_devoluciones\/#breadcrumb","itemListElement":[{"@type":"ListItem","position":1,"name":"Portada","item":"https:\/\/wwcashmachines.com\/en\/"},{"@type":"ListItem","position":2,"name":"POL\u00cdTICA DE DEVOLUCIONES Y REEMBOLSOS"}]},{"@type":"WebSite","@id":"https:\/\/wwcashmachines.com\/es\/#website","url":"https:\/\/wwcashmachines.com\/es\/","name":"Worldwide Cash Machines SL","description":"Empresa de Cash Management","publisher":{"@id":"https:\/\/wwcashmachines.com\/es\/#organization"},"potentialAction":[{"@type":"SearchAction","target":{"@type":"EntryPoint","urlTemplate":"https:\/\/wwcashmachines.com\/es\/?s={search_term_string}"},"query-input":{"@type":"PropertyValueSpecification","valueRequired":true,"valueName":"search_term_string"}}],"inLanguage":"en-US"},{"@type":"Organization","@id":"https:\/\/wwcashmachines.com\/es\/#organization","name":"Cash Machines S.A.","url":"https:\/\/wwcashmachines.com\/es\/","logo":{"@type":"ImageObject","inLanguage":"en-US","@id":"https:\/\/wwcashmachines.com\/es\/#\/schema\/logo\/image\/","url":"https:\/\/wwcashmachines.com\/wp-content\/uploads\/2021\/07\/cropped-logo-1.png","contentUrl":"https:\/\/wwcashmachines.com\/wp-content\/uploads\/2021\/07\/cropped-logo-1.png","width":263,"height":100,"caption":"Cash Machines S.A."},"image":{"@id":"https:\/\/wwcashmachines.com\/es\/#\/schema\/logo\/image\/"}}]}},"tpgb_featured_images":null,"tpgb_post_meta_info":{"get_date":"29 de September de 2021","get_modified_date":"23 de March de 2023","author_name":"admincash","author_url":"https:\/\/wwcashmachines.com\/en\/author\/admincash\/","author_email":"admincash@wwcashmachines.com","author_website":"","author_description":"","author_facebook":"","author_twitter":"","author_instagram":"","author_role":["administrator"],"author_firstname":"admincash","author_lastname":"","user_login":"admincash","author_avatar":"<img alt='' src='https:\/\/secure.gravatar.com\/avatar\/fb8f538c67de7895706bf7d17f5c961eb06d8d4c9012c4e3465b1f8039645c6a?s=200&#038;d=mm&#038;r=g' srcset='https:\/\/secure.gravatar.com\/avatar\/fb8f538c67de7895706bf7d17f5c961eb06d8d4c9012c4e3465b1f8039645c6a?s=400&#038;d=mm&#038;r=g 2x' class='avatar avatar-200 photo' height='200' width='200' decoding='async'\/>","author_avatar_url":"https:\/\/secure.gravatar.com\/avatar\/fb8f538c67de7895706bf7d17f5c961eb06d8d4c9012c4e3465b1f8039645c6a?s=96&d=mm&r=g","comment_count":0,"post_likes":0,"post_views":0},"tpgb_post_category":[],"_links":{"self":[{"href":"https:\/\/wwcashmachines.com\/en\/wp-json\/wp\/v2\/pages\/7453","targetHints":{"allow":["GET"]}}],"collection":[{"href":"https:\/\/wwcashmachines.com\/en\/wp-json\/wp\/v2\/pages"}],"about":[{"href":"https:\/\/wwcashmachines.com\/en\/wp-json\/wp\/v2\/types\/page"}],"author":[{"embeddable":true,"href":"https:\/\/wwcashmachines.com\/en\/wp-json\/wp\/v2\/users\/8"}],"replies":[{"embeddable":true,"href":"https:\/\/wwcashmachines.com\/en\/wp-json\/wp\/v2\/comments?post=7453"}],"version-history":[{"count":1,"href":"https:\/\/wwcashmachines.com\/en\/wp-json\/wp\/v2\/pages\/7453\/revisions"}],"predecessor-version":[{"id":8123,"href":"https:\/\/wwcashmachines.com\/en\/wp-json\/wp\/v2\/pages\/7453\/revisions\/8123"}],"wp:attachment":[{"href":"https:\/\/wwcashmachines.com\/en\/wp-json\/wp\/v2\/media?parent=7453"}],"curies":[{"name":"wp","href":"https:\/\/api.w.org\/{rel}","templated":true}]}}