{"id":10464,"date":"2023-06-29T10:28:36","date_gmt":"2023-06-29T08:28:36","guid":{"rendered":"https:\/\/wwcashmachines.com\/?post_type=product&#038;p=10464"},"modified":"2023-06-29T11:23:33","modified_gmt":"2023-06-29T09:23:33","slug":"smart-box-cmp","status":"publish","type":"product","link":"https:\/\/wwcashmachines.com\/en\/producto\/smart-box-cmp\/","title":{"rendered":"SMART BOX CMP"},"content":{"rendered":"<p><em><strong>SMART BOX CMP: DEP\u00d3SITO DE MONEDAS INTELIG\u00c9NTE Y AUT\u00d3NOMO<\/strong><\/em><\/p>\n<div>\n<p>Los sistemas inteligentes de monedas <em><strong>Smart Box<\/strong><strong>\u00a0CMP<\/strong><\/em> proporcionan una mejor seguridad del dinero incorporando una caja de acero, una cerradura con llave o electr\u00f3nica de alta calidad, ranuras de dep\u00f3sito anti pesca y sistema de alarmas que avisa el usuario de un intento de entrada forzada.<\/p>\n<div>\n<p><em><strong>SmartBox CMP<\/strong><\/em> incorpora un software de control que proporciona toda la informaci\u00f3n necesaria para una trazabilidad completa de las transacciones en tiempo real, informaci\u00f3n sobre el estado del equipo, la cantidad y valor del efectivo en el sistema de dep\u00f3sito.<\/p>\n<div>\n<p>Utilizar un sistema de deposito en su negocio le permite ahorrar tiempo en cierre de caja, reducir las perdidas desconocidas, asegurar el puesto de caja, tener una mayor trazabilidad de las transacciones.<\/p>\n<p>Agiliza tu negocio con nuestro sistema equipado con las siguientes caracter\u00edsticas:<\/p>\n<div>\n<p>Velocidad conteo del SmartBox CMP 250 monedas \/ min.<\/p>\n<p>Tolva para 30 monedas.<\/p>\n<p>Tama\u00f1o de la unidad esclava: 720 mm x 250 mm x 580 mm.<\/p>\n<p>Tama\u00f1o de la unidad independiente: 1000 mm x 275 mm x 580 mm.<\/p>\n<p>Caja fuerte de 3 mm de grosor + puerta de 6 mm de grosor.<\/p>\n<p>Capacidad de dep\u00f3sito de 3000 a 9.000 monedas en contenedores.<\/p>\n<\/div>\n<\/div>\n<p>&nbsp;<\/p>\n<\/div>\n<\/div>\n<p><!--more--><\/p>\n<p style=\"text-align: center;\"><a href=\"https:\/\/wwcashmachines.com\/es\/deposito-de-efectivo\/\">VER M\u00c1S DEP\u00d3SITOS DE EFECTIVO<\/a><\/p>\n","protected":false},"excerpt":{"rendered":"<h5>Dep\u00f3sito de moneda aut\u00f3nomo<\/h5>\n<p>Sistema de dep\u00f3sito para vol\u00famenes medianos, su uso es ideal en negocios donde la recaudaci\u00f3n diaria supera las 3000 monedas.<\/p>\n","protected":false},"featured_media":10465,"comment_status":"closed","ping_status":"closed","template":"","meta":{"tpgb_global_settings":""},"product_brand":[],"product_cat":[186,187,167,158,191,188,161],"product_tag":[189,190,164,165,181],"class_list":{"0":"post-10464","1":"product","2":"type-product","3":"status-publish","4":"has-post-thumbnail","6":"product_cat-empresas-de-transporte","7":"product_cat-hosteleria-y-comercios","8":"product_cat-salones-recreativos","9":"product_cat-sectores-recreativos","10":"product_cat-smart-box-coin-related","11":"product_cat-smartbox","12":"product_cat-vending","13":"product_tag-empresas-de-transporte","14":"product_tag-hosteleria-y-comercios","15":"product_tag-operadores","16":"product_tag-salones-recreativos","17":"product_tag-vending","19":"first","20":"instock","21":"taxable","22":"shipping-taxable","23":"product-type-simple"},"yoast_head":"<!-- This site is optimized with the Yoast SEO plugin v27.3 - https:\/\/yoast.com\/product\/yoast-seo-wordpress\/ -->\n<title>SMART BOX CMP - Worldwide Cash Machines SL<\/title>\n<meta name=\"description\" content=\"SMART BOX CMP - Sistema de dep\u00f3sito para vol\u00famenes medianos, su uso es ideal en negocios donde la recaudaci\u00f3n diaria supera las 3000 monedas.\" \/>\n<meta name=\"robots\" content=\"index, follow, max-snippet:-1, max-image-preview:large, max-video-preview:-1\" \/>\n<link rel=\"canonical\" href=\"https:\/\/wwcashmachines.com\/es\/producto\/smart-box-cmp\/\" \/>\n<meta property=\"og:locale\" content=\"en_US\" \/>\n<meta property=\"og:type\" content=\"article\" \/>\n<meta property=\"og:title\" content=\"SMART BOX CMP - Worldwide Cash Machines SL\" \/>\n<meta property=\"og:description\" content=\"SMART BOX CMP - Sistema de dep\u00f3sito para vol\u00famenes medianos, su uso es ideal en negocios donde la recaudaci\u00f3n diaria supera las 3000 monedas.\" \/>\n<meta property=\"og:url\" content=\"https:\/\/wwcashmachines.com\/es\/producto\/smart-box-cmp\/\" \/>\n<meta property=\"og:site_name\" content=\"Worldwide Cash Machines SL\" \/>\n<meta property=\"article:modified_time\" content=\"2023-06-29T09:23:33+00:00\" \/>\n<meta property=\"og:image\" content=\"https:\/\/wwcashmachines.com\/wp-content\/uploads\/2023\/06\/WEB-IMAGENES-SMARTBOX-CMP1.png\" \/>\n\t<meta property=\"og:image:width\" content=\"320\" \/>\n\t<meta property=\"og:image:height\" content=\"320\" \/>\n\t<meta property=\"og:image:type\" content=\"image\/png\" \/>\n<meta name=\"twitter:card\" content=\"summary_large_image\" \/>\n<meta name=\"twitter:label1\" content=\"Est. reading time\" \/>\n\t<meta name=\"twitter:data1\" content=\"1 minute\" \/>\n<script type=\"application\/ld+json\" class=\"yoast-schema-graph\">{\"@context\":\"https:\\\/\\\/schema.org\",\"@graph\":[{\"@type\":\"WebPage\",\"@id\":\"https:\\\/\\\/wwcashmachines.com\\\/es\\\/producto\\\/smart-box-cmp\\\/\",\"url\":\"https:\\\/\\\/wwcashmachines.com\\\/es\\\/producto\\\/smart-box-cmp\\\/\",\"name\":\"SMART BOX CMP - Worldwide Cash Machines SL\",\"isPartOf\":{\"@id\":\"https:\\\/\\\/wwcashmachines.com\\\/es\\\/#website\"},\"primaryImageOfPage\":{\"@id\":\"https:\\\/\\\/wwcashmachines.com\\\/es\\\/producto\\\/smart-box-cmp\\\/#primaryimage\"},\"image\":{\"@id\":\"https:\\\/\\\/wwcashmachines.com\\\/es\\\/producto\\\/smart-box-cmp\\\/#primaryimage\"},\"thumbnailUrl\":\"https:\\\/\\\/wwcashmachines.com\\\/wp-content\\\/uploads\\\/2023\\\/06\\\/WEB-IMAGENES-SMARTBOX-CMP1.png\",\"datePublished\":\"2023-06-29T08:28:36+00:00\",\"dateModified\":\"2023-06-29T09:23:33+00:00\",\"description\":\"SMART BOX CMP - Sistema de dep\u00f3sito para vol\u00famenes medianos, su uso es ideal en negocios donde la recaudaci\u00f3n diaria supera las 3000 monedas.\",\"breadcrumb\":{\"@id\":\"https:\\\/\\\/wwcashmachines.com\\\/es\\\/producto\\\/smart-box-cmp\\\/#breadcrumb\"},\"inLanguage\":\"en-US\",\"potentialAction\":[{\"@type\":\"ReadAction\",\"target\":[\"https:\\\/\\\/wwcashmachines.com\\\/es\\\/producto\\\/smart-box-cmp\\\/\"]}]},{\"@type\":\"ImageObject\",\"inLanguage\":\"en-US\",\"@id\":\"https:\\\/\\\/wwcashmachines.com\\\/es\\\/producto\\\/smart-box-cmp\\\/#primaryimage\",\"url\":\"https:\\\/\\\/wwcashmachines.com\\\/wp-content\\\/uploads\\\/2023\\\/06\\\/WEB-IMAGENES-SMARTBOX-CMP1.png\",\"contentUrl\":\"https:\\\/\\\/wwcashmachines.com\\\/wp-content\\\/uploads\\\/2023\\\/06\\\/WEB-IMAGENES-SMARTBOX-CMP1.png\",\"width\":320,\"height\":320,\"caption\":\"Smart Box CMP\"},{\"@type\":\"BreadcrumbList\",\"@id\":\"https:\\\/\\\/wwcashmachines.com\\\/es\\\/producto\\\/smart-box-cmp\\\/#breadcrumb\",\"itemListElement\":[{\"@type\":\"ListItem\",\"position\":1,\"name\":\"Portada\",\"item\":\"https:\\\/\\\/wwcashmachines.com\\\/en\\\/\"},{\"@type\":\"ListItem\",\"position\":2,\"name\":\"Shop\",\"item\":\"https:\\\/\\\/wwcashmachines.com\\\/en\\\/shop-3\\\/\"},{\"@type\":\"ListItem\",\"position\":3,\"name\":\"SMART BOX CMP\"}]},{\"@type\":\"WebSite\",\"@id\":\"https:\\\/\\\/wwcashmachines.com\\\/es\\\/#website\",\"url\":\"https:\\\/\\\/wwcashmachines.com\\\/es\\\/\",\"name\":\"Worldwide Cash Machines SL\",\"description\":\"Empresa de Cash Management\",\"publisher\":{\"@id\":\"https:\\\/\\\/wwcashmachines.com\\\/es\\\/#organization\"},\"potentialAction\":[{\"@type\":\"SearchAction\",\"target\":{\"@type\":\"EntryPoint\",\"urlTemplate\":\"https:\\\/\\\/wwcashmachines.com\\\/es\\\/?s={search_term_string}\"},\"query-input\":{\"@type\":\"PropertyValueSpecification\",\"valueRequired\":true,\"valueName\":\"search_term_string\"}}],\"inLanguage\":\"en-US\"},{\"@type\":\"Organization\",\"@id\":\"https:\\\/\\\/wwcashmachines.com\\\/es\\\/#organization\",\"name\":\"Cash Machines S.A.\",\"url\":\"https:\\\/\\\/wwcashmachines.com\\\/es\\\/\",\"logo\":{\"@type\":\"ImageObject\",\"inLanguage\":\"en-US\",\"@id\":\"https:\\\/\\\/wwcashmachines.com\\\/es\\\/#\\\/schema\\\/logo\\\/image\\\/\",\"url\":\"https:\\\/\\\/wwcashmachines.com\\\/wp-content\\\/uploads\\\/2021\\\/07\\\/cropped-logo-1.png\",\"contentUrl\":\"https:\\\/\\\/wwcashmachines.com\\\/wp-content\\\/uploads\\\/2021\\\/07\\\/cropped-logo-1.png\",\"width\":263,\"height\":100,\"caption\":\"Cash Machines S.A.\"},\"image\":{\"@id\":\"https:\\\/\\\/wwcashmachines.com\\\/es\\\/#\\\/schema\\\/logo\\\/image\\\/\"}}]}<\/script>\n<!-- \/ Yoast SEO plugin. -->","yoast_head_json":{"title":"SMART BOX CMP - Worldwide Cash Machines SL","description":"SMART BOX CMP - Sistema de dep\u00f3sito para vol\u00famenes medianos, su uso es ideal en negocios donde la recaudaci\u00f3n diaria supera las 3000 monedas.","robots":{"index":"index","follow":"follow","max-snippet":"max-snippet:-1","max-image-preview":"max-image-preview:large","max-video-preview":"max-video-preview:-1"},"canonical":"https:\/\/wwcashmachines.com\/es\/producto\/smart-box-cmp\/","og_locale":"en_US","og_type":"article","og_title":"SMART BOX CMP - Worldwide Cash Machines SL","og_description":"SMART BOX CMP - Sistema de dep\u00f3sito para vol\u00famenes medianos, su uso es ideal en negocios donde la recaudaci\u00f3n diaria supera las 3000 monedas.","og_url":"https:\/\/wwcashmachines.com\/es\/producto\/smart-box-cmp\/","og_site_name":"Worldwide Cash Machines SL","article_modified_time":"2023-06-29T09:23:33+00:00","og_image":[{"width":320,"height":320,"url":"https:\/\/wwcashmachines.com\/wp-content\/uploads\/2023\/06\/WEB-IMAGENES-SMARTBOX-CMP1.png","type":"image\/png"}],"twitter_card":"summary_large_image","twitter_misc":{"Est. reading time":"1 minute"},"schema":{"@context":"https:\/\/schema.org","@graph":[{"@type":"WebPage","@id":"https:\/\/wwcashmachines.com\/es\/producto\/smart-box-cmp\/","url":"https:\/\/wwcashmachines.com\/es\/producto\/smart-box-cmp\/","name":"SMART BOX CMP - Worldwide Cash Machines SL","isPartOf":{"@id":"https:\/\/wwcashmachines.com\/es\/#website"},"primaryImageOfPage":{"@id":"https:\/\/wwcashmachines.com\/es\/producto\/smart-box-cmp\/#primaryimage"},"image":{"@id":"https:\/\/wwcashmachines.com\/es\/producto\/smart-box-cmp\/#primaryimage"},"thumbnailUrl":"https:\/\/wwcashmachines.com\/wp-content\/uploads\/2023\/06\/WEB-IMAGENES-SMARTBOX-CMP1.png","datePublished":"2023-06-29T08:28:36+00:00","dateModified":"2023-06-29T09:23:33+00:00","description":"SMART BOX CMP - Sistema de dep\u00f3sito para vol\u00famenes medianos, su uso es ideal en negocios donde la recaudaci\u00f3n diaria supera las 3000 monedas.","breadcrumb":{"@id":"https:\/\/wwcashmachines.com\/es\/producto\/smart-box-cmp\/#breadcrumb"},"inLanguage":"en-US","potentialAction":[{"@type":"ReadAction","target":["https:\/\/wwcashmachines.com\/es\/producto\/smart-box-cmp\/"]}]},{"@type":"ImageObject","inLanguage":"en-US","@id":"https:\/\/wwcashmachines.com\/es\/producto\/smart-box-cmp\/#primaryimage","url":"https:\/\/wwcashmachines.com\/wp-content\/uploads\/2023\/06\/WEB-IMAGENES-SMARTBOX-CMP1.png","contentUrl":"https:\/\/wwcashmachines.com\/wp-content\/uploads\/2023\/06\/WEB-IMAGENES-SMARTBOX-CMP1.png","width":320,"height":320,"caption":"Smart Box CMP"},{"@type":"BreadcrumbList","@id":"https:\/\/wwcashmachines.com\/es\/producto\/smart-box-cmp\/#breadcrumb","itemListElement":[{"@type":"ListItem","position":1,"name":"Portada","item":"https:\/\/wwcashmachines.com\/en\/"},{"@type":"ListItem","position":2,"name":"Shop","item":"https:\/\/wwcashmachines.com\/en\/shop-3\/"},{"@type":"ListItem","position":3,"name":"SMART BOX CMP"}]},{"@type":"WebSite","@id":"https:\/\/wwcashmachines.com\/es\/#website","url":"https:\/\/wwcashmachines.com\/es\/","name":"Worldwide Cash Machines SL","description":"Empresa de Cash Management","publisher":{"@id":"https:\/\/wwcashmachines.com\/es\/#organization"},"potentialAction":[{"@type":"SearchAction","target":{"@type":"EntryPoint","urlTemplate":"https:\/\/wwcashmachines.com\/es\/?s={search_term_string}"},"query-input":{"@type":"PropertyValueSpecification","valueRequired":true,"valueName":"search_term_string"}}],"inLanguage":"en-US"},{"@type":"Organization","@id":"https:\/\/wwcashmachines.com\/es\/#organization","name":"Cash Machines S.A.","url":"https:\/\/wwcashmachines.com\/es\/","logo":{"@type":"ImageObject","inLanguage":"en-US","@id":"https:\/\/wwcashmachines.com\/es\/#\/schema\/logo\/image\/","url":"https:\/\/wwcashmachines.com\/wp-content\/uploads\/2021\/07\/cropped-logo-1.png","contentUrl":"https:\/\/wwcashmachines.com\/wp-content\/uploads\/2021\/07\/cropped-logo-1.png","width":263,"height":100,"caption":"Cash Machines S.A."},"image":{"@id":"https:\/\/wwcashmachines.com\/es\/#\/schema\/logo\/image\/"}}]}},"tpgb_featured_images":{"full":["https:\/\/wwcashmachines.com\/wp-content\/uploads\/2023\/06\/WEB-IMAGENES-SMARTBOX-CMP1.png",320,320,false],"tp-image-grid":["https:\/\/wwcashmachines.com\/wp-content\/uploads\/2023\/06\/WEB-IMAGENES-SMARTBOX-CMP1.png",320,320,false],"thumbnail":["https:\/\/wwcashmachines.com\/wp-content\/uploads\/2023\/06\/WEB-IMAGENES-SMARTBOX-CMP1-150x150.png",150,150,true],"medium":["https:\/\/wwcashmachines.com\/wp-content\/uploads\/2023\/06\/WEB-IMAGENES-SMARTBOX-CMP1-300x300.png",300,300,true],"medium_large":["https:\/\/wwcashmachines.com\/wp-content\/uploads\/2023\/06\/WEB-IMAGENES-SMARTBOX-CMP1.png",320,320,false],"large":["https:\/\/wwcashmachines.com\/wp-content\/uploads\/2023\/06\/WEB-IMAGENES-SMARTBOX-CMP1.png",320,320,false],"default":"https:\/\/wwcashmachines.com\/wp-content\/plugins\/the-plus-addons-for-block-editor\/assets\/images\/tpgb-placeholder.jpg"},"tpgb_post_meta_info":{"get_date":"29 de June de 2023","get_modified_date":"29 de June de 2023","category_list":{"product_brand":false,"product_cat":[{"term_id":186,"name":"Empresas de Transporte","slug":"empresas-de-transporte","term_group":0,"term_taxonomy_id":186,"taxonomy":"product_cat","description":"","parent":0,"count":6,"filter":"raw"},{"term_id":187,"name":"Hosteler\u00eda y Comercios","slug":"hosteleria-y-comercios","term_group":0,"term_taxonomy_id":187,"taxonomy":"product_cat","description":"","parent":0,"count":6,"filter":"raw"},{"term_id":167,"name":"Salones Recreativos","slug":"salones-recreativos","term_group":0,"term_taxonomy_id":167,"taxonomy":"product_cat","description":"","parent":158,"count":21,"filter":"raw"},{"term_id":158,"name":"Sectores Recreativos","slug":"sectores-recreativos","term_group":0,"term_taxonomy_id":158,"taxonomy":"product_cat","description":"","parent":0,"count":9,"filter":"raw"},{"term_id":191,"name":"Smart Box Coin related","slug":"smart-box-coin-related","term_group":0,"term_taxonomy_id":191,"taxonomy":"product_cat","description":"","parent":188,"count":3,"filter":"raw"},{"term_id":188,"name":"SmartBox","slug":"smartbox","term_group":0,"term_taxonomy_id":188,"taxonomy":"product_cat","description":"","parent":217,"count":5,"filter":"raw"},{"term_id":161,"name":"Vending","slug":"vending","term_group":0,"term_taxonomy_id":161,"taxonomy":"product_cat","description":"","parent":0,"count":20,"filter":"raw"}],"product_tag":[{"term_id":189,"name":"Empresas de Transporte","slug":"empresas-de-transporte","term_group":0,"term_taxonomy_id":189,"taxonomy":"product_tag","description":"","parent":0,"count":6,"filter":"raw"},{"term_id":190,"name":"Hosteler\u00eda y Comercios","slug":"hosteleria-y-comercios","term_group":0,"term_taxonomy_id":190,"taxonomy":"product_tag","description":"","parent":0,"count":3,"filter":"raw"},{"term_id":164,"name":"Operadores","slug":"operadores","term_group":0,"term_taxonomy_id":164,"taxonomy":"product_tag","description":"","parent":0,"count":26,"filter":"raw"},{"term_id":165,"name":"Salones Recreativos","slug":"salones-recreativos","term_group":0,"term_taxonomy_id":165,"taxonomy":"product_tag","description":"","parent":0,"count":31,"filter":"raw"},{"term_id":181,"name":"Vending","slug":"vending","term_group":0,"term_taxonomy_id":181,"taxonomy":"product_tag","description":"","parent":0,"count":7,"filter":"raw"}]},"comment_count":0,"post_likes":0,"post_views":0},"tpgb_post_category":{"product_cat":"<a href=\"https:\/\/wwcashmachines.com\/en\/product-category\/empresas-de-transporte\/\" alt=\"Empresas de Transporte\"  class=\"product_cat-empresas-de-transporte\">Empresas de Transporte<\/a> <a href=\"https:\/\/wwcashmachines.com\/en\/product-category\/hosteleria-y-comercios\/\" alt=\"Hosteler\u00eda y Comercios\"  class=\"product_cat-hosteleria-y-comercios\">Hosteler\u00eda y Comercios<\/a> <a href=\"https:\/\/wwcashmachines.com\/en\/product-category\/sectores-recreativos\/salones-recreativos\/\" alt=\"Salones Recreativos\"  class=\"product_cat-salones-recreativos\">Salones Recreativos<\/a> <a href=\"https:\/\/wwcashmachines.com\/en\/product-category\/sectores-recreativos\/\" alt=\"Sectores Recreativos\"  class=\"product_cat-sectores-recreativos\">Sectores Recreativos<\/a> <a href=\"https:\/\/wwcashmachines.com\/en\/product-category\/sistemas\/depositos\/smartbox\/smart-box-coin-related\/\" alt=\"Smart Box Coin related\"  class=\"product_cat-smart-box-coin-related\">Smart Box Coin related<\/a> <a href=\"https:\/\/wwcashmachines.com\/en\/product-category\/sistemas\/depositos\/smartbox\/\" alt=\"SmartBox\"  class=\"product_cat-smartbox\">SmartBox<\/a> <a href=\"https:\/\/wwcashmachines.com\/en\/product-category\/vending\/\" alt=\"Vending\"  class=\"product_cat-vending\">Vending<\/a> ","product_tag":"<a href=\"https:\/\/wwcashmachines.com\/es\/product-tag\/empresas-de-transporte\/\" alt=\"Empresas de Transporte\"  class=\"product_tag-empresas-de-transporte\">Empresas de Transporte<\/a> <a href=\"https:\/\/wwcashmachines.com\/es\/product-tag\/hosteleria-y-comercios\/\" alt=\"Hosteler\u00eda y Comercios\"  class=\"product_tag-hosteleria-y-comercios\">Hosteler\u00eda y Comercios<\/a> <a href=\"https:\/\/wwcashmachines.com\/es\/product-tag\/operadores\/\" alt=\"Operadores\"  class=\"product_tag-operadores\">Operadores<\/a> <a href=\"https:\/\/wwcashmachines.com\/es\/product-tag\/salones-recreativos\/\" alt=\"Salones Recreativos\"  class=\"product_tag-salones-recreativos\">Salones Recreativos<\/a> <a href=\"https:\/\/wwcashmachines.com\/es\/product-tag\/vending\/\" alt=\"Vending\"  class=\"product_tag-vending\">Vending<\/a> "},"tpgb_product_data":{"price_html":"","type":"simple","gallery":["https:\/\/wwcashmachines.com\/wp-content\/uploads\/2023\/06\/WEB-IMAGENES-SMARTBOX-CMP2.png",320,320,false],"category":"Empresas de Transporte","procatslug":"empresas-de-transporte"},"_links":{"self":[{"href":"https:\/\/wwcashmachines.com\/en\/wp-json\/wp\/v2\/product\/10464","targetHints":{"allow":["GET"]}}],"collection":[{"href":"https:\/\/wwcashmachines.com\/en\/wp-json\/wp\/v2\/product"}],"about":[{"href":"https:\/\/wwcashmachines.com\/en\/wp-json\/wp\/v2\/types\/product"}],"replies":[{"embeddable":true,"href":"https:\/\/wwcashmachines.com\/en\/wp-json\/wp\/v2\/comments?post=10464"}],"wp:featuredmedia":[{"embeddable":true,"href":"https:\/\/wwcashmachines.com\/en\/wp-json\/wp\/v2\/media\/10465"}],"wp:attachment":[{"href":"https:\/\/wwcashmachines.com\/en\/wp-json\/wp\/v2\/media?parent=10464"}],"wp:term":[{"taxonomy":"product_brand","embeddable":true,"href":"https:\/\/wwcashmachines.com\/en\/wp-json\/wp\/v2\/product_brand?post=10464"},{"taxonomy":"product_cat","embeddable":true,"href":"https:\/\/wwcashmachines.com\/en\/wp-json\/wp\/v2\/product_cat?post=10464"},{"taxonomy":"product_tag","embeddable":true,"href":"https:\/\/wwcashmachines.com\/en\/wp-json\/wp\/v2\/product_tag?post=10464"}],"curies":[{"name":"wp","href":"https:\/\/api.w.org\/{rel}","templated":true}]}}