{"id":2926,"date":"2021-04-27T21:45:57","date_gmt":"2021-04-27T21:45:57","guid":{"rendered":"https:\/\/wwcashm.com\/?post_type=product&#038;p=2926"},"modified":"2023-06-07T09:45:41","modified_gmt":"2023-06-07T07:45:41","slug":"ecc-02","status":"publish","type":"product","link":"https:\/\/wwcashmachines.com\/en\/producto\/ecc-02\/","title":{"rendered":"ECC 02"},"content":{"rendered":"<p><em><strong>ECC 02: CLASIFICADORA DE MONEDAS<\/strong><\/em><\/p>\n<p><span data-contrast=\"none\">De fabricaci\u00f3n alemana. La m\u00e1quina incorpora una asa robusta para el transporte y tiene salida a 5 cajones. Se trata de una de las clasificadoras m\u00e1s fiables del mercado gracias a su cepillo de conducci\u00f3n que se deshace de la suciedad en las monedas y sufre menos desgaste. Preselecci\u00f3n de conteo por lotes, totales o especificados por el usuario. Motor con marcha reversible y teclado mec\u00e1nico.<\/span><\/p>\n<p><span data-contrast=\"none\"><strong>M\u00e1quina transportable &#8211; <\/strong>Asa robusta que facilita el transporte de la m\u00e1quina.\u00a0<\/span><\/p>\n<p><span data-contrast=\"none\"><strong>R\u00e1pida &#8211;<\/strong> Cuenta y clasifica 1500 monedas por minuto. <\/span><span data-ccp-props=\"{&quot;201341983&quot;:0,&quot;335559739&quot;:160,&quot;335559740&quot;:259}\">\u00a0<\/span><\/p>\n<p><span data-contrast=\"none\"><strong>Cuenta y clasifica 5 denominaciones &#8211; <\/strong>La <em>ECC-02<\/em> dispone de salida a 5 cajones integrados. <\/span><span data-ccp-props=\"{&quot;201341983&quot;:0,&quot;335559739&quot;:160,&quot;335559740&quot;:259}\">\u00a0<\/span><\/p>\n<p>&nbsp;<\/p>\n<p><!--more--><\/p>\n<p style=\"text-align: center;\"><a href=\"https:\/\/wwcashmachines.com\/es\/tratamiento-de-efectivo\/monedas\/clasificadoras-de-monedas\/\">VER M\u00c1S CLASIFICADORAS DE MONEDAS<\/a><\/p>\n<p>&nbsp;<\/p>\n","protected":false},"excerpt":{"rendered":"<p><strong>Clasificadora de monedas transportable\u00a0\u00a0<\/strong><\/p>\n<p>Clasificadora de monedas transportable de fabricaci\u00f3n alemana. Cuenta y clasifica r\u00e1pidamente hasta cinco denominaciones.<\/p>\n","protected":false},"featured_media":0,"comment_status":"open","ping_status":"closed","template":"","meta":{"tpgb_global_settings":""},"product_brand":[],"product_cat":[157,166,156,159,168,167],"product_tag":[],"class_list":{"0":"post-2926","1":"product","2":"type-product","3":"status-publish","5":"product_cat-clasificadora-de-monedas","6":"product_cat-maquinas-portables-de-contaje-de-monedas","7":"product_cat-monedas","8":"product_cat-operadores","9":"product_cat-optimizacion-del-tratamiento-de-monedas-salones-recreativos","10":"product_cat-salones-recreativos","12":"first","13":"instock","14":"taxable","15":"shipping-taxable","16":"product-type-simple"},"yoast_head":"<!-- This site is optimized with the Yoast SEO plugin v27.3 - https:\/\/yoast.com\/product\/yoast-seo-wordpress\/ -->\n<title>ECC 02 - Contadora clasificadora de monedas \u00bb Worldwide Cash Machines SL<\/title>\n<meta name=\"description\" content=\"ECC 02 es la clasificadora de monedas transportable de fabricaci\u00f3n alemana. Cuenta y clasifica r\u00e1pidamente hasta cinco denominaciones.\" \/>\n<meta name=\"robots\" content=\"index, follow, max-snippet:-1, max-image-preview:large, max-video-preview:-1\" \/>\n<link rel=\"canonical\" href=\"https:\/\/wwcashmachines.com\/es\/producto\/ecc-02\/\" \/>\n<meta property=\"og:locale\" content=\"en_US\" \/>\n<meta property=\"og:type\" content=\"article\" \/>\n<meta property=\"og:title\" content=\"Worldwide Cash Machines SL - ECC 02\" \/>\n<meta property=\"og:description\" content=\"ECC 02 es la clasificadora de monedas transportable de fabricaci\u00f3n alemana. Cuenta y clasifica r\u00e1pidamente hasta cinco denominaciones.\" \/>\n<meta property=\"og:url\" content=\"https:\/\/wwcashmachines.com\/es\/producto\/ecc-02\/\" \/>\n<meta property=\"og:site_name\" content=\"Worldwide Cash Machines SL\" \/>\n<meta property=\"article:modified_time\" content=\"2023-06-07T07:45:41+00:00\" \/>\n<meta property=\"og:image\" content=\"https:\/\/wwcashmachines.com\/wp-content\/uploads\/2021\/04\/Tratamiento-de-efectivo-monedas-contadora-de-monedas-transportable-ECC-02.png\" \/>\n\t<meta property=\"og:image:width\" content=\"623\" \/>\n\t<meta property=\"og:image:height\" content=\"475\" \/>\n\t<meta property=\"og:image:type\" content=\"image\/png\" \/>\n<meta name=\"twitter:card\" content=\"summary_large_image\" \/>\n<meta name=\"twitter:title\" content=\"Worldwide Cash Machines SL - ECC 02\" \/>\n<meta name=\"twitter:label1\" content=\"Est. reading time\" \/>\n\t<meta name=\"twitter:data1\" content=\"1 minute\" \/>\n<script type=\"application\/ld+json\" class=\"yoast-schema-graph\">{\"@context\":\"https:\\\/\\\/schema.org\",\"@graph\":[{\"@type\":\"WebPage\",\"@id\":\"https:\\\/\\\/wwcashmachines.com\\\/es\\\/producto\\\/ecc-02\\\/\",\"url\":\"https:\\\/\\\/wwcashmachines.com\\\/es\\\/producto\\\/ecc-02\\\/\",\"name\":\"ECC 02 - Contadora clasificadora de monedas \u00bb Worldwide Cash Machines SL\",\"isPartOf\":{\"@id\":\"https:\\\/\\\/wwcashmachines.com\\\/es\\\/#website\"},\"datePublished\":\"2021-04-27T21:45:57+00:00\",\"dateModified\":\"2023-06-07T07:45:41+00:00\",\"description\":\"ECC 02 es la clasificadora de monedas transportable de fabricaci\u00f3n alemana. Cuenta y clasifica r\u00e1pidamente hasta cinco denominaciones.\",\"breadcrumb\":{\"@id\":\"https:\\\/\\\/wwcashmachines.com\\\/es\\\/producto\\\/ecc-02\\\/#breadcrumb\"},\"inLanguage\":\"en-US\",\"potentialAction\":[{\"@type\":\"ReadAction\",\"target\":[\"https:\\\/\\\/wwcashmachines.com\\\/es\\\/producto\\\/ecc-02\\\/\"]}]},{\"@type\":\"BreadcrumbList\",\"@id\":\"https:\\\/\\\/wwcashmachines.com\\\/es\\\/producto\\\/ecc-02\\\/#breadcrumb\",\"itemListElement\":[{\"@type\":\"ListItem\",\"position\":1,\"name\":\"Portada\",\"item\":\"https:\\\/\\\/wwcashmachines.com\\\/en\\\/\"},{\"@type\":\"ListItem\",\"position\":2,\"name\":\"Shop\",\"item\":\"https:\\\/\\\/wwcashmachines.com\\\/en\\\/shop-3\\\/\"},{\"@type\":\"ListItem\",\"position\":3,\"name\":\"ECC 02\"}]},{\"@type\":\"WebSite\",\"@id\":\"https:\\\/\\\/wwcashmachines.com\\\/es\\\/#website\",\"url\":\"https:\\\/\\\/wwcashmachines.com\\\/es\\\/\",\"name\":\"Worldwide Cash Machines SL\",\"description\":\"Empresa de Cash Management\",\"publisher\":{\"@id\":\"https:\\\/\\\/wwcashmachines.com\\\/es\\\/#organization\"},\"potentialAction\":[{\"@type\":\"SearchAction\",\"target\":{\"@type\":\"EntryPoint\",\"urlTemplate\":\"https:\\\/\\\/wwcashmachines.com\\\/es\\\/?s={search_term_string}\"},\"query-input\":{\"@type\":\"PropertyValueSpecification\",\"valueRequired\":true,\"valueName\":\"search_term_string\"}}],\"inLanguage\":\"en-US\"},{\"@type\":\"Organization\",\"@id\":\"https:\\\/\\\/wwcashmachines.com\\\/es\\\/#organization\",\"name\":\"Cash Machines S.A.\",\"url\":\"https:\\\/\\\/wwcashmachines.com\\\/es\\\/\",\"logo\":{\"@type\":\"ImageObject\",\"inLanguage\":\"en-US\",\"@id\":\"https:\\\/\\\/wwcashmachines.com\\\/es\\\/#\\\/schema\\\/logo\\\/image\\\/\",\"url\":\"https:\\\/\\\/wwcashmachines.com\\\/wp-content\\\/uploads\\\/2021\\\/07\\\/cropped-logo-1.png\",\"contentUrl\":\"https:\\\/\\\/wwcashmachines.com\\\/wp-content\\\/uploads\\\/2021\\\/07\\\/cropped-logo-1.png\",\"width\":263,\"height\":100,\"caption\":\"Cash Machines S.A.\"},\"image\":{\"@id\":\"https:\\\/\\\/wwcashmachines.com\\\/es\\\/#\\\/schema\\\/logo\\\/image\\\/\"}}]}<\/script>\n<!-- \/ Yoast SEO plugin. -->","yoast_head_json":{"title":"ECC 02 - Contadora clasificadora de monedas \u00bb Worldwide Cash Machines SL","description":"ECC 02 es la clasificadora de monedas transportable de fabricaci\u00f3n alemana. Cuenta y clasifica r\u00e1pidamente hasta cinco denominaciones.","robots":{"index":"index","follow":"follow","max-snippet":"max-snippet:-1","max-image-preview":"max-image-preview:large","max-video-preview":"max-video-preview:-1"},"canonical":"https:\/\/wwcashmachines.com\/es\/producto\/ecc-02\/","og_locale":"en_US","og_type":"article","og_title":"Worldwide Cash Machines SL - ECC 02","og_description":"ECC 02 es la clasificadora de monedas transportable de fabricaci\u00f3n alemana. Cuenta y clasifica r\u00e1pidamente hasta cinco denominaciones.","og_url":"https:\/\/wwcashmachines.com\/es\/producto\/ecc-02\/","og_site_name":"Worldwide Cash Machines SL","article_modified_time":"2023-06-07T07:45:41+00:00","og_image":[{"width":623,"height":475,"url":"https:\/\/wwcashmachines.com\/wp-content\/uploads\/2021\/04\/Tratamiento-de-efectivo-monedas-contadora-de-monedas-transportable-ECC-02.png","type":"image\/png"}],"twitter_card":"summary_large_image","twitter_title":"Worldwide Cash Machines SL - ECC 02","twitter_misc":{"Est. reading time":"1 minute"},"schema":{"@context":"https:\/\/schema.org","@graph":[{"@type":"WebPage","@id":"https:\/\/wwcashmachines.com\/es\/producto\/ecc-02\/","url":"https:\/\/wwcashmachines.com\/es\/producto\/ecc-02\/","name":"ECC 02 - Contadora clasificadora de monedas \u00bb Worldwide Cash Machines SL","isPartOf":{"@id":"https:\/\/wwcashmachines.com\/es\/#website"},"datePublished":"2021-04-27T21:45:57+00:00","dateModified":"2023-06-07T07:45:41+00:00","description":"ECC 02 es la clasificadora de monedas transportable de fabricaci\u00f3n alemana. Cuenta y clasifica r\u00e1pidamente hasta cinco denominaciones.","breadcrumb":{"@id":"https:\/\/wwcashmachines.com\/es\/producto\/ecc-02\/#breadcrumb"},"inLanguage":"en-US","potentialAction":[{"@type":"ReadAction","target":["https:\/\/wwcashmachines.com\/es\/producto\/ecc-02\/"]}]},{"@type":"BreadcrumbList","@id":"https:\/\/wwcashmachines.com\/es\/producto\/ecc-02\/#breadcrumb","itemListElement":[{"@type":"ListItem","position":1,"name":"Portada","item":"https:\/\/wwcashmachines.com\/en\/"},{"@type":"ListItem","position":2,"name":"Shop","item":"https:\/\/wwcashmachines.com\/en\/shop-3\/"},{"@type":"ListItem","position":3,"name":"ECC 02"}]},{"@type":"WebSite","@id":"https:\/\/wwcashmachines.com\/es\/#website","url":"https:\/\/wwcashmachines.com\/es\/","name":"Worldwide Cash Machines SL","description":"Empresa de Cash Management","publisher":{"@id":"https:\/\/wwcashmachines.com\/es\/#organization"},"potentialAction":[{"@type":"SearchAction","target":{"@type":"EntryPoint","urlTemplate":"https:\/\/wwcashmachines.com\/es\/?s={search_term_string}"},"query-input":{"@type":"PropertyValueSpecification","valueRequired":true,"valueName":"search_term_string"}}],"inLanguage":"en-US"},{"@type":"Organization","@id":"https:\/\/wwcashmachines.com\/es\/#organization","name":"Cash Machines S.A.","url":"https:\/\/wwcashmachines.com\/es\/","logo":{"@type":"ImageObject","inLanguage":"en-US","@id":"https:\/\/wwcashmachines.com\/es\/#\/schema\/logo\/image\/","url":"https:\/\/wwcashmachines.com\/wp-content\/uploads\/2021\/07\/cropped-logo-1.png","contentUrl":"https:\/\/wwcashmachines.com\/wp-content\/uploads\/2021\/07\/cropped-logo-1.png","width":263,"height":100,"caption":"Cash Machines S.A."},"image":{"@id":"https:\/\/wwcashmachines.com\/es\/#\/schema\/logo\/image\/"}}]}},"tpgb_featured_images":null,"tpgb_post_meta_info":{"get_date":"27 de April de 2021","get_modified_date":"7 de June de 2023","category_list":{"product_brand":false,"product_cat":[{"term_id":157,"name":"Clasificadora de Monedas","slug":"clasificadora-de-monedas","term_group":0,"term_taxonomy_id":157,"taxonomy":"product_cat","description":"","parent":156,"count":12,"filter":"raw"},{"term_id":166,"name":"Maquinas portables de contaje de monedas","slug":"maquinas-portables-de-contaje-de-monedas","term_group":0,"term_taxonomy_id":166,"taxonomy":"product_cat","description":"","parent":159,"count":7,"filter":"raw"},{"term_id":156,"name":"Monedas","slug":"monedas","term_group":0,"term_taxonomy_id":156,"taxonomy":"product_cat","description":"","parent":0,"count":20,"filter":"raw"},{"term_id":159,"name":"Operadores","slug":"operadores","term_group":0,"term_taxonomy_id":159,"taxonomy":"product_cat","description":"","parent":158,"count":22,"filter":"raw"},{"term_id":168,"name":"optimizacion del tratamiento de monedas salones recreativos","slug":"optimizacion-del-tratamiento-de-monedas-salones-recreativos","term_group":0,"term_taxonomy_id":168,"taxonomy":"product_cat","description":"","parent":167,"count":6,"filter":"raw"},{"term_id":167,"name":"Salones Recreativos","slug":"salones-recreativos","term_group":0,"term_taxonomy_id":167,"taxonomy":"product_cat","description":"","parent":158,"count":21,"filter":"raw"}],"product_tag":false},"comment_count":0,"post_likes":0,"post_views":0},"tpgb_post_category":{"product_cat":"<a href=\"https:\/\/wwcashmachines.com\/en\/product-category\/monedas\/clasificadora-de-monedas\/\" alt=\"Clasificadora de Monedas\"  class=\"product_cat-clasificadora-de-monedas\">Clasificadora de Monedas<\/a> <a href=\"https:\/\/wwcashmachines.com\/en\/product-category\/sectores-recreativos\/operadores\/maquinas-portables-de-contaje-de-monedas\/\" alt=\"Maquinas portables de contaje de monedas\"  class=\"product_cat-maquinas-portables-de-contaje-de-monedas\">Maquinas portables de contaje de monedas<\/a> <a href=\"https:\/\/wwcashmachines.com\/en\/product-category\/monedas\/\" alt=\"Monedas\"  class=\"product_cat-monedas\">Monedas<\/a> <a href=\"https:\/\/wwcashmachines.com\/en\/product-category\/sectores-recreativos\/operadores\/\" alt=\"Operadores\"  class=\"product_cat-operadores\">Operadores<\/a> <a href=\"https:\/\/wwcashmachines.com\/en\/product-category\/sectores-recreativos\/salones-recreativos\/optimizacion-del-tratamiento-de-monedas-salones-recreativos\/\" alt=\"optimizacion del tratamiento de monedas salones recreativos\"  class=\"product_cat-optimizacion-del-tratamiento-de-monedas-salones-recreativos\">optimizacion del tratamiento de monedas salones recreativos<\/a> <a href=\"https:\/\/wwcashmachines.com\/en\/product-category\/sectores-recreativos\/salones-recreativos\/\" alt=\"Salones Recreativos\"  class=\"product_cat-salones-recreativos\">Salones Recreativos<\/a> "},"tpgb_product_data":{"price_html":"","type":"simple","gallery":["https:\/\/wwcashmachines.com\/wp-content\/uploads\/2021\/04\/Tratamiento-de-efectivo-monedas-contadora-de-monedas-transportable-ECC-02-02.png",2480,3508,false],"category":"Clasificadora de Monedas","procatslug":"clasificadora-de-monedas"},"_links":{"self":[{"href":"https:\/\/wwcashmachines.com\/en\/wp-json\/wp\/v2\/product\/2926","targetHints":{"allow":["GET"]}}],"collection":[{"href":"https:\/\/wwcashmachines.com\/en\/wp-json\/wp\/v2\/product"}],"about":[{"href":"https:\/\/wwcashmachines.com\/en\/wp-json\/wp\/v2\/types\/product"}],"replies":[{"embeddable":true,"href":"https:\/\/wwcashmachines.com\/en\/wp-json\/wp\/v2\/comments?post=2926"}],"wp:attachment":[{"href":"https:\/\/wwcashmachines.com\/en\/wp-json\/wp\/v2\/media?parent=2926"}],"wp:term":[{"taxonomy":"product_brand","embeddable":true,"href":"https:\/\/wwcashmachines.com\/en\/wp-json\/wp\/v2\/product_brand?post=2926"},{"taxonomy":"product_cat","embeddable":true,"href":"https:\/\/wwcashmachines.com\/en\/wp-json\/wp\/v2\/product_cat?post=2926"},{"taxonomy":"product_tag","embeddable":true,"href":"https:\/\/wwcashmachines.com\/en\/wp-json\/wp\/v2\/product_tag?post=2926"}],"curies":[{"name":"wp","href":"https:\/\/api.w.org\/{rel}","templated":true}]}}