{"id":11755,"date":"2025-11-11T11:00:23","date_gmt":"2025-11-11T09:00:23","guid":{"rendered":"https:\/\/wwcashmachines.com\/?page_id=11755"},"modified":"2025-11-11T16:32:53","modified_gmt":"2025-11-11T14:32:53","slug":"mantenimiento","status":"publish","type":"page","link":"https:\/\/wwcashmachines.com\/es\/mantenimiento\/","title":{"rendered":""},"content":{"rendered":"\t\t<div data-elementor-type=\"wp-page\" data-elementor-id=\"11755\" class=\"elementor elementor-11755\" data-elementor-post-type=\"page\">\n\t\t\t\t\t\t<section class=\"has_eae_slider elementor-section elementor-top-section elementor-element elementor-element-2b1752e elementor-section-boxed elementor-section-height-default elementor-section-height-default\" data-eae-slider=\"56191\" data-id=\"2b1752e\" data-element_type=\"section\" data-e-type=\"section\">\n\t\t\t\t\t\t<div class=\"elementor-container elementor-column-gap-default\">\n\t\t\t\t\t<div class=\"has_eae_slider elementor-column elementor-col-100 elementor-top-column elementor-element elementor-element-041bf95\" data-eae-slider=\"2856\" data-id=\"041bf95\" data-element_type=\"column\" data-e-type=\"column\">\n\t\t\t<div class=\"elementor-widget-wrap elementor-element-populated\">\n\t\t\t\t\t\t<div class=\"elementor-element elementor-element-82660dc elementor-widget elementor-widget-video\" data-id=\"82660dc\" data-element_type=\"widget\" data-e-type=\"widget\" data-settings=\"{&quot;video_type&quot;:&quot;hosted&quot;,&quot;autoplay&quot;:&quot;yes&quot;,&quot;play_on_mobile&quot;:&quot;yes&quot;,&quot;loop&quot;:&quot;yes&quot;}\" data-widget_type=\"video.default\">\n\t\t\t\t<div class=\"elementor-widget-container\">\n\t\t\t\t\t\t\t<div class=\"e-hosted-video elementor-wrapper elementor-open-inline\">\n\t\t\t\t\t<video class=\"elementor-video\" src=\"https:\/\/wwcashmachines.com\/wp-content\/uploads\/2025\/08\/wwcashmachines.mp4\" autoplay=\"\" loop=\"\" playsinline=\"\" controlsList=\"nodownload\"><\/video>\n\t\t\t\t<\/div>\n\t\t\t\t\t\t<\/div>\n\t\t\t\t<\/div>\n\t\t\t\t\t<\/div>\n\t\t<\/div>\n\t\t\t\t\t<\/div>\n\t\t<\/section>\n\t\t\t\t<section class=\"has_eae_slider elementor-section elementor-top-section elementor-element elementor-element-7ef51c1 elementor-section-boxed elementor-section-height-default elementor-section-height-default\" data-eae-slider=\"50955\" data-id=\"7ef51c1\" data-element_type=\"section\" data-e-type=\"section\">\n\t\t\t\t\t\t<div class=\"elementor-container elementor-column-gap-default\">\n\t\t\t\t\t<div class=\"has_eae_slider elementor-column elementor-col-100 elementor-top-column elementor-element elementor-element-e03e6aa\" data-eae-slider=\"34967\" data-id=\"e03e6aa\" data-element_type=\"column\" data-e-type=\"column\">\n\t\t\t<div class=\"elementor-widget-wrap elementor-element-populated\">\n\t\t\t\t\t\t<div class=\"elementor-element elementor-element-b70d576 elementor-widget elementor-widget-heading\" data-id=\"b70d576\" data-element_type=\"widget\" data-e-type=\"widget\" data-widget_type=\"heading.default\">\n\t\t\t\t<div class=\"elementor-widget-container\">\n\t\t\t\t\t<h2 class=\"elementor-heading-title elementor-size-default\">SERVICIO POSTVENTA Y MANTENIMIENTO<\/h2>\t\t\t\t<\/div>\n\t\t\t\t<\/div>\n\t\t\t\t<div class=\"elementor-element elementor-element-ed67278 elementor-widget elementor-widget-text-editor\" data-id=\"ed67278\" data-element_type=\"widget\" data-e-type=\"widget\" data-widget_type=\"text-editor.default\">\n\t\t\t\t<div class=\"elementor-widget-container\">\n\t\t\t\t\t\t\t\t\t<p data-start=\"124\" data-end=\"298\">Ofrecemos&nbsp;<strong data-start=\"227\" data-end=\"295\">reparaciones y servicio postventa en todo el territorio nacional, <\/strong>gracias a un equipo t\u00e9cnico que cuenta<span style=\"font-family: Roboto, sans-serif; font-size: 16px;\">&nbsp;con m\u00e1s de 20 a\u00f1os de experiencia en el sector del tratamiento de efectivo<\/span><span style=\"font-size: 16px;\">.<\/span><\/p>\n<p data-start=\"300\" data-end=\"481\">Adem\u00e1s, proporcionamos <strong data-start=\"323\" data-end=\"371\">mantenimiento especializado en toda Catalu\u00f1a<\/strong>, con experiencia en <strong data-start=\"392\" data-end=\"415\">grandes superficies<\/strong>, asegurando que sus equipos funcionen siempre de manera \u00f3ptima&nbsp;<strong data-start=\"483\" data-end=\"508\" style=\"font-size: 16px;\">Contacta con nosotros<\/strong><span style=\"font-size: 16px;\"> para conocer c\u00f3mo podemos adaptar nuestros servicios de mantenimiento a tus necesidades.<\/span><\/p>\t\t\t\t\t\t\t\t<\/div>\n\t\t\t\t<\/div>\n\t\t\t\t<div class=\"elementor-element elementor-element-5c6603e elementor-headline--style-highlight elementor-widget elementor-widget-animated-headline\" data-id=\"5c6603e\" data-element_type=\"widget\" data-e-type=\"widget\" data-settings=\"{&quot;marker&quot;:&quot;underline_zigzag&quot;,&quot;highlighted_text&quot;:&quot;mantenimientos:&quot;,&quot;headline_style&quot;:&quot;highlight&quot;,&quot;loop&quot;:&quot;yes&quot;,&quot;highlight_animation_duration&quot;:1200,&quot;highlight_iteration_delay&quot;:8000}\" data-widget_type=\"animated-headline.default\">\n\t\t\t\t<div class=\"elementor-widget-container\">\n\t\t\t\t\t\t\t<h3 class=\"elementor-headline\">\n\t\t\t\t\t<span class=\"elementor-headline-plain-text elementor-headline-text-wrapper\">Nuestros<\/span>\n\t\t\t\t<span class=\"elementor-headline-dynamic-wrapper elementor-headline-text-wrapper\">\n\t\t\t\t\t<span class=\"elementor-headline-dynamic-text elementor-headline-text-active\">mantenimientos:<\/span>\n\t\t\t\t<\/span>\n\t\t\t\t<\/h3>\n\t\t\t\t\t\t<\/div>\n\t\t\t\t<\/div>\n\t\t\t\t<div class=\"elementor-element elementor-element-5ef8489 elementor-widget elementor-widget-image\" data-id=\"5ef8489\" data-element_type=\"widget\" data-e-type=\"widget\" data-widget_type=\"image.default\">\n\t\t\t\t<div class=\"elementor-widget-container\">\n\t\t\t\t\t\t\t\t\t\t\t\t\t\t\t<img fetchpriority=\"high\" decoding=\"async\" width=\"992\" height=\"496\" src=\"https:\/\/wwcashmachines.com\/wp-content\/uploads\/2025\/11\/mantenimiento-30x15.jpg\" class=\"attachment-large size-large wp-image-11766 lazy-img\" alt=\"mantenimiento\" srcset=\"https:\/\/wwcashmachines.com\/wp-content\/uploads\/2025\/11\/mantenimiento-30x15.jpg 100w\" sizes=\"(max-width: 992px) 100vw, 992px\" data-src=\"https:\/\/wwcashmachines.com\/wp-content\/uploads\/2025\/11\/mantenimiento-1024x512.jpg\" data-srcset=\"https:\/\/wwcashmachines.com\/wp-content\/uploads\/2025\/11\/mantenimiento-1024x512.jpg 1024w, https:\/\/wwcashmachines.com\/wp-content\/uploads\/2025\/11\/mantenimiento-300x150.jpg 300w, https:\/\/wwcashmachines.com\/wp-content\/uploads\/2025\/11\/mantenimiento-768x384.jpg 768w, https:\/\/wwcashmachines.com\/wp-content\/uploads\/2025\/11\/mantenimiento-1536x768.jpg 1536w, https:\/\/wwcashmachines.com\/wp-content\/uploads\/2025\/11\/mantenimiento-2048x1024.jpg 2048w, https:\/\/wwcashmachines.com\/wp-content\/uploads\/2025\/11\/mantenimiento-400x200.jpg 400w, https:\/\/wwcashmachines.com\/wp-content\/uploads\/2025\/11\/mantenimiento-30x15.jpg 30w\" \/>\t\t\t\t\t\t\t\t\t\t\t\t\t\t\t<\/div>\n\t\t\t\t<\/div>\n\t\t\t\t<section class=\"has_eae_slider elementor-section elementor-inner-section elementor-element elementor-element-4b2acee elementor-section-boxed elementor-section-height-default elementor-section-height-default\" data-eae-slider=\"92408\" data-id=\"4b2acee\" data-element_type=\"section\" data-e-type=\"section\">\n\t\t\t\t\t\t<div class=\"elementor-container elementor-column-gap-default\">\n\t\t\t\t\t<div class=\"has_eae_slider elementor-column elementor-col-50 elementor-inner-column elementor-element elementor-element-06d8788\" data-eae-slider=\"14995\" data-id=\"06d8788\" data-element_type=\"column\" data-e-type=\"column\">\n\t\t\t<div class=\"elementor-widget-wrap elementor-element-populated\">\n\t\t\t\t\t\t<div class=\"elementor-element elementor-element-31386ef elementor-align-center elementor-widget elementor-widget-button\" data-id=\"31386ef\" data-element_type=\"widget\" data-e-type=\"widget\" data-widget_type=\"button.default\">\n\t\t\t\t<div class=\"elementor-widget-container\">\n\t\t\t\t\t\t\t\t\t<div class=\"elementor-button-wrapper\">\n\t\t\t\t\t<a class=\"elementor-button elementor-button-link elementor-size-sm\" href=\"https:\/\/wwcashmachines.com\/es\/\">\n\t\t\t\t\t\t<span class=\"elementor-button-content-wrapper\">\n\t\t\t\t\t\t<span class=\"elementor-button-icon\">\n\t\t\t\t<i aria-hidden=\"true\" class=\"fas fa-home\"><\/i>\t\t\t<\/span>\n\t\t\t\t\t\t\t\t\t<span class=\"elementor-button-text\">INICIO<\/span>\n\t\t\t\t\t<\/span>\n\t\t\t\t\t<\/a>\n\t\t\t\t<\/div>\n\t\t\t\t\t\t\t\t<\/div>\n\t\t\t\t<\/div>\n\t\t\t\t\t<\/div>\n\t\t<\/div>\n\t\t\t\t<div class=\"has_eae_slider elementor-column elementor-col-50 elementor-inner-column elementor-element elementor-element-544996c\" data-eae-slider=\"54245\" data-id=\"544996c\" data-element_type=\"column\" data-e-type=\"column\">\n\t\t\t<div class=\"elementor-widget-wrap elementor-element-populated\">\n\t\t\t\t\t\t<div class=\"elementor-element elementor-element-b19639a elementor-align-center elementor-widget elementor-widget-button\" data-id=\"b19639a\" data-element_type=\"widget\" data-e-type=\"widget\" data-widget_type=\"button.default\">\n\t\t\t\t<div class=\"elementor-widget-container\">\n\t\t\t\t\t\t\t\t\t<div class=\"elementor-button-wrapper\">\n\t\t\t\t\t<a class=\"elementor-button elementor-button-link elementor-size-sm\" href=\"https:\/\/wwcashmachines.com\/es\/sistemas-de-gestion\/\">\n\t\t\t\t\t\t<span class=\"elementor-button-content-wrapper\">\n\t\t\t\t\t\t<span class=\"elementor-button-icon\">\n\t\t\t\t<i aria-hidden=\"true\" class=\"fas fa-list\"><\/i>\t\t\t<\/span>\n\t\t\t\t\t\t\t\t\t<span class=\"elementor-button-text\">SISTEMAS DE GESTI\u00d3N<\/span>\n\t\t\t\t\t<\/span>\n\t\t\t\t\t<\/a>\n\t\t\t\t<\/div>\n\t\t\t\t\t\t\t\t<\/div>\n\t\t\t\t<\/div>\n\t\t\t\t\t<\/div>\n\t\t<\/div>\n\t\t\t\t\t<\/div>\n\t\t<\/section>\n\t\t\t\t\t<\/div>\n\t\t<\/div>\n\t\t\t\t\t<\/div>\n\t\t<\/section>\n\t\t\t\t<\/div>\n\t\t","protected":false},"excerpt":{"rendered":"<p>https:\/\/wwcashmachines.com\/wp-content\/uploads\/2025\/08\/wwcashmachines.mp4 SERVICIO POSTVENTA Y MANTENIMIENTO Ofrecemos&nbsp;reparaciones y servicio postventa en todo el territorio nacional, gracias a un equipo t\u00e9cnico que cuenta&nbsp;con m\u00e1s de 20 a\u00f1os de experiencia en el sector del tratamiento de efectivo. Adem\u00e1s, proporcionamos mantenimiento especializado en toda Catalu\u00f1a, con experiencia en grandes superficies, asegurando que sus equipos funcionen siempre de manera \u00f3ptima&nbsp;Contacta con nosotros para conocer c\u00f3mo podemos adaptar nuestros servicios de mantenimiento a tus necesidades. Nuestros mantenimientos: INICIO SISTEMAS DE GESTI\u00d3N<\/p>\n","protected":false},"author":8,"featured_media":0,"parent":0,"menu_order":0,"comment_status":"closed","ping_status":"closed","template":"","meta":{"tpgb_global_settings":"","footnotes":""},"class_list":["post-11755","page","type-page","status-publish","hentry"],"yoast_head":"<!-- This site is optimized with the Yoast SEO plugin v27.4 - https:\/\/yoast.com\/product\/yoast-seo-wordpress\/ -->\n<title>- Worldwide Cash Machines SL<\/title>\n<meta name=\"description\" content=\"Mantenimiento especializado. Soluciones r\u00e1pidas con nuestra red de t\u00e9cnicos en toda Espa\u00f1a. Soporte adaptado a sus necesidades.\" \/>\n<meta name=\"robots\" content=\"index, follow, max-snippet:-1, max-image-preview:large, max-video-preview:-1\" \/>\n<link rel=\"canonical\" href=\"https:\/\/wwcashmachines.com\/es\/mantenimiento\/\" \/>\n<meta property=\"og:locale\" content=\"es_ES\" \/>\n<meta property=\"og:type\" content=\"article\" \/>\n<meta property=\"og:title\" content=\"- Worldwide Cash Machines SL\" \/>\n<meta property=\"og:description\" content=\"Mantenimiento especializado. Soluciones r\u00e1pidas con nuestra red de t\u00e9cnicos en toda Espa\u00f1a. Soporte adaptado a sus necesidades.\" \/>\n<meta property=\"og:url\" content=\"https:\/\/wwcashmachines.com\/es\/mantenimiento\/\" \/>\n<meta property=\"og:site_name\" content=\"Worldwide Cash Machines SL\" \/>\n<meta property=\"article:modified_time\" content=\"2025-11-11T14:32:53+00:00\" \/>\n<meta property=\"og:image\" content=\"https:\/\/wwcashmachines.com\/wp-content\/uploads\/2025\/11\/mantenimiento-scaled.jpg\" \/>\n\t<meta property=\"og:image:width\" content=\"2560\" \/>\n\t<meta property=\"og:image:height\" content=\"1280\" \/>\n\t<meta property=\"og:image:type\" content=\"image\/jpeg\" \/>\n<meta name=\"twitter:card\" content=\"summary_large_image\" \/>\n<meta name=\"twitter:label1\" content=\"Tiempo de lectura\" \/>\n\t<meta name=\"twitter:data1\" content=\"1 minuto\" \/>\n<script type=\"application\/ld+json\" class=\"yoast-schema-graph\">{\"@context\":\"https:\\\/\\\/schema.org\",\"@graph\":[{\"@type\":\"WebPage\",\"@id\":\"https:\\\/\\\/wwcashmachines.com\\\/es\\\/mantenimiento\\\/\",\"url\":\"https:\\\/\\\/wwcashmachines.com\\\/es\\\/mantenimiento\\\/\",\"name\":\"- Worldwide Cash Machines SL\",\"isPartOf\":{\"@id\":\"https:\\\/\\\/wwcashmachines.com\\\/es\\\/#website\"},\"primaryImageOfPage\":{\"@id\":\"https:\\\/\\\/wwcashmachines.com\\\/es\\\/mantenimiento\\\/#primaryimage\"},\"image\":{\"@id\":\"https:\\\/\\\/wwcashmachines.com\\\/es\\\/mantenimiento\\\/#primaryimage\"},\"thumbnailUrl\":\"https:\\\/\\\/wwcashmachines.com\\\/wp-content\\\/uploads\\\/2025\\\/11\\\/mantenimiento-1024x512.jpg\",\"datePublished\":\"2025-11-11T09:00:23+00:00\",\"dateModified\":\"2025-11-11T14:32:53+00:00\",\"description\":\"Mantenimiento especializado. Soluciones r\u00e1pidas con nuestra red de t\u00e9cnicos en toda Espa\u00f1a. Soporte adaptado a sus necesidades.\",\"inLanguage\":\"es\",\"potentialAction\":[{\"@type\":\"ReadAction\",\"target\":[\"https:\\\/\\\/wwcashmachines.com\\\/es\\\/mantenimiento\\\/\"]}]},{\"@type\":\"ImageObject\",\"inLanguage\":\"es\",\"@id\":\"https:\\\/\\\/wwcashmachines.com\\\/es\\\/mantenimiento\\\/#primaryimage\",\"url\":\"https:\\\/\\\/wwcashmachines.com\\\/wp-content\\\/uploads\\\/2025\\\/11\\\/mantenimiento-1024x512.jpg\",\"contentUrl\":\"https:\\\/\\\/wwcashmachines.com\\\/wp-content\\\/uploads\\\/2025\\\/11\\\/mantenimiento-1024x512.jpg\"},{\"@type\":\"WebSite\",\"@id\":\"https:\\\/\\\/wwcashmachines.com\\\/es\\\/#website\",\"url\":\"https:\\\/\\\/wwcashmachines.com\\\/es\\\/\",\"name\":\"Worldwide Cash Machines SL\",\"description\":\"Empresa de Cash Management\",\"publisher\":{\"@id\":\"https:\\\/\\\/wwcashmachines.com\\\/es\\\/#organization\"},\"potentialAction\":[{\"@type\":\"SearchAction\",\"target\":{\"@type\":\"EntryPoint\",\"urlTemplate\":\"https:\\\/\\\/wwcashmachines.com\\\/es\\\/?s={search_term_string}\"},\"query-input\":{\"@type\":\"PropertyValueSpecification\",\"valueRequired\":true,\"valueName\":\"search_term_string\"}}],\"inLanguage\":\"es\"},{\"@type\":\"Organization\",\"@id\":\"https:\\\/\\\/wwcashmachines.com\\\/es\\\/#organization\",\"name\":\"Cash Machines S.A.\",\"url\":\"https:\\\/\\\/wwcashmachines.com\\\/es\\\/\",\"logo\":{\"@type\":\"ImageObject\",\"inLanguage\":\"es\",\"@id\":\"https:\\\/\\\/wwcashmachines.com\\\/es\\\/#\\\/schema\\\/logo\\\/image\\\/\",\"url\":\"https:\\\/\\\/wwcashmachines.com\\\/wp-content\\\/uploads\\\/2021\\\/07\\\/cropped-logo-1.png\",\"contentUrl\":\"https:\\\/\\\/wwcashmachines.com\\\/wp-content\\\/uploads\\\/2021\\\/07\\\/cropped-logo-1.png\",\"width\":263,\"height\":100,\"caption\":\"Cash Machines S.A.\"},\"image\":{\"@id\":\"https:\\\/\\\/wwcashmachines.com\\\/es\\\/#\\\/schema\\\/logo\\\/image\\\/\"}}]}<\/script>\n<!-- \/ Yoast SEO plugin. -->","yoast_head_json":{"title":"- Worldwide Cash Machines SL","description":"Mantenimiento especializado. Soluciones r\u00e1pidas con nuestra red de t\u00e9cnicos en toda Espa\u00f1a. Soporte adaptado a sus necesidades.","robots":{"index":"index","follow":"follow","max-snippet":"max-snippet:-1","max-image-preview":"max-image-preview:large","max-video-preview":"max-video-preview:-1"},"canonical":"https:\/\/wwcashmachines.com\/es\/mantenimiento\/","og_locale":"es_ES","og_type":"article","og_title":"- Worldwide Cash Machines SL","og_description":"Mantenimiento especializado. Soluciones r\u00e1pidas con nuestra red de t\u00e9cnicos en toda Espa\u00f1a. Soporte adaptado a sus necesidades.","og_url":"https:\/\/wwcashmachines.com\/es\/mantenimiento\/","og_site_name":"Worldwide Cash Machines SL","article_modified_time":"2025-11-11T14:32:53+00:00","og_image":[{"width":2560,"height":1280,"url":"https:\/\/wwcashmachines.com\/wp-content\/uploads\/2025\/11\/mantenimiento-scaled.jpg","type":"image\/jpeg"}],"twitter_card":"summary_large_image","twitter_misc":{"Tiempo de lectura":"1 minuto"},"schema":{"@context":"https:\/\/schema.org","@graph":[{"@type":"WebPage","@id":"https:\/\/wwcashmachines.com\/es\/mantenimiento\/","url":"https:\/\/wwcashmachines.com\/es\/mantenimiento\/","name":"- Worldwide Cash Machines SL","isPartOf":{"@id":"https:\/\/wwcashmachines.com\/es\/#website"},"primaryImageOfPage":{"@id":"https:\/\/wwcashmachines.com\/es\/mantenimiento\/#primaryimage"},"image":{"@id":"https:\/\/wwcashmachines.com\/es\/mantenimiento\/#primaryimage"},"thumbnailUrl":"https:\/\/wwcashmachines.com\/wp-content\/uploads\/2025\/11\/mantenimiento-1024x512.jpg","datePublished":"2025-11-11T09:00:23+00:00","dateModified":"2025-11-11T14:32:53+00:00","description":"Mantenimiento especializado. Soluciones r\u00e1pidas con nuestra red de t\u00e9cnicos en toda Espa\u00f1a. Soporte adaptado a sus necesidades.","inLanguage":"es","potentialAction":[{"@type":"ReadAction","target":["https:\/\/wwcashmachines.com\/es\/mantenimiento\/"]}]},{"@type":"ImageObject","inLanguage":"es","@id":"https:\/\/wwcashmachines.com\/es\/mantenimiento\/#primaryimage","url":"https:\/\/wwcashmachines.com\/wp-content\/uploads\/2025\/11\/mantenimiento-1024x512.jpg","contentUrl":"https:\/\/wwcashmachines.com\/wp-content\/uploads\/2025\/11\/mantenimiento-1024x512.jpg"},{"@type":"WebSite","@id":"https:\/\/wwcashmachines.com\/es\/#website","url":"https:\/\/wwcashmachines.com\/es\/","name":"Worldwide Cash Machines SL","description":"Empresa de Cash Management","publisher":{"@id":"https:\/\/wwcashmachines.com\/es\/#organization"},"potentialAction":[{"@type":"SearchAction","target":{"@type":"EntryPoint","urlTemplate":"https:\/\/wwcashmachines.com\/es\/?s={search_term_string}"},"query-input":{"@type":"PropertyValueSpecification","valueRequired":true,"valueName":"search_term_string"}}],"inLanguage":"es"},{"@type":"Organization","@id":"https:\/\/wwcashmachines.com\/es\/#organization","name":"Cash Machines S.A.","url":"https:\/\/wwcashmachines.com\/es\/","logo":{"@type":"ImageObject","inLanguage":"es","@id":"https:\/\/wwcashmachines.com\/es\/#\/schema\/logo\/image\/","url":"https:\/\/wwcashmachines.com\/wp-content\/uploads\/2021\/07\/cropped-logo-1.png","contentUrl":"https:\/\/wwcashmachines.com\/wp-content\/uploads\/2021\/07\/cropped-logo-1.png","width":263,"height":100,"caption":"Cash Machines S.A."},"image":{"@id":"https:\/\/wwcashmachines.com\/es\/#\/schema\/logo\/image\/"}}]}},"tpgb_featured_images":null,"tpgb_post_meta_info":{"get_date":"11 de noviembre de 2025","get_modified_date":"11 de noviembre de 2025","author_name":"admincash","author_url":"https:\/\/wwcashmachines.com\/es\/author\/admincash\/","author_email":"admincash@wwcashmachines.com","author_website":"","author_description":"","author_facebook":"","author_twitter":"","author_instagram":"","author_role":["administrator"],"author_firstname":"admincash","author_lastname":"","user_login":"admincash","author_avatar":"<img alt='' src='https:\/\/secure.gravatar.com\/avatar\/fb8f538c67de7895706bf7d17f5c961eb06d8d4c9012c4e3465b1f8039645c6a?s=200&#038;d=mm&#038;r=g' srcset='https:\/\/secure.gravatar.com\/avatar\/fb8f538c67de7895706bf7d17f5c961eb06d8d4c9012c4e3465b1f8039645c6a?s=400&#038;d=mm&#038;r=g 2x' class='avatar avatar-200 photo' height='200' width='200' decoding='async'\/>","author_avatar_url":"https:\/\/secure.gravatar.com\/avatar\/fb8f538c67de7895706bf7d17f5c961eb06d8d4c9012c4e3465b1f8039645c6a?s=96&d=mm&r=g","comment_count":0,"post_likes":0,"post_views":0},"tpgb_post_category":[],"_links":{"self":[{"href":"https:\/\/wwcashmachines.com\/es\/wp-json\/wp\/v2\/pages\/11755","targetHints":{"allow":["GET"]}}],"collection":[{"href":"https:\/\/wwcashmachines.com\/es\/wp-json\/wp\/v2\/pages"}],"about":[{"href":"https:\/\/wwcashmachines.com\/es\/wp-json\/wp\/v2\/types\/page"}],"author":[{"embeddable":true,"href":"https:\/\/wwcashmachines.com\/es\/wp-json\/wp\/v2\/users\/8"}],"replies":[{"embeddable":true,"href":"https:\/\/wwcashmachines.com\/es\/wp-json\/wp\/v2\/comments?post=11755"}],"version-history":[{"count":30,"href":"https:\/\/wwcashmachines.com\/es\/wp-json\/wp\/v2\/pages\/11755\/revisions"}],"predecessor-version":[{"id":11811,"href":"https:\/\/wwcashmachines.com\/es\/wp-json\/wp\/v2\/pages\/11755\/revisions\/11811"}],"wp:attachment":[{"href":"https:\/\/wwcashmachines.com\/es\/wp-json\/wp\/v2\/media?parent=11755"}],"curies":[{"name":"wp","href":"https:\/\/api.w.org\/{rel}","templated":true}]}}