{"id":2123,"date":"2019-04-22T02:51:02","date_gmt":"2019-04-22T02:51:02","guid":{"rendered":"http:\/\/192.168.1.30\/zoo-dopi\/businessfinance\/?page_id=2123"},"modified":"2025-08-25T15:07:34","modified_gmt":"2025-08-25T13:07:34","slug":"contacto","status":"publish","type":"page","link":"https:\/\/wwcashmachines.com\/es\/contacto\/","title":{"rendered":"CONTACTO"},"content":{"rendered":"\t\t<div data-elementor-type=\"wp-post\" data-elementor-id=\"2123\" class=\"elementor elementor-2123\" data-elementor-post-type=\"page\">\n\t\t\t\t\t\t<section class=\"has_eae_slider elementor-section elementor-top-section elementor-element elementor-element-dd2886d elementor-section-full_width elementor-section-stretched elementor-section-height-default elementor-section-height-default\" data-eae-slider=\"61432\" data-id=\"dd2886d\" data-element_type=\"section\" data-e-type=\"section\" data-settings=\"{&quot;stretch_section&quot;:&quot;section-stretched&quot;}\">\n\t\t\t\t\t\t<div class=\"elementor-container elementor-column-gap-no\">\n\t\t\t\t\t<div class=\"has_eae_slider elementor-column elementor-col-100 elementor-top-column elementor-element elementor-element-40d7c03\" data-eae-slider=\"78834\" data-id=\"40d7c03\" data-element_type=\"column\" data-e-type=\"column\" data-settings=\"{&quot;background_background&quot;:&quot;classic&quot;}\">\n\t\t\t<div class=\"elementor-widget-wrap elementor-element-populated\">\n\t\t\t\t\t\t<div class=\"elementor-element elementor-element-ca2418a elementor-widget elementor-widget-image\" data-id=\"ca2418a\" data-element_type=\"widget\" data-e-type=\"widget\" data-widget_type=\"image.default\">\n\t\t\t\t<div class=\"elementor-widget-container\">\n\t\t\t\t\t\t\t\t\t\t\t\t\t\t\t<img fetchpriority=\"high\" decoding=\"async\" width=\"2048\" height=\"1024\" src=\"https:\/\/wwcashmachines.com\/wp-content\/uploads\/2025\/08\/contacto-2-30x15.jpg\" class=\"attachment-2048x2048 size-2048x2048 wp-image-11520 lazy-img\" alt=\"\" srcset=\"https:\/\/wwcashmachines.com\/wp-content\/uploads\/2025\/08\/contacto-2-30x15.jpg 100w\" sizes=\"(max-width: 2048px) 100vw, 2048px\" data-src=\"https:\/\/wwcashmachines.com\/wp-content\/uploads\/2025\/08\/contacto-2-2048x1024.jpg\" data-srcset=\"https:\/\/wwcashmachines.com\/wp-content\/uploads\/2025\/08\/contacto-2-2048x1024.jpg 2048w, https:\/\/wwcashmachines.com\/wp-content\/uploads\/2025\/08\/contacto-2-300x150.jpg 300w, https:\/\/wwcashmachines.com\/wp-content\/uploads\/2025\/08\/contacto-2-1024x512.jpg 1024w, https:\/\/wwcashmachines.com\/wp-content\/uploads\/2025\/08\/contacto-2-768x384.jpg 768w, https:\/\/wwcashmachines.com\/wp-content\/uploads\/2025\/08\/contacto-2-1536x768.jpg 1536w, https:\/\/wwcashmachines.com\/wp-content\/uploads\/2025\/08\/contacto-2-400x200.jpg 400w, https:\/\/wwcashmachines.com\/wp-content\/uploads\/2025\/08\/contacto-2-30x15.jpg 30w\" \/>\t\t\t\t\t\t\t\t\t\t\t\t\t\t\t<\/div>\n\t\t\t\t<\/div>\n\t\t\t\t<div class=\"elementor-element elementor-element-be88e9a elementor-widget elementor-widget-google_maps\" data-id=\"be88e9a\" data-element_type=\"widget\" data-e-type=\"widget\" data-widget_type=\"google_maps.default\">\n\t\t\t\t<div class=\"elementor-widget-container\">\n\t\t\t\t\t\t\t<div class=\"elementor-custom-embed\">\n\t\t\t<iframe loading=\"lazy\"\n\t\t\t\t\tsrc=\"https:\/\/maps.google.com\/maps?q=Carrer%20d%27Holanda%2C%2067%2C%2008917&#038;t=m&#038;z=16&#038;output=embed&#038;iwloc=near\"\n\t\t\t\t\ttitle=\"Carrer d&#039;Holanda, 67, 08917\"\n\t\t\t\t\taria-label=\"Carrer d&#039;Holanda, 67, 08917\"\n\t\t\t><\/iframe>\n\t\t<\/div>\n\t\t\t\t\t\t<\/div>\n\t\t\t\t<\/div>\n\t\t\t\t\t<\/div>\n\t\t<\/div>\n\t\t\t\t\t<\/div>\n\t\t<\/section>\n\t\t\t\t<section class=\"has_eae_slider elementor-section elementor-top-section elementor-element elementor-element-fa1064b elementor-section-stretched elementor-section-boxed elementor-section-height-default elementor-section-height-default\" data-eae-slider=\"42716\" data-id=\"fa1064b\" data-element_type=\"section\" data-e-type=\"section\" data-settings=\"{&quot;stretch_section&quot;:&quot;section-stretched&quot;,&quot;background_background&quot;:&quot;classic&quot;}\">\n\t\t\t\t\t\t<div class=\"elementor-container elementor-column-gap-default\">\n\t\t\t\t\t<div class=\"has_eae_slider elementor-column elementor-col-33 elementor-top-column elementor-element elementor-element-0cad57e\" data-eae-slider=\"22548\" data-id=\"0cad57e\" data-element_type=\"column\" data-e-type=\"column\">\n\t\t\t<div class=\"elementor-widget-wrap elementor-element-populated\">\n\t\t\t\t\t\t<div class=\"elementor-element elementor-element-3937458 elementor-view-default elementor-widget elementor-widget-icon\" data-id=\"3937458\" data-element_type=\"widget\" data-e-type=\"widget\" data-widget_type=\"icon.default\">\n\t\t\t\t<div class=\"elementor-widget-container\">\n\t\t\t\t\t\t\t<div class=\"elementor-icon-wrapper\">\n\t\t\t<div class=\"elementor-icon\">\n\t\t\t<i aria-hidden=\"true\" class=\"fas fa-map-marker-alt\"><\/i>\t\t\t<\/div>\n\t\t<\/div>\n\t\t\t\t\t\t<\/div>\n\t\t\t\t<\/div>\n\t\t\t\t<div class=\"elementor-element elementor-element-363e743 elementor-widget elementor-widget-heading\" data-id=\"363e743\" data-element_type=\"widget\" data-e-type=\"widget\" data-widget_type=\"heading.default\">\n\t\t\t\t<div class=\"elementor-widget-container\">\n\t\t\t\t\t<h3 class=\"elementor-heading-title elementor-size-default\">Direcci\u00f3n<\/h3>\t\t\t\t<\/div>\n\t\t\t\t<\/div>\n\t\t\t\t<div class=\"elementor-element elementor-element-91f8877 elementor-widget elementor-widget-text-editor\" data-id=\"91f8877\" data-element_type=\"widget\" data-e-type=\"widget\" data-widget_type=\"text-editor.default\">\n\t\t\t\t<div class=\"elementor-widget-container\">\n\t\t\t\t\t\t\t\t\tCarrer d&#8217;Holanda, 67, nave 13<br>\n08917 Badalona\t\t\t\t\t\t\t\t<\/div>\n\t\t\t\t<\/div>\n\t\t\t\t\t<\/div>\n\t\t<\/div>\n\t\t\t\t<div class=\"has_eae_slider elementor-column elementor-col-33 elementor-top-column elementor-element elementor-element-964c7ab\" data-eae-slider=\"45090\" data-id=\"964c7ab\" data-element_type=\"column\" data-e-type=\"column\">\n\t\t\t<div class=\"elementor-widget-wrap elementor-element-populated\">\n\t\t\t\t\t\t<div class=\"elementor-element elementor-element-14bc2e4 elementor-view-default elementor-widget elementor-widget-icon\" data-id=\"14bc2e4\" data-element_type=\"widget\" data-e-type=\"widget\" data-widget_type=\"icon.default\">\n\t\t\t\t<div class=\"elementor-widget-container\">\n\t\t\t\t\t\t\t<div class=\"elementor-icon-wrapper\">\n\t\t\t<div class=\"elementor-icon\">\n\t\t\t<i aria-hidden=\"true\" class=\"fas fa-phone-alt\"><\/i>\t\t\t<\/div>\n\t\t<\/div>\n\t\t\t\t\t\t<\/div>\n\t\t\t\t<\/div>\n\t\t\t\t<div class=\"elementor-element elementor-element-63c62f9 elementor-widget elementor-widget-heading\" data-id=\"63c62f9\" data-element_type=\"widget\" data-e-type=\"widget\" data-widget_type=\"heading.default\">\n\t\t\t\t<div class=\"elementor-widget-container\">\n\t\t\t\t\t<h3 class=\"elementor-heading-title elementor-size-default\">Tel\u00e9fono<\/h3>\t\t\t\t<\/div>\n\t\t\t\t<\/div>\n\t\t\t\t<div class=\"elementor-element elementor-element-5312a10 elementor-widget elementor-widget-text-editor\" data-id=\"5312a10\" data-element_type=\"widget\" data-e-type=\"widget\" data-widget_type=\"text-editor.default\">\n\t\t\t\t<div class=\"elementor-widget-container\">\n\t\t\t\t\t\t\t\t\t<p>Oficina : (+34) 93 050 01 92<\/p>\t\t\t\t\t\t\t\t<\/div>\n\t\t\t\t<\/div>\n\t\t\t\t\t<\/div>\n\t\t<\/div>\n\t\t\t\t<div class=\"has_eae_slider elementor-column elementor-col-33 elementor-top-column elementor-element elementor-element-74287c7\" data-eae-slider=\"86011\" data-id=\"74287c7\" data-element_type=\"column\" data-e-type=\"column\">\n\t\t\t<div class=\"elementor-widget-wrap elementor-element-populated\">\n\t\t\t\t\t\t<div class=\"elementor-element elementor-element-e29f114 elementor-view-default elementor-widget elementor-widget-icon\" data-id=\"e29f114\" data-element_type=\"widget\" data-e-type=\"widget\" data-widget_type=\"icon.default\">\n\t\t\t\t<div class=\"elementor-widget-container\">\n\t\t\t\t\t\t\t<div class=\"elementor-icon-wrapper\">\n\t\t\t<div class=\"elementor-icon\">\n\t\t\t<i aria-hidden=\"true\" class=\"fas fa-mail-bulk\"><\/i>\t\t\t<\/div>\n\t\t<\/div>\n\t\t\t\t\t\t<\/div>\n\t\t\t\t<\/div>\n\t\t\t\t<div class=\"elementor-element elementor-element-628e0c7 elementor-widget elementor-widget-heading\" data-id=\"628e0c7\" data-element_type=\"widget\" data-e-type=\"widget\" data-widget_type=\"heading.default\">\n\t\t\t\t<div class=\"elementor-widget-container\">\n\t\t\t\t\t<h3 class=\"elementor-heading-title elementor-size-default\">E-Mail<\/h3>\t\t\t\t<\/div>\n\t\t\t\t<\/div>\n\t\t\t\t<div class=\"elementor-element elementor-element-5ce6301 elementor-widget elementor-widget-text-editor\" data-id=\"5ce6301\" data-element_type=\"widget\" data-e-type=\"widget\" data-widget_type=\"text-editor.default\">\n\t\t\t\t<div class=\"elementor-widget-container\">\n\t\t\t\t\t\t\t\t\t<p>admin@wwcashmachines.com<\/p>\t\t\t\t\t\t\t\t<\/div>\n\t\t\t\t<\/div>\n\t\t\t\t\t<\/div>\n\t\t<\/div>\n\t\t\t\t\t<\/div>\n\t\t<\/section>\n\t\t\t\t<\/div>\n\t\t","protected":false},"excerpt":{"rendered":"<p>Direcci\u00f3n Carrer d&#8217;Holanda, 67, nave 13 08917 Badalona Tel\u00e9fono Oficina : (+34) 93 050 01 92 E-Mail admin@wwcashmachines.com<\/p>\n","protected":false},"author":8,"featured_media":0,"parent":0,"menu_order":0,"comment_status":"closed","ping_status":"closed","template":"","meta":{"tpgb_global_settings":"","footnotes":""},"class_list":["post-2123","page","type-page","status-publish","hentry"],"yoast_head":"<!-- This site is optimized with the Yoast SEO plugin v27.5 - https:\/\/yoast.com\/product\/yoast-seo-wordpress\/ -->\n<title>CONTACTO - Worldwide Cash Machines SL<\/title>\n<meta name=\"description\" content=\"CONTACTO - Puedes ponerte en contacto con nosotros a trav\u00e9s de nuestro formulario en la p\u00e1gina web, o bien v\u00eda tel\u00e9fono y e-mail.\" \/>\n<meta name=\"robots\" content=\"index, follow, max-snippet:-1, max-image-preview:large, max-video-preview:-1\" \/>\n<link rel=\"canonical\" href=\"https:\/\/wwcashmachines.com\/es\/contacto\/\" \/>\n<meta property=\"og:locale\" content=\"es_ES\" \/>\n<meta property=\"og:type\" content=\"article\" \/>\n<meta property=\"og:title\" content=\"CONTACTO - Worldwide Cash Machines SL\" \/>\n<meta property=\"og:description\" content=\"CONTACTO - Puedes ponerte en contacto con nosotros a trav\u00e9s de nuestro formulario en la p\u00e1gina web, o bien v\u00eda tel\u00e9fono y e-mail.\" \/>\n<meta property=\"og:url\" content=\"https:\/\/wwcashmachines.com\/es\/contacto\/\" \/>\n<meta property=\"og:site_name\" content=\"Worldwide Cash Machines SL\" \/>\n<meta property=\"article:modified_time\" content=\"2025-08-25T13:07:34+00:00\" \/>\n<meta name=\"twitter:card\" content=\"summary_large_image\" \/>\n<meta name=\"twitter:image\" content=\"https:\/\/wwcashmachines.com\/wp-content\/uploads\/2025\/08\/contacto-2-scaled.jpg\" \/>\n<meta name=\"twitter:label1\" content=\"Tiempo de lectura\" \/>\n\t<meta name=\"twitter:data1\" content=\"1 minuto\" \/>\n<script type=\"application\/ld+json\" class=\"yoast-schema-graph\">{\"@context\":\"https:\\\/\\\/schema.org\",\"@graph\":[{\"@type\":\"WebPage\",\"@id\":\"https:\\\/\\\/wwcashmachines.com\\\/es\\\/contacto\\\/\",\"url\":\"https:\\\/\\\/wwcashmachines.com\\\/es\\\/contacto\\\/\",\"name\":\"CONTACTO - Worldwide Cash Machines SL\",\"isPartOf\":{\"@id\":\"https:\\\/\\\/wwcashmachines.com\\\/es\\\/#website\"},\"primaryImageOfPage\":{\"@id\":\"https:\\\/\\\/wwcashmachines.com\\\/es\\\/contacto\\\/#primaryimage\"},\"image\":{\"@id\":\"https:\\\/\\\/wwcashmachines.com\\\/es\\\/contacto\\\/#primaryimage\"},\"thumbnailUrl\":\"https:\\\/\\\/wwcashmachines.com\\\/wp-content\\\/uploads\\\/2025\\\/08\\\/contacto-2-2048x1024.jpg\",\"datePublished\":\"2019-04-22T02:51:02+00:00\",\"dateModified\":\"2025-08-25T13:07:34+00:00\",\"description\":\"CONTACTO - Puedes ponerte en contacto con nosotros a trav\u00e9s de nuestro formulario en la p\u00e1gina web, o bien v\u00eda tel\u00e9fono y e-mail.\",\"breadcrumb\":{\"@id\":\"https:\\\/\\\/wwcashmachines.com\\\/es\\\/contacto\\\/#breadcrumb\"},\"inLanguage\":\"es\",\"potentialAction\":[{\"@type\":\"ReadAction\",\"target\":[\"https:\\\/\\\/wwcashmachines.com\\\/es\\\/contacto\\\/\"]}]},{\"@type\":\"ImageObject\",\"inLanguage\":\"es\",\"@id\":\"https:\\\/\\\/wwcashmachines.com\\\/es\\\/contacto\\\/#primaryimage\",\"url\":\"https:\\\/\\\/wwcashmachines.com\\\/wp-content\\\/uploads\\\/2025\\\/08\\\/contacto-2-2048x1024.jpg\",\"contentUrl\":\"https:\\\/\\\/wwcashmachines.com\\\/wp-content\\\/uploads\\\/2025\\\/08\\\/contacto-2-2048x1024.jpg\"},{\"@type\":\"BreadcrumbList\",\"@id\":\"https:\\\/\\\/wwcashmachines.com\\\/es\\\/contacto\\\/#breadcrumb\",\"itemListElement\":[{\"@type\":\"ListItem\",\"position\":1,\"name\":\"Portada\",\"item\":\"https:\\\/\\\/wwcashmachines.com\\\/es\\\/\"},{\"@type\":\"ListItem\",\"position\":2,\"name\":\"CONTACTO\"}]},{\"@type\":\"WebSite\",\"@id\":\"https:\\\/\\\/wwcashmachines.com\\\/es\\\/#website\",\"url\":\"https:\\\/\\\/wwcashmachines.com\\\/es\\\/\",\"name\":\"Worldwide Cash Machines SL\",\"description\":\"Empresa de Cash Management\",\"publisher\":{\"@id\":\"https:\\\/\\\/wwcashmachines.com\\\/es\\\/#organization\"},\"potentialAction\":[{\"@type\":\"SearchAction\",\"target\":{\"@type\":\"EntryPoint\",\"urlTemplate\":\"https:\\\/\\\/wwcashmachines.com\\\/es\\\/?s={search_term_string}\"},\"query-input\":{\"@type\":\"PropertyValueSpecification\",\"valueRequired\":true,\"valueName\":\"search_term_string\"}}],\"inLanguage\":\"es\"},{\"@type\":\"Organization\",\"@id\":\"https:\\\/\\\/wwcashmachines.com\\\/es\\\/#organization\",\"name\":\"Cash Machines S.A.\",\"url\":\"https:\\\/\\\/wwcashmachines.com\\\/es\\\/\",\"logo\":{\"@type\":\"ImageObject\",\"inLanguage\":\"es\",\"@id\":\"https:\\\/\\\/wwcashmachines.com\\\/es\\\/#\\\/schema\\\/logo\\\/image\\\/\",\"url\":\"https:\\\/\\\/wwcashmachines.com\\\/wp-content\\\/uploads\\\/2021\\\/07\\\/cropped-logo-1.png\",\"contentUrl\":\"https:\\\/\\\/wwcashmachines.com\\\/wp-content\\\/uploads\\\/2021\\\/07\\\/cropped-logo-1.png\",\"width\":263,\"height\":100,\"caption\":\"Cash Machines S.A.\"},\"image\":{\"@id\":\"https:\\\/\\\/wwcashmachines.com\\\/es\\\/#\\\/schema\\\/logo\\\/image\\\/\"}}]}<\/script>\n<!-- \/ Yoast SEO plugin. -->","yoast_head_json":{"title":"CONTACTO - Worldwide Cash Machines SL","description":"CONTACTO - Puedes ponerte en contacto con nosotros a trav\u00e9s de nuestro formulario en la p\u00e1gina web, o bien v\u00eda tel\u00e9fono y e-mail.","robots":{"index":"index","follow":"follow","max-snippet":"max-snippet:-1","max-image-preview":"max-image-preview:large","max-video-preview":"max-video-preview:-1"},"canonical":"https:\/\/wwcashmachines.com\/es\/contacto\/","og_locale":"es_ES","og_type":"article","og_title":"CONTACTO - Worldwide Cash Machines SL","og_description":"CONTACTO - Puedes ponerte en contacto con nosotros a trav\u00e9s de nuestro formulario en la p\u00e1gina web, o bien v\u00eda tel\u00e9fono y e-mail.","og_url":"https:\/\/wwcashmachines.com\/es\/contacto\/","og_site_name":"Worldwide Cash Machines SL","article_modified_time":"2025-08-25T13:07:34+00:00","twitter_card":"summary_large_image","twitter_image":"https:\/\/wwcashmachines.com\/wp-content\/uploads\/2025\/08\/contacto-2-scaled.jpg","twitter_misc":{"Tiempo de lectura":"1 minuto"},"schema":{"@context":"https:\/\/schema.org","@graph":[{"@type":"WebPage","@id":"https:\/\/wwcashmachines.com\/es\/contacto\/","url":"https:\/\/wwcashmachines.com\/es\/contacto\/","name":"CONTACTO - Worldwide Cash Machines SL","isPartOf":{"@id":"https:\/\/wwcashmachines.com\/es\/#website"},"primaryImageOfPage":{"@id":"https:\/\/wwcashmachines.com\/es\/contacto\/#primaryimage"},"image":{"@id":"https:\/\/wwcashmachines.com\/es\/contacto\/#primaryimage"},"thumbnailUrl":"https:\/\/wwcashmachines.com\/wp-content\/uploads\/2025\/08\/contacto-2-2048x1024.jpg","datePublished":"2019-04-22T02:51:02+00:00","dateModified":"2025-08-25T13:07:34+00:00","description":"CONTACTO - Puedes ponerte en contacto con nosotros a trav\u00e9s de nuestro formulario en la p\u00e1gina web, o bien v\u00eda tel\u00e9fono y e-mail.","breadcrumb":{"@id":"https:\/\/wwcashmachines.com\/es\/contacto\/#breadcrumb"},"inLanguage":"es","potentialAction":[{"@type":"ReadAction","target":["https:\/\/wwcashmachines.com\/es\/contacto\/"]}]},{"@type":"ImageObject","inLanguage":"es","@id":"https:\/\/wwcashmachines.com\/es\/contacto\/#primaryimage","url":"https:\/\/wwcashmachines.com\/wp-content\/uploads\/2025\/08\/contacto-2-2048x1024.jpg","contentUrl":"https:\/\/wwcashmachines.com\/wp-content\/uploads\/2025\/08\/contacto-2-2048x1024.jpg"},{"@type":"BreadcrumbList","@id":"https:\/\/wwcashmachines.com\/es\/contacto\/#breadcrumb","itemListElement":[{"@type":"ListItem","position":1,"name":"Portada","item":"https:\/\/wwcashmachines.com\/es\/"},{"@type":"ListItem","position":2,"name":"CONTACTO"}]},{"@type":"WebSite","@id":"https:\/\/wwcashmachines.com\/es\/#website","url":"https:\/\/wwcashmachines.com\/es\/","name":"Worldwide Cash Machines SL","description":"Empresa de Cash Management","publisher":{"@id":"https:\/\/wwcashmachines.com\/es\/#organization"},"potentialAction":[{"@type":"SearchAction","target":{"@type":"EntryPoint","urlTemplate":"https:\/\/wwcashmachines.com\/es\/?s={search_term_string}"},"query-input":{"@type":"PropertyValueSpecification","valueRequired":true,"valueName":"search_term_string"}}],"inLanguage":"es"},{"@type":"Organization","@id":"https:\/\/wwcashmachines.com\/es\/#organization","name":"Cash Machines S.A.","url":"https:\/\/wwcashmachines.com\/es\/","logo":{"@type":"ImageObject","inLanguage":"es","@id":"https:\/\/wwcashmachines.com\/es\/#\/schema\/logo\/image\/","url":"https:\/\/wwcashmachines.com\/wp-content\/uploads\/2021\/07\/cropped-logo-1.png","contentUrl":"https:\/\/wwcashmachines.com\/wp-content\/uploads\/2021\/07\/cropped-logo-1.png","width":263,"height":100,"caption":"Cash Machines S.A."},"image":{"@id":"https:\/\/wwcashmachines.com\/es\/#\/schema\/logo\/image\/"}}]}},"tpgb_featured_images":null,"tpgb_post_meta_info":{"get_date":"22 de abril de 2019","get_modified_date":"25 de agosto de 2025","author_name":"admincash","author_url":"https:\/\/wwcashmachines.com\/es\/author\/admincash\/","author_email":"admincash@wwcashmachines.com","author_website":"","author_description":"","author_facebook":"","author_twitter":"","author_instagram":"","author_role":["administrator"],"author_firstname":"admincash","author_lastname":"","user_login":"admincash","author_avatar":"<img alt='' src='https:\/\/secure.gravatar.com\/avatar\/fb8f538c67de7895706bf7d17f5c961eb06d8d4c9012c4e3465b1f8039645c6a?s=200&#038;d=mm&#038;r=g' srcset='https:\/\/secure.gravatar.com\/avatar\/fb8f538c67de7895706bf7d17f5c961eb06d8d4c9012c4e3465b1f8039645c6a?s=400&#038;d=mm&#038;r=g 2x' class='avatar avatar-200 photo' height='200' width='200' decoding='async'\/>","author_avatar_url":"https:\/\/secure.gravatar.com\/avatar\/fb8f538c67de7895706bf7d17f5c961eb06d8d4c9012c4e3465b1f8039645c6a?s=96&d=mm&r=g","comment_count":0,"post_likes":0,"post_views":0},"tpgb_post_category":[],"_links":{"self":[{"href":"https:\/\/wwcashmachines.com\/es\/wp-json\/wp\/v2\/pages\/2123","targetHints":{"allow":["GET"]}}],"collection":[{"href":"https:\/\/wwcashmachines.com\/es\/wp-json\/wp\/v2\/pages"}],"about":[{"href":"https:\/\/wwcashmachines.com\/es\/wp-json\/wp\/v2\/types\/page"}],"author":[{"embeddable":true,"href":"https:\/\/wwcashmachines.com\/es\/wp-json\/wp\/v2\/users\/8"}],"replies":[{"embeddable":true,"href":"https:\/\/wwcashmachines.com\/es\/wp-json\/wp\/v2\/comments?post=2123"}],"version-history":[{"count":30,"href":"https:\/\/wwcashmachines.com\/es\/wp-json\/wp\/v2\/pages\/2123\/revisions"}],"predecessor-version":[{"id":11524,"href":"https:\/\/wwcashmachines.com\/es\/wp-json\/wp\/v2\/pages\/2123\/revisions\/11524"}],"wp:attachment":[{"href":"https:\/\/wwcashmachines.com\/es\/wp-json\/wp\/v2\/media?parent=2123"}],"curies":[{"name":"wp","href":"https:\/\/api.w.org\/{rel}","templated":true}]}}