{"id":2547,"date":"2021-04-19T08:55:09","date_gmt":"2021-04-19T08:55:09","guid":{"rendered":"https:\/\/wwcashm.com\/?page_id=2547"},"modified":"2025-11-11T16:33:51","modified_gmt":"2025-11-11T14:33:51","slug":"sistemas-de-gestion","status":"publish","type":"page","link":"https:\/\/wwcashmachines.com\/es\/sistemas-de-gestion\/","title":{"rendered":"SISTEMAS DE GESTI\u00d3N"},"content":{"rendered":"\t\t<div data-elementor-type=\"wp-page\" data-elementor-id=\"2547\" class=\"elementor elementor-2547\" data-elementor-post-type=\"page\">\n\t\t\t\t\t\t<section class=\"has_eae_slider elementor-section elementor-top-section elementor-element elementor-element-0437f1f elementor-section-content-middle elementor-section-boxed elementor-section-height-default elementor-section-height-default\" data-eae-slider=\"94287\" data-id=\"0437f1f\" data-element_type=\"section\" data-e-type=\"section\">\n\t\t\t\t\t\t<div class=\"elementor-container elementor-column-gap-no\">\n\t\t\t\t\t<div class=\"has_eae_slider elementor-column elementor-col-100 elementor-top-column elementor-element elementor-element-9393084\" data-eae-slider=\"96626\" data-id=\"9393084\" data-element_type=\"column\" data-e-type=\"column\">\n\t\t\t<div class=\"elementor-widget-wrap elementor-element-populated\">\n\t\t\t\t\t\t<div class=\"elementor-element elementor-element-5a3d2e0 elementor-widget elementor-widget-spacer\" data-id=\"5a3d2e0\" data-element_type=\"widget\" data-e-type=\"widget\" data-widget_type=\"spacer.default\">\n\t\t\t\t<div class=\"elementor-widget-container\">\n\t\t\t\t\t\t\t<div class=\"elementor-spacer\">\n\t\t\t<div class=\"elementor-spacer-inner\"><\/div>\n\t\t<\/div>\n\t\t\t\t\t\t<\/div>\n\t\t\t\t<\/div>\n\t\t\t\t<div class=\"elementor-element elementor-element-0b7a178 elementor-widget elementor-widget-video\" data-id=\"0b7a178\" data-element_type=\"widget\" data-e-type=\"widget\" data-settings=\"{&quot;video_type&quot;:&quot;hosted&quot;,&quot;autoplay&quot;:&quot;yes&quot;,&quot;play_on_mobile&quot;:&quot;yes&quot;,&quot;loop&quot;:&quot;yes&quot;}\" data-widget_type=\"video.default\">\n\t\t\t\t<div class=\"elementor-widget-container\">\n\t\t\t\t\t\t\t<div class=\"e-hosted-video elementor-wrapper elementor-open-inline\">\n\t\t\t\t\t<video class=\"elementor-video\" src=\"https:\/\/wwcashmachines.com\/wp-content\/uploads\/2025\/08\/wwcashmachines.mp4\" autoplay=\"\" loop=\"\" playsinline=\"\" controlsList=\"nodownload\"><\/video>\n\t\t\t\t<\/div>\n\t\t\t\t\t\t<\/div>\n\t\t\t\t<\/div>\n\t\t\t\t<div class=\"elementor-element elementor-element-046d09b elementor-widget elementor-widget-heading\" data-id=\"046d09b\" data-element_type=\"widget\" data-e-type=\"widget\" data-widget_type=\"heading.default\">\n\t\t\t\t<div class=\"elementor-widget-container\">\n\t\t\t\t\t<h1 class=\"elementor-heading-title elementor-size-medium\"><b>AUTOMATIZA TU EMPRESA CON LOS SISTEMAS DE GESTI\u00d3N DE <i>WORLDWIDE CASH MACHINES SL<\/i><\/b><\/h1>\t\t\t\t<\/div>\n\t\t\t\t<\/div>\n\t\t\t\t<div class=\"elementor-element elementor-element-63c7749 elementor-widget elementor-widget-text-editor\" data-id=\"63c7749\" data-element_type=\"widget\" data-e-type=\"widget\" data-widget_type=\"text-editor.default\">\n\t\t\t\t<div class=\"elementor-widget-container\">\n\t\t\t\t\t\t\t\t\t<p><strong><em>Worldwide Cash Machines SL<\/em><\/strong> dispone de una potente gama de sistemas de gesti\u00f3n del efectivo para el Front-Office y el Back-Office. Haz que el efectivo fluya a lo largo de tu negocio. Las t\u00e9cnicas m\u00e1s avanzadas de aceptaci\u00f3n y dispensaci\u00f3n de monedas y billetes se combinan con la tecnolog\u00eda y el software de \u00faltima generaci\u00f3n para automatizar las operaciones de efectivo en tu negocio. Reduce costes, consigue informaci\u00f3n en tiempo real, mejora tu servicio e incrementa los beneficios.<\/p><p>Descubre nuestros equipos de desarrollo propio como la m\u00e1quina de cambio modelos Cashchange y nuestra gama de dep\u00f3sitos en efectivo, la serie SmartBox.<\/p>\t\t\t\t\t\t\t\t<\/div>\n\t\t\t\t<\/div>\n\t\t\t\t<section class=\"has_eae_slider elementor-section elementor-inner-section elementor-element elementor-element-746af18 elementor-section-boxed elementor-section-height-default elementor-section-height-default\" data-eae-slider=\"63769\" data-id=\"746af18\" data-element_type=\"section\" data-e-type=\"section\" data-settings=\"{&quot;background_background&quot;:&quot;classic&quot;}\">\n\t\t\t\t\t\t<div class=\"elementor-container elementor-column-gap-default\">\n\t\t\t\t\t<div class=\"has_eae_slider elementor-column elementor-col-50 elementor-inner-column elementor-element elementor-element-574616f\" data-eae-slider=\"22582\" data-id=\"574616f\" data-element_type=\"column\" data-e-type=\"column\">\n\t\t\t<div class=\"elementor-widget-wrap elementor-element-populated\">\n\t\t\t\t\t\t<div class=\"elementor-element elementor-element-99cf4a3 elementor-cta--skin-classic elementor-animated-content elementor-bg-transform elementor-bg-transform-zoom-in elementor-widget elementor-widget-call-to-action\" data-id=\"99cf4a3\" data-element_type=\"widget\" data-e-type=\"widget\" data-widget_type=\"call-to-action.default\">\n\t\t\t\t<div class=\"elementor-widget-container\">\n\t\t\t\t\t\t\t<div class=\"elementor-cta\">\n\t\t\t\t\t<div class=\"elementor-cta__bg-wrapper\">\n\t\t\t\t<div class=\"elementor-cta__bg elementor-bg\" style=\"background-image: url(https:\/\/wwcashmachines.com\/wp-content\/uploads\/2025\/08\/maquina-de-cambio_pfp.jpg);\" role=\"img\" aria-label=\"m\u00e1quina de cambio_pfp\"><\/div>\n\t\t\t\t<div class=\"elementor-cta__bg-overlay\"><\/div>\n\t\t\t<\/div>\n\t\t\t\t\t\t\t<div class=\"elementor-cta__content\">\n\t\t\t\t\n\t\t\t\t\t\t\t\t\t<h2 class=\"elementor-cta__title elementor-cta__content-item elementor-content-item\">\n\t\t\t\t\t\tCAMBIO INTELIGENTE\t\t\t\t\t<\/h2>\n\t\t\t\t\n\t\t\t\t\t\t\t\t\t<div class=\"elementor-cta__description elementor-cta__content-item elementor-content-item\">\n\t\t\t\t\t\tNuestro equipo de fabricaci\u00f3n propia \"CHM\" es una m\u00e1quina de cambio de altas prestaciones, ideal para la dotaci\u00f3n de cambio a empleados. Cambios preestablecidos, gesti\u00f3n remota v\u00eda web, o provisi\u00f3n de cr\u00e9dito son algunas de las prestaciones que har\u00e1n de la dotaci\u00f3n de efectivo un proceso controlado y seguro.\t\t\t\t\t<\/div>\n\t\t\t\t\n\t\t\t\t\t\t\t\t\t<div class=\"elementor-cta__button-wrapper elementor-cta__content-item elementor-content-item \">\n\t\t\t\t\t<a class=\"elementor-cta__button elementor-button elementor-size-\" href=\"https:\/\/wwcashmachines.com\/es\/producto\/cashchange\/\">\n\t\t\t\t\t\tHaz clic aqu\u00ed\t\t\t\t\t<\/a>\n\t\t\t\t\t<\/div>\n\t\t\t\t\t\t\t<\/div>\n\t\t\t\t\t\t\t<div class=\"elementor-ribbon\">\n\t\t\t\t<div class=\"elementor-ribbon-inner\">\n\t\t\t\t\tcalidad\/precio\t\t\t\t<\/div>\n\t\t\t<\/div>\n\t\t\t\t<\/div>\n\t\t\t\t\t\t<\/div>\n\t\t\t\t<\/div>\n\t\t\t\t\t<\/div>\n\t\t<\/div>\n\t\t\t\t<div class=\"has_eae_slider elementor-column elementor-col-50 elementor-inner-column elementor-element elementor-element-fcf8d6d\" data-eae-slider=\"22862\" data-id=\"fcf8d6d\" data-element_type=\"column\" data-e-type=\"column\">\n\t\t\t<div class=\"elementor-widget-wrap elementor-element-populated\">\n\t\t\t\t\t\t<div class=\"elementor-element elementor-element-03ec5ae elementor-cta--skin-classic elementor-animated-content elementor-bg-transform elementor-bg-transform-zoom-in elementor-widget elementor-widget-call-to-action\" data-id=\"03ec5ae\" data-element_type=\"widget\" data-e-type=\"widget\" data-widget_type=\"call-to-action.default\">\n\t\t\t\t<div class=\"elementor-widget-container\">\n\t\t\t\t\t\t\t<div class=\"elementor-cta\">\n\t\t\t\t\t<div class=\"elementor-cta__bg-wrapper\">\n\t\t\t\t<div class=\"elementor-cta__bg elementor-bg\" style=\"background-image: url(https:\/\/wwcashmachines.com\/wp-content\/uploads\/2025\/08\/smartbox_pfp.jpg);\" role=\"img\" aria-label=\"smartbox gama\"><\/div>\n\t\t\t\t<div class=\"elementor-cta__bg-overlay\"><\/div>\n\t\t\t<\/div>\n\t\t\t\t\t\t\t<div class=\"elementor-cta__content\">\n\t\t\t\t\n\t\t\t\t\t\t\t\t\t<h2 class=\"elementor-cta__title elementor-cta__content-item elementor-content-item\">\n\t\t\t\t\t\tDEP\u00d3SITOS DE EFECTIVO\t\t\t\t\t<\/h2>\n\t\t\t\t\n\t\t\t\t\t\t\t\t\t<div class=\"elementor-cta__description elementor-cta__content-item elementor-content-item\">\n\t\t\t\t\t\tMant\u00e9n la recaudaci\u00f3n de tu negocio totalmente controlada con nuestros dep\u00f3sitos de billetes y monedas \"SMART BOX\". Informaci\u00f3n de transacciones y del total ingresado a tiempo real. Desde m\u00e1quinas peque\u00f1as ubicables de forma discreta hasta equipos de gran capacidad y alta velocidad de ingreso.\t\t\t\t\t<\/div>\n\t\t\t\t\n\t\t\t\t\t\t\t\t\t<div class=\"elementor-cta__button-wrapper elementor-cta__content-item elementor-content-item \">\n\t\t\t\t\t<a class=\"elementor-cta__button elementor-button elementor-size-\" href=\"https:\/\/wwcashmachines.com\/es\/deposito-de-efectivo\/\">\n\t\t\t\t\t\tHaz clic aqu\u00ed\t\t\t\t\t<\/a>\n\t\t\t\t\t<\/div>\n\t\t\t\t\t\t\t<\/div>\n\t\t\t\t\t\t\t<div class=\"elementor-ribbon\">\n\t\t\t\t<div class=\"elementor-ribbon-inner\">\n\t\t\t\t\tcalidad\/precio\t\t\t\t<\/div>\n\t\t\t<\/div>\n\t\t\t\t<\/div>\n\t\t\t\t\t\t<\/div>\n\t\t\t\t<\/div>\n\t\t\t\t\t<\/div>\n\t\t<\/div>\n\t\t\t\t\t<\/div>\n\t\t<\/section>\n\t\t\t\t\t<\/div>\n\t\t<\/div>\n\t\t\t\t\t<\/div>\n\t\t<\/section>\n\t\t\t\t<section class=\"has_eae_slider elementor-section elementor-top-section elementor-element elementor-element-953304f elementor-section-boxed elementor-section-height-default elementor-section-height-default\" data-eae-slider=\"51882\" data-id=\"953304f\" data-element_type=\"section\" data-e-type=\"section\">\n\t\t\t\t\t\t<div class=\"elementor-container elementor-column-gap-default\">\n\t\t\t\t\t<div class=\"has_eae_slider elementor-column elementor-col-100 elementor-top-column elementor-element elementor-element-916ac8e\" data-eae-slider=\"89684\" data-id=\"916ac8e\" data-element_type=\"column\" data-e-type=\"column\">\n\t\t\t<div class=\"elementor-widget-wrap elementor-element-populated\">\n\t\t\t\t\t\t<div class=\"elementor-element elementor-element-7552fbf elementor-widget elementor-widget-spacer\" data-id=\"7552fbf\" data-element_type=\"widget\" data-e-type=\"widget\" data-widget_type=\"spacer.default\">\n\t\t\t\t<div class=\"elementor-widget-container\">\n\t\t\t\t\t\t\t<div class=\"elementor-spacer\">\n\t\t\t<div class=\"elementor-spacer-inner\"><\/div>\n\t\t<\/div>\n\t\t\t\t\t\t<\/div>\n\t\t\t\t<\/div>\n\t\t\t\t<div class=\"elementor-element elementor-element-1077cf3 elementor-widget elementor-widget-image\" data-id=\"1077cf3\" data-element_type=\"widget\" data-e-type=\"widget\" data-widget_type=\"image.default\">\n\t\t\t\t<div class=\"elementor-widget-container\">\n\t\t\t\t\t\t\t\t\t\t\t\t\t\t\t<img fetchpriority=\"high\" decoding=\"async\" width=\"2048\" height=\"1024\" src=\"https:\/\/wwcashmachines.com\/wp-content\/uploads\/2025\/08\/wwcm-trustred-brand-30x15.jpg\" class=\"attachment-2048x2048 size-2048x2048 wp-image-11381 lazy-img\" alt=\"\" srcset=\"https:\/\/wwcashmachines.com\/wp-content\/uploads\/2025\/08\/wwcm-trustred-brand-30x15.jpg 100w\" sizes=\"(max-width: 2048px) 100vw, 2048px\" data-src=\"https:\/\/wwcashmachines.com\/wp-content\/uploads\/2025\/08\/wwcm-trustred-brand-2048x1024.jpg\" data-srcset=\"https:\/\/wwcashmachines.com\/wp-content\/uploads\/2025\/08\/wwcm-trustred-brand-2048x1024.jpg 2048w, https:\/\/wwcashmachines.com\/wp-content\/uploads\/2025\/08\/wwcm-trustred-brand-300x150.jpg 300w, https:\/\/wwcashmachines.com\/wp-content\/uploads\/2025\/08\/wwcm-trustred-brand-1024x512.jpg 1024w, https:\/\/wwcashmachines.com\/wp-content\/uploads\/2025\/08\/wwcm-trustred-brand-768x384.jpg 768w, https:\/\/wwcashmachines.com\/wp-content\/uploads\/2025\/08\/wwcm-trustred-brand-1536x768.jpg 1536w, https:\/\/wwcashmachines.com\/wp-content\/uploads\/2025\/08\/wwcm-trustred-brand-400x200.jpg 400w, https:\/\/wwcashmachines.com\/wp-content\/uploads\/2025\/08\/wwcm-trustred-brand-30x15.jpg 30w\" \/>\t\t\t\t\t\t\t\t\t\t\t\t\t\t\t<\/div>\n\t\t\t\t<\/div>\n\t\t\t\t<div class=\"elementor-element elementor-element-323538a elementor-align-center elementor-widget elementor-widget-button\" data-id=\"323538a\" data-element_type=\"widget\" data-e-type=\"widget\" data-widget_type=\"button.default\">\n\t\t\t\t<div class=\"elementor-widget-container\">\n\t\t\t\t\t\t\t\t\t<div class=\"elementor-button-wrapper\">\n\t\t\t\t\t<a class=\"elementor-button elementor-button-link elementor-size-sm\" href=\"https:\/\/wwcashmachines.com\/es\/\">\n\t\t\t\t\t\t<span class=\"elementor-button-content-wrapper\">\n\t\t\t\t\t\t<span class=\"elementor-button-icon\">\n\t\t\t\t<i aria-hidden=\"true\" class=\"fas fa-home\"><\/i>\t\t\t<\/span>\n\t\t\t\t\t\t\t\t\t<span class=\"elementor-button-text\">INICIO<\/span>\n\t\t\t\t\t<\/span>\n\t\t\t\t\t<\/a>\n\t\t\t\t<\/div>\n\t\t\t\t\t\t\t\t<\/div>\n\t\t\t\t<\/div>\n\t\t\t\t\t<\/div>\n\t\t<\/div>\n\t\t\t\t\t<\/div>\n\t\t<\/section>\n\t\t\t\t<\/div>\n\t\t","protected":false},"excerpt":{"rendered":"<p>https:\/\/wwcashmachines.com\/wp-content\/uploads\/2025\/08\/wwcashmachines.mp4 AUTOMATIZA TU EMPRESA CON LOS SISTEMAS DE GESTI\u00d3N DE WORLDWIDE CASH MACHINES SL Worldwide Cash Machines SL dispone de una potente gama de sistemas de gesti\u00f3n del efectivo para el Front-Office y el Back-Office. Haz que el efectivo fluya a lo largo de tu negocio. Las t\u00e9cnicas m\u00e1s avanzadas de aceptaci\u00f3n y dispensaci\u00f3n de monedas y billetes se combinan con la tecnolog\u00eda y el software de \u00faltima generaci\u00f3n para automatizar las operaciones de efectivo en tu negocio. Reduce costes,&#8230;<\/p>\n","protected":false},"author":7,"featured_media":0,"parent":0,"menu_order":0,"comment_status":"closed","ping_status":"closed","template":"","meta":{"tpgb_global_settings":"","footnotes":""},"class_list":["post-2547","page","type-page","status-publish","hentry"],"yoast_head":"<!-- This site is optimized with the Yoast SEO plugin v27.4 - https:\/\/yoast.com\/product\/yoast-seo-wordpress\/ -->\n<title>Sistemas de gesti\u00f3n de efectivo - Worldwide Cash Machines SL<\/title>\n<meta name=\"description\" content=\"Sistemas de gesti\u00f3n para la automatizaci\u00f3n de efectivo. Quioscos de pago, cobro autom\u00e1tico, cambio inteligente, dep\u00f3sito de efectivo.\" \/>\n<meta name=\"robots\" content=\"index, follow, max-snippet:-1, max-image-preview:large, max-video-preview:-1\" \/>\n<link rel=\"canonical\" href=\"https:\/\/wwcashmachines.com\/es\/sistemas-de-gestion\/\" \/>\n<meta property=\"og:locale\" content=\"es_ES\" \/>\n<meta property=\"og:type\" content=\"article\" \/>\n<meta property=\"og:title\" content=\"Worldwide Cash Machines SL - SISTEMAS DE GESTI\u00d3N\" \/>\n<meta property=\"og:description\" content=\"Sistemas de gesti\u00f3n para la automatizaci\u00f3n de efectivo. Quioscos de pago, cobro autom\u00e1tico, cambio inteligente, dep\u00f3sito de efectivo.\" \/>\n<meta property=\"og:url\" content=\"https:\/\/wwcashmachines.com\/es\/sistemas-de-gestion\/\" \/>\n<meta property=\"og:site_name\" content=\"Worldwide Cash Machines SL\" \/>\n<meta property=\"article:modified_time\" content=\"2025-11-11T14:33:51+00:00\" \/>\n<meta property=\"og:image\" content=\"https:\/\/wwcashmachines.com\/wp-content\/uploads\/2025\/08\/wwcm-trustred-brand-2048x1024.jpg\" \/>\n<meta name=\"twitter:card\" content=\"summary_large_image\" \/>\n<meta name=\"twitter:title\" content=\"Worldwide Cash Machines SL - SISTEMAS DE GESTI\u00d3N\" \/>\n<meta name=\"twitter:label1\" content=\"Tiempo de lectura\" \/>\n\t<meta name=\"twitter:data1\" content=\"2 minutos\" \/>\n<script type=\"application\/ld+json\" class=\"yoast-schema-graph\">{\"@context\":\"https:\\\/\\\/schema.org\",\"@graph\":[{\"@type\":\"WebPage\",\"@id\":\"https:\\\/\\\/wwcashmachines.com\\\/es\\\/sistemas-de-gestion\\\/\",\"url\":\"https:\\\/\\\/wwcashmachines.com\\\/es\\\/sistemas-de-gestion\\\/\",\"name\":\"Sistemas de gesti\u00f3n de efectivo - Worldwide Cash Machines SL\",\"isPartOf\":{\"@id\":\"https:\\\/\\\/wwcashmachines.com\\\/es\\\/#website\"},\"primaryImageOfPage\":{\"@id\":\"https:\\\/\\\/wwcashmachines.com\\\/es\\\/sistemas-de-gestion\\\/#primaryimage\"},\"image\":{\"@id\":\"https:\\\/\\\/wwcashmachines.com\\\/es\\\/sistemas-de-gestion\\\/#primaryimage\"},\"thumbnailUrl\":\"https:\\\/\\\/wwcashmachines.com\\\/wp-content\\\/uploads\\\/2025\\\/08\\\/wwcm-trustred-brand-2048x1024.jpg\",\"datePublished\":\"2021-04-19T08:55:09+00:00\",\"dateModified\":\"2025-11-11T14:33:51+00:00\",\"description\":\"Sistemas de gesti\u00f3n para la automatizaci\u00f3n de efectivo. Quioscos de pago, cobro autom\u00e1tico, cambio inteligente, dep\u00f3sito de efectivo.\",\"breadcrumb\":{\"@id\":\"https:\\\/\\\/wwcashmachines.com\\\/es\\\/sistemas-de-gestion\\\/#breadcrumb\"},\"inLanguage\":\"es\",\"potentialAction\":[{\"@type\":\"ReadAction\",\"target\":[\"https:\\\/\\\/wwcashmachines.com\\\/es\\\/sistemas-de-gestion\\\/\"]}]},{\"@type\":\"ImageObject\",\"inLanguage\":\"es\",\"@id\":\"https:\\\/\\\/wwcashmachines.com\\\/es\\\/sistemas-de-gestion\\\/#primaryimage\",\"url\":\"https:\\\/\\\/wwcashmachines.com\\\/wp-content\\\/uploads\\\/2025\\\/08\\\/wwcm-trustred-brand-2048x1024.jpg\",\"contentUrl\":\"https:\\\/\\\/wwcashmachines.com\\\/wp-content\\\/uploads\\\/2025\\\/08\\\/wwcm-trustred-brand-2048x1024.jpg\"},{\"@type\":\"BreadcrumbList\",\"@id\":\"https:\\\/\\\/wwcashmachines.com\\\/es\\\/sistemas-de-gestion\\\/#breadcrumb\",\"itemListElement\":[{\"@type\":\"ListItem\",\"position\":1,\"name\":\"Portada\",\"item\":\"https:\\\/\\\/wwcashmachines.com\\\/es\\\/\"},{\"@type\":\"ListItem\",\"position\":2,\"name\":\"SISTEMAS DE GESTI\u00d3N\"}]},{\"@type\":\"WebSite\",\"@id\":\"https:\\\/\\\/wwcashmachines.com\\\/es\\\/#website\",\"url\":\"https:\\\/\\\/wwcashmachines.com\\\/es\\\/\",\"name\":\"Worldwide Cash Machines SL\",\"description\":\"Empresa de Cash Management\",\"publisher\":{\"@id\":\"https:\\\/\\\/wwcashmachines.com\\\/es\\\/#organization\"},\"potentialAction\":[{\"@type\":\"SearchAction\",\"target\":{\"@type\":\"EntryPoint\",\"urlTemplate\":\"https:\\\/\\\/wwcashmachines.com\\\/es\\\/?s={search_term_string}\"},\"query-input\":{\"@type\":\"PropertyValueSpecification\",\"valueRequired\":true,\"valueName\":\"search_term_string\"}}],\"inLanguage\":\"es\"},{\"@type\":\"Organization\",\"@id\":\"https:\\\/\\\/wwcashmachines.com\\\/es\\\/#organization\",\"name\":\"Cash Machines S.A.\",\"url\":\"https:\\\/\\\/wwcashmachines.com\\\/es\\\/\",\"logo\":{\"@type\":\"ImageObject\",\"inLanguage\":\"es\",\"@id\":\"https:\\\/\\\/wwcashmachines.com\\\/es\\\/#\\\/schema\\\/logo\\\/image\\\/\",\"url\":\"https:\\\/\\\/wwcashmachines.com\\\/wp-content\\\/uploads\\\/2021\\\/07\\\/cropped-logo-1.png\",\"contentUrl\":\"https:\\\/\\\/wwcashmachines.com\\\/wp-content\\\/uploads\\\/2021\\\/07\\\/cropped-logo-1.png\",\"width\":263,\"height\":100,\"caption\":\"Cash Machines S.A.\"},\"image\":{\"@id\":\"https:\\\/\\\/wwcashmachines.com\\\/es\\\/#\\\/schema\\\/logo\\\/image\\\/\"}}]}<\/script>\n<!-- \/ Yoast SEO plugin. -->","yoast_head_json":{"title":"Sistemas de gesti\u00f3n de efectivo - Worldwide Cash Machines SL","description":"Sistemas de gesti\u00f3n para la automatizaci\u00f3n de efectivo. Quioscos de pago, cobro autom\u00e1tico, cambio inteligente, dep\u00f3sito de efectivo.","robots":{"index":"index","follow":"follow","max-snippet":"max-snippet:-1","max-image-preview":"max-image-preview:large","max-video-preview":"max-video-preview:-1"},"canonical":"https:\/\/wwcashmachines.com\/es\/sistemas-de-gestion\/","og_locale":"es_ES","og_type":"article","og_title":"Worldwide Cash Machines SL - SISTEMAS DE GESTI\u00d3N","og_description":"Sistemas de gesti\u00f3n para la automatizaci\u00f3n de efectivo. Quioscos de pago, cobro autom\u00e1tico, cambio inteligente, dep\u00f3sito de efectivo.","og_url":"https:\/\/wwcashmachines.com\/es\/sistemas-de-gestion\/","og_site_name":"Worldwide Cash Machines SL","article_modified_time":"2025-11-11T14:33:51+00:00","og_image":[{"url":"https:\/\/wwcashmachines.com\/wp-content\/uploads\/2025\/08\/wwcm-trustred-brand-2048x1024.jpg","type":"","width":"","height":""}],"twitter_card":"summary_large_image","twitter_title":"Worldwide Cash Machines SL - SISTEMAS DE GESTI\u00d3N","twitter_misc":{"Tiempo de lectura":"2 minutos"},"schema":{"@context":"https:\/\/schema.org","@graph":[{"@type":"WebPage","@id":"https:\/\/wwcashmachines.com\/es\/sistemas-de-gestion\/","url":"https:\/\/wwcashmachines.com\/es\/sistemas-de-gestion\/","name":"Sistemas de gesti\u00f3n de efectivo - Worldwide Cash Machines SL","isPartOf":{"@id":"https:\/\/wwcashmachines.com\/es\/#website"},"primaryImageOfPage":{"@id":"https:\/\/wwcashmachines.com\/es\/sistemas-de-gestion\/#primaryimage"},"image":{"@id":"https:\/\/wwcashmachines.com\/es\/sistemas-de-gestion\/#primaryimage"},"thumbnailUrl":"https:\/\/wwcashmachines.com\/wp-content\/uploads\/2025\/08\/wwcm-trustred-brand-2048x1024.jpg","datePublished":"2021-04-19T08:55:09+00:00","dateModified":"2025-11-11T14:33:51+00:00","description":"Sistemas de gesti\u00f3n para la automatizaci\u00f3n de efectivo. Quioscos de pago, cobro autom\u00e1tico, cambio inteligente, dep\u00f3sito de efectivo.","breadcrumb":{"@id":"https:\/\/wwcashmachines.com\/es\/sistemas-de-gestion\/#breadcrumb"},"inLanguage":"es","potentialAction":[{"@type":"ReadAction","target":["https:\/\/wwcashmachines.com\/es\/sistemas-de-gestion\/"]}]},{"@type":"ImageObject","inLanguage":"es","@id":"https:\/\/wwcashmachines.com\/es\/sistemas-de-gestion\/#primaryimage","url":"https:\/\/wwcashmachines.com\/wp-content\/uploads\/2025\/08\/wwcm-trustred-brand-2048x1024.jpg","contentUrl":"https:\/\/wwcashmachines.com\/wp-content\/uploads\/2025\/08\/wwcm-trustred-brand-2048x1024.jpg"},{"@type":"BreadcrumbList","@id":"https:\/\/wwcashmachines.com\/es\/sistemas-de-gestion\/#breadcrumb","itemListElement":[{"@type":"ListItem","position":1,"name":"Portada","item":"https:\/\/wwcashmachines.com\/es\/"},{"@type":"ListItem","position":2,"name":"SISTEMAS DE GESTI\u00d3N"}]},{"@type":"WebSite","@id":"https:\/\/wwcashmachines.com\/es\/#website","url":"https:\/\/wwcashmachines.com\/es\/","name":"Worldwide Cash Machines SL","description":"Empresa de Cash Management","publisher":{"@id":"https:\/\/wwcashmachines.com\/es\/#organization"},"potentialAction":[{"@type":"SearchAction","target":{"@type":"EntryPoint","urlTemplate":"https:\/\/wwcashmachines.com\/es\/?s={search_term_string}"},"query-input":{"@type":"PropertyValueSpecification","valueRequired":true,"valueName":"search_term_string"}}],"inLanguage":"es"},{"@type":"Organization","@id":"https:\/\/wwcashmachines.com\/es\/#organization","name":"Cash Machines S.A.","url":"https:\/\/wwcashmachines.com\/es\/","logo":{"@type":"ImageObject","inLanguage":"es","@id":"https:\/\/wwcashmachines.com\/es\/#\/schema\/logo\/image\/","url":"https:\/\/wwcashmachines.com\/wp-content\/uploads\/2021\/07\/cropped-logo-1.png","contentUrl":"https:\/\/wwcashmachines.com\/wp-content\/uploads\/2021\/07\/cropped-logo-1.png","width":263,"height":100,"caption":"Cash Machines S.A."},"image":{"@id":"https:\/\/wwcashmachines.com\/es\/#\/schema\/logo\/image\/"}}]}},"tpgb_featured_images":null,"tpgb_post_meta_info":{"get_date":"19 de abril de 2021","get_modified_date":"11 de noviembre de 2025","author_name":"Albert","author_url":"https:\/\/wwcashmachines.com\/es\/author\/albert\/","author_email":"albert@ticbcn.com","author_website":"","author_description":"","author_facebook":"","author_twitter":"","author_instagram":"","author_role":["administrator"],"author_firstname":"Albert","author_lastname":"","user_login":"Albert","author_avatar":"<img alt='' src='https:\/\/secure.gravatar.com\/avatar\/6a26e0e90d552119ce8ed6256d030652fe7af30ab0ef83cf34bd85c328dcc2a6?s=200&#038;d=mm&#038;r=g' srcset='https:\/\/secure.gravatar.com\/avatar\/6a26e0e90d552119ce8ed6256d030652fe7af30ab0ef83cf34bd85c328dcc2a6?s=400&#038;d=mm&#038;r=g 2x' class='avatar avatar-200 photo' height='200' width='200' decoding='async'\/>","author_avatar_url":"https:\/\/secure.gravatar.com\/avatar\/6a26e0e90d552119ce8ed6256d030652fe7af30ab0ef83cf34bd85c328dcc2a6?s=96&d=mm&r=g","comment_count":0,"post_likes":0,"post_views":0},"tpgb_post_category":[],"_links":{"self":[{"href":"https:\/\/wwcashmachines.com\/es\/wp-json\/wp\/v2\/pages\/2547","targetHints":{"allow":["GET"]}}],"collection":[{"href":"https:\/\/wwcashmachines.com\/es\/wp-json\/wp\/v2\/pages"}],"about":[{"href":"https:\/\/wwcashmachines.com\/es\/wp-json\/wp\/v2\/types\/page"}],"author":[{"embeddable":true,"href":"https:\/\/wwcashmachines.com\/es\/wp-json\/wp\/v2\/users\/7"}],"replies":[{"embeddable":true,"href":"https:\/\/wwcashmachines.com\/es\/wp-json\/wp\/v2\/comments?post=2547"}],"version-history":[{"count":223,"href":"https:\/\/wwcashmachines.com\/es\/wp-json\/wp\/v2\/pages\/2547\/revisions"}],"predecessor-version":[{"id":11817,"href":"https:\/\/wwcashmachines.com\/es\/wp-json\/wp\/v2\/pages\/2547\/revisions\/11817"}],"wp:attachment":[{"href":"https:\/\/wwcashmachines.com\/es\/wp-json\/wp\/v2\/media?parent=2547"}],"curies":[{"name":"wp","href":"https:\/\/api.w.org\/{rel}","templated":true}]}}