{"id":4050,"date":"2021-05-30T16:56:50","date_gmt":"2021-05-30T16:56:50","guid":{"rendered":"https:\/\/wwcashm.com\/?page_id=4050"},"modified":"2025-11-11T16:34:17","modified_gmt":"2025-11-11T14:34:17","slug":"cambio-inteligente","status":"publish","type":"page","link":"https:\/\/wwcashmachines.com\/es\/sistemas-de-gestion\/cambio-inteligente\/","title":{"rendered":"CAMBIO INTELIGENTE"},"content":{"rendered":"\t\t<div data-elementor-type=\"wp-page\" data-elementor-id=\"4050\" class=\"elementor elementor-4050\" data-elementor-post-type=\"page\">\n\t\t\t\t\t\t<section class=\"has_eae_slider elementor-section elementor-top-section elementor-element elementor-element-823e9b3 elementor-section-boxed elementor-section-height-default elementor-section-height-default\" data-eae-slider=\"95794\" data-id=\"823e9b3\" data-element_type=\"section\" data-e-type=\"section\">\n\t\t\t\t\t\t<div class=\"elementor-container elementor-column-gap-default\">\n\t\t\t\t\t<div class=\"has_eae_slider elementor-column elementor-col-100 elementor-top-column elementor-element elementor-element-5c2bff8\" data-eae-slider=\"50962\" data-id=\"5c2bff8\" data-element_type=\"column\" data-e-type=\"column\">\n\t\t\t<div class=\"elementor-widget-wrap elementor-element-populated\">\n\t\t\t\t\t\t<div class=\"elementor-element elementor-element-e9eb77b elementor-widget elementor-widget-video\" data-id=\"e9eb77b\" data-element_type=\"widget\" data-e-type=\"widget\" data-settings=\"{&quot;video_type&quot;:&quot;hosted&quot;,&quot;autoplay&quot;:&quot;yes&quot;,&quot;play_on_mobile&quot;:&quot;yes&quot;,&quot;loop&quot;:&quot;yes&quot;}\" data-widget_type=\"video.default\">\n\t\t\t\t<div class=\"elementor-widget-container\">\n\t\t\t\t\t\t\t<div class=\"e-hosted-video elementor-wrapper elementor-open-inline\">\n\t\t\t\t\t<video class=\"elementor-video\" src=\"https:\/\/wwcashmachines.com\/wp-content\/uploads\/2025\/08\/wwcashmachines.mp4\" autoplay=\"\" loop=\"\" playsinline=\"\" controlsList=\"nodownload\"><\/video>\n\t\t\t\t<\/div>\n\t\t\t\t\t\t<\/div>\n\t\t\t\t<\/div>\n\t\t\t\t<div class=\"elementor-element elementor-element-351a46d elementor-widget elementor-widget-heading\" data-id=\"351a46d\" data-element_type=\"widget\" data-e-type=\"widget\" data-widget_type=\"heading.default\">\n\t\t\t\t<div class=\"elementor-widget-container\">\n\t\t\t\t\t<h3 class=\"elementor-heading-title elementor-size-default\">M\u00c1QUINA DISPENSADORA DE CAMBIO INTELIGENTE<\/h3>\t\t\t\t<\/div>\n\t\t\t\t<\/div>\n\t\t\t\t<div class=\"elementor-element elementor-element-82ccff3 elementor-widget elementor-widget-text-editor\" data-id=\"82ccff3\" data-element_type=\"widget\" data-e-type=\"widget\" data-widget_type=\"text-editor.default\">\n\t\t\t\t<div class=\"elementor-widget-container\">\n\t\t\t\t\t\t\t\t\t<p>Nuestro producto de fabricaci\u00f3n propia \u00abCHM\u00bb es una m\u00e1quina de cambio con unas prestaciones que la hacen ideal para la dotaci\u00f3n de cambio a sus empleados. Cambios preestablecidos, gesti\u00f3n remota v\u00eda web, dotaci\u00f3n a cr\u00e9dito son algunas de las prestaciones que har\u00e1n de la gesti\u00f3n de cambios y dotaci\u00f3n de efectivo un proceso totalmente controlado y previsible.<\/p><div><p>Ya no ser\u00e1 necesario tener una persona de caja para preparar las bolsas de monedas que necesitan los repartidores del sector vending o para el fondo de caja de los conductores de empresas de transporte.<\/p><\/div><p>Los equipos dispensadores de efectivo de la serie \u00abCHM\u00bb\u00a0pueden dispensar hasta 6 tipos de monedas con una capacidad de m\u00e1s de 1.000 monedas de cada tipo y\/o hasta 4 denominaciones de billetes.<\/p>\t\t\t\t\t\t\t\t<\/div>\n\t\t\t\t<\/div>\n\t\t\t\t\t<\/div>\n\t\t<\/div>\n\t\t\t\t\t<\/div>\n\t\t<\/section>\n\t\t\t\t<section class=\"has_eae_slider elementor-section elementor-top-section elementor-element elementor-element-719268b elementor-section-boxed elementor-section-height-default elementor-section-height-default\" data-eae-slider=\"18184\" data-id=\"719268b\" data-element_type=\"section\" data-e-type=\"section\" data-settings=\"{&quot;background_background&quot;:&quot;classic&quot;}\">\n\t\t\t\t\t\t<div class=\"elementor-container elementor-column-gap-default\">\n\t\t\t\t\t<div class=\"has_eae_slider elementor-column elementor-col-33 elementor-top-column elementor-element elementor-element-f6463de\" data-eae-slider=\"21076\" data-id=\"f6463de\" data-element_type=\"column\" data-e-type=\"column\">\n\t\t\t<div class=\"elementor-widget-wrap\">\n\t\t\t\t\t\t\t<\/div>\n\t\t<\/div>\n\t\t\t\t<div class=\"has_eae_slider elementor-column elementor-col-33 elementor-top-column elementor-element elementor-element-e07fdcb\" data-eae-slider=\"32423\" data-id=\"e07fdcb\" data-element_type=\"column\" data-e-type=\"column\">\n\t\t\t<div class=\"elementor-widget-wrap elementor-element-populated\">\n\t\t\t\t\t\t<div class=\"elementor-element elementor-element-33d6f5c elementor-cta--skin-classic elementor-animated-content elementor-bg-transform elementor-bg-transform-zoom-in elementor-widget elementor-widget-call-to-action\" data-id=\"33d6f5c\" data-element_type=\"widget\" data-e-type=\"widget\" data-widget_type=\"call-to-action.default\">\n\t\t\t\t<div class=\"elementor-widget-container\">\n\t\t\t\t\t\t\t<div class=\"elementor-cta\">\n\t\t\t\t\t<div class=\"elementor-cta__bg-wrapper\">\n\t\t\t\t<div class=\"elementor-cta__bg elementor-bg\" style=\"background-image: url(https:\/\/wwcashmachines.com\/wp-content\/uploads\/2025\/08\/chm_pfp-1.jpg);\" role=\"img\" aria-label=\"chm_pfp\"><\/div>\n\t\t\t\t<div class=\"elementor-cta__bg-overlay\"><\/div>\n\t\t\t<\/div>\n\t\t\t\t\t\t\t<div class=\"elementor-cta__content\">\n\t\t\t\t\n\t\t\t\t\t\t\t\t\t<h2 class=\"elementor-cta__title elementor-cta__content-item elementor-content-item\">\n\t\t\t\t\t\tCHM\t\t\t\t\t<\/h2>\n\t\t\t\t\n\t\t\t\t\t\t\t\t\t<div class=\"elementor-cta__description elementor-cta__content-item elementor-content-item\">\n\t\t\t\t\t\tM\u00e1quina de dispensaci\u00f3n de cambio inteligente.\t\t\t\t\t<\/div>\n\t\t\t\t\n\t\t\t\t\t\t\t\t\t<div class=\"elementor-cta__button-wrapper elementor-cta__content-item elementor-content-item \">\n\t\t\t\t\t<a class=\"elementor-cta__button elementor-button elementor-size-\" href=\"https:\/\/wwcashmachines.com\/es\/producto\/cashchange\/\">\n\t\t\t\t\t\tHaz clic aqu\u00ed\t\t\t\t\t<\/a>\n\t\t\t\t\t<\/div>\n\t\t\t\t\t\t\t<\/div>\n\t\t\t\t\t\t<\/div>\n\t\t\t\t\t\t<\/div>\n\t\t\t\t<\/div>\n\t\t\t\t\t<\/div>\n\t\t<\/div>\n\t\t\t\t<div class=\"has_eae_slider elementor-column elementor-col-33 elementor-top-column elementor-element elementor-element-a89a4f4\" data-eae-slider=\"82664\" data-id=\"a89a4f4\" data-element_type=\"column\" data-e-type=\"column\">\n\t\t\t<div class=\"elementor-widget-wrap\">\n\t\t\t\t\t\t\t<\/div>\n\t\t<\/div>\n\t\t\t\t\t<\/div>\n\t\t<\/section>\n\t\t\t\t<section class=\"has_eae_slider elementor-section elementor-top-section elementor-element elementor-element-11fd2c1 elementor-section-boxed elementor-section-height-default elementor-section-height-default\" data-eae-slider=\"30952\" data-id=\"11fd2c1\" data-element_type=\"section\" data-e-type=\"section\">\n\t\t\t\t\t\t<div class=\"elementor-container elementor-column-gap-default\">\n\t\t\t\t\t<div class=\"has_eae_slider elementor-column elementor-col-100 elementor-top-column elementor-element elementor-element-0b29a0d\" data-eae-slider=\"95731\" data-id=\"0b29a0d\" data-element_type=\"column\" data-e-type=\"column\">\n\t\t\t<div class=\"elementor-widget-wrap elementor-element-populated\">\n\t\t\t\t\t\t<div class=\"elementor-element elementor-element-8a66608 elementor-headline--style-highlight elementor-widget elementor-widget-animated-headline\" data-id=\"8a66608\" data-element_type=\"widget\" data-e-type=\"widget\" data-settings=\"{&quot;highlighted_text&quot;:&quot;confianza&quot;,&quot;headline_style&quot;:&quot;highlight&quot;,&quot;marker&quot;:&quot;circle&quot;,&quot;loop&quot;:&quot;yes&quot;,&quot;highlight_animation_duration&quot;:1200,&quot;highlight_iteration_delay&quot;:8000}\" data-widget_type=\"animated-headline.default\">\n\t\t\t\t<div class=\"elementor-widget-container\">\n\t\t\t\t\t\t\t<h3 class=\"elementor-headline\">\n\t\t\t\t\t<span class=\"elementor-headline-plain-text elementor-headline-text-wrapper\">Tu marca de<\/span>\n\t\t\t\t<span class=\"elementor-headline-dynamic-wrapper elementor-headline-text-wrapper\">\n\t\t\t\t\t<span class=\"elementor-headline-dynamic-text elementor-headline-text-active\">confianza<\/span>\n\t\t\t\t<\/span>\n\t\t\t\t<\/h3>\n\t\t\t\t\t\t<\/div>\n\t\t\t\t<\/div>\n\t\t\t\t<div class=\"elementor-element elementor-element-a8150ec elementor-widget elementor-widget-image\" data-id=\"a8150ec\" data-element_type=\"widget\" data-e-type=\"widget\" data-widget_type=\"image.default\">\n\t\t\t\t<div class=\"elementor-widget-container\">\n\t\t\t\t\t\t\t\t\t\t\t\t\t\t\t<img fetchpriority=\"high\" decoding=\"async\" width=\"2048\" height=\"1024\" src=\"https:\/\/wwcashmachines.com\/wp-content\/uploads\/2025\/08\/Worldwide-Cash-Machines-3-30x15.jpg\" class=\"attachment-2048x2048 size-2048x2048 wp-image-11358 lazy-img\" alt=\"\" srcset=\"https:\/\/wwcashmachines.com\/wp-content\/uploads\/2025\/08\/Worldwide-Cash-Machines-3-30x15.jpg 100w\" sizes=\"(max-width: 2048px) 100vw, 2048px\" data-src=\"https:\/\/wwcashmachines.com\/wp-content\/uploads\/2025\/08\/Worldwide-Cash-Machines-3-2048x1024.jpg\" data-srcset=\"https:\/\/wwcashmachines.com\/wp-content\/uploads\/2025\/08\/Worldwide-Cash-Machines-3-2048x1024.jpg 2048w, https:\/\/wwcashmachines.com\/wp-content\/uploads\/2025\/08\/Worldwide-Cash-Machines-3-300x150.jpg 300w, https:\/\/wwcashmachines.com\/wp-content\/uploads\/2025\/08\/Worldwide-Cash-Machines-3-1024x512.jpg 1024w, https:\/\/wwcashmachines.com\/wp-content\/uploads\/2025\/08\/Worldwide-Cash-Machines-3-768x384.jpg 768w, https:\/\/wwcashmachines.com\/wp-content\/uploads\/2025\/08\/Worldwide-Cash-Machines-3-1536x768.jpg 1536w, https:\/\/wwcashmachines.com\/wp-content\/uploads\/2025\/08\/Worldwide-Cash-Machines-3-400x200.jpg 400w, https:\/\/wwcashmachines.com\/wp-content\/uploads\/2025\/08\/Worldwide-Cash-Machines-3-30x15.jpg 30w\" \/>\t\t\t\t\t\t\t\t\t\t\t\t\t\t\t<\/div>\n\t\t\t\t<\/div>\n\t\t\t\t<section class=\"has_eae_slider elementor-section elementor-inner-section elementor-element elementor-element-b915872 elementor-section-boxed elementor-section-height-default elementor-section-height-default\" data-eae-slider=\"4958\" data-id=\"b915872\" data-element_type=\"section\" data-e-type=\"section\">\n\t\t\t\t\t\t<div class=\"elementor-container elementor-column-gap-default\">\n\t\t\t\t\t<div class=\"has_eae_slider elementor-column elementor-col-50 elementor-inner-column elementor-element elementor-element-a6923ba\" data-eae-slider=\"46540\" data-id=\"a6923ba\" data-element_type=\"column\" data-e-type=\"column\">\n\t\t\t<div class=\"elementor-widget-wrap elementor-element-populated\">\n\t\t\t\t\t\t<div class=\"elementor-element elementor-element-dff9080 elementor-align-center elementor-widget elementor-widget-button\" data-id=\"dff9080\" data-element_type=\"widget\" data-e-type=\"widget\" data-widget_type=\"button.default\">\n\t\t\t\t<div class=\"elementor-widget-container\">\n\t\t\t\t\t\t\t\t\t<div class=\"elementor-button-wrapper\">\n\t\t\t\t\t<a class=\"elementor-button elementor-button-link elementor-size-sm\" href=\"https:\/\/wwcashmachines.com\/es\/\">\n\t\t\t\t\t\t<span class=\"elementor-button-content-wrapper\">\n\t\t\t\t\t\t<span class=\"elementor-button-icon\">\n\t\t\t\t<i aria-hidden=\"true\" class=\"fas fa-home\"><\/i>\t\t\t<\/span>\n\t\t\t\t\t\t\t\t\t<span class=\"elementor-button-text\">INICIO<\/span>\n\t\t\t\t\t<\/span>\n\t\t\t\t\t<\/a>\n\t\t\t\t<\/div>\n\t\t\t\t\t\t\t\t<\/div>\n\t\t\t\t<\/div>\n\t\t\t\t\t<\/div>\n\t\t<\/div>\n\t\t\t\t<div class=\"has_eae_slider elementor-column elementor-col-50 elementor-inner-column elementor-element elementor-element-f10d59e\" data-eae-slider=\"41603\" data-id=\"f10d59e\" data-element_type=\"column\" data-e-type=\"column\">\n\t\t\t<div class=\"elementor-widget-wrap elementor-element-populated\">\n\t\t\t\t\t\t<div class=\"elementor-element elementor-element-84c9730 elementor-align-center elementor-widget elementor-widget-button\" data-id=\"84c9730\" data-element_type=\"widget\" data-e-type=\"widget\" data-widget_type=\"button.default\">\n\t\t\t\t<div class=\"elementor-widget-container\">\n\t\t\t\t\t\t\t\t\t<div class=\"elementor-button-wrapper\">\n\t\t\t\t\t<a class=\"elementor-button elementor-button-link elementor-size-sm\" href=\"https:\/\/wwcashmachines.com\/es\/sistemas-de-gestion\/\">\n\t\t\t\t\t\t<span class=\"elementor-button-content-wrapper\">\n\t\t\t\t\t\t<span class=\"elementor-button-icon\">\n\t\t\t\t<i aria-hidden=\"true\" class=\"fas fa-list\"><\/i>\t\t\t<\/span>\n\t\t\t\t\t\t\t\t\t<span class=\"elementor-button-text\">SISTEMAS DE GESTI\u00d3N<\/span>\n\t\t\t\t\t<\/span>\n\t\t\t\t\t<\/a>\n\t\t\t\t<\/div>\n\t\t\t\t\t\t\t\t<\/div>\n\t\t\t\t<\/div>\n\t\t\t\t\t<\/div>\n\t\t<\/div>\n\t\t\t\t\t<\/div>\n\t\t<\/section>\n\t\t\t\t\t<\/div>\n\t\t<\/div>\n\t\t\t\t\t<\/div>\n\t\t<\/section>\n\t\t\t\t<\/div>\n\t\t","protected":false},"excerpt":{"rendered":"<p>https:\/\/wwcashmachines.com\/wp-content\/uploads\/2025\/08\/wwcashmachines.mp4 M\u00c1QUINA DISPENSADORA DE CAMBIO INTELIGENTE Nuestro producto de fabricaci\u00f3n propia \u00abCHM\u00bb es una m\u00e1quina de cambio con unas prestaciones que la hacen ideal para la dotaci\u00f3n de cambio a sus empleados. Cambios preestablecidos, gesti\u00f3n remota v\u00eda web, dotaci\u00f3n a cr\u00e9dito son algunas de las prestaciones que har\u00e1n de la gesti\u00f3n de cambios y dotaci\u00f3n de efectivo un proceso totalmente controlado y previsible. Ya no ser\u00e1 necesario tener una persona de caja para preparar las bolsas de monedas que necesitan&#8230;<\/p>\n","protected":false},"author":7,"featured_media":0,"parent":2547,"menu_order":0,"comment_status":"closed","ping_status":"closed","template":"","meta":{"tpgb_global_settings":"","footnotes":""},"class_list":["post-4050","page","type-page","status-publish","hentry"],"yoast_head":"<!-- This site is optimized with the Yoast SEO plugin v27.3 - https:\/\/yoast.com\/product\/yoast-seo-wordpress\/ -->\n<title>CAMBIO INTELIGENTE - CashChange - Worldwide Cash Machines SL<\/title>\n<meta name=\"description\" content=\"CAMBIO INTELIGENTE \u2705 \u00a1Nuestro producto de fabricaci\u00f3n propia! Cambios preestablecidos, gesti\u00f3n remota, dotaci\u00f3n a cr\u00e9dito controlado.\" \/>\n<meta name=\"robots\" content=\"index, follow, max-snippet:-1, max-image-preview:large, max-video-preview:-1\" \/>\n<link rel=\"canonical\" href=\"https:\/\/wwcashmachines.com\/es\/sistemas-de-gestion\/cambio-inteligente\/\" \/>\n<meta property=\"og:locale\" content=\"es_ES\" \/>\n<meta property=\"og:type\" content=\"article\" \/>\n<meta property=\"og:title\" content=\"Worldwide Cash Machines SL - CAMBIO INTELIGENTE\" \/>\n<meta property=\"og:description\" content=\"CAMBIO INTELIGENTE \u2705 \u00a1Nuestro producto de fabricaci\u00f3n propia! Cambios preestablecidos, gesti\u00f3n remota, dotaci\u00f3n a cr\u00e9dito controlado.\" \/>\n<meta property=\"og:url\" content=\"https:\/\/wwcashmachines.com\/es\/sistemas-de-gestion\/cambio-inteligente\/\" \/>\n<meta property=\"og:site_name\" content=\"Worldwide Cash Machines SL\" \/>\n<meta property=\"article:modified_time\" content=\"2025-11-11T14:34:17+00:00\" \/>\n<meta property=\"og:image\" content=\"https:\/\/wwcashmachines.com\/wp-content\/uploads\/2025\/08\/Worldwide-Cash-Machines-3-scaled.jpg\" \/>\n\t<meta property=\"og:image:width\" content=\"2560\" \/>\n\t<meta property=\"og:image:height\" content=\"1280\" \/>\n\t<meta property=\"og:image:type\" content=\"image\/jpeg\" \/>\n<meta name=\"twitter:card\" content=\"summary_large_image\" \/>\n<meta name=\"twitter:title\" content=\"Worldwide Cash Machines SL - CAMBIO INTELIGENTE\" \/>\n<meta name=\"twitter:label1\" content=\"Tiempo de lectura\" \/>\n\t<meta name=\"twitter:data1\" content=\"1 minuto\" \/>\n<script type=\"application\/ld+json\" class=\"yoast-schema-graph\">{\"@context\":\"https:\\\/\\\/schema.org\",\"@graph\":[{\"@type\":\"WebPage\",\"@id\":\"https:\\\/\\\/wwcashmachines.com\\\/es\\\/sistemas-de-gestion\\\/cambio-inteligente\\\/\",\"url\":\"https:\\\/\\\/wwcashmachines.com\\\/es\\\/sistemas-de-gestion\\\/cambio-inteligente\\\/\",\"name\":\"CAMBIO INTELIGENTE - CashChange - Worldwide Cash Machines SL\",\"isPartOf\":{\"@id\":\"https:\\\/\\\/wwcashmachines.com\\\/es\\\/#website\"},\"primaryImageOfPage\":{\"@id\":\"https:\\\/\\\/wwcashmachines.com\\\/es\\\/sistemas-de-gestion\\\/cambio-inteligente\\\/#primaryimage\"},\"image\":{\"@id\":\"https:\\\/\\\/wwcashmachines.com\\\/es\\\/sistemas-de-gestion\\\/cambio-inteligente\\\/#primaryimage\"},\"thumbnailUrl\":\"https:\\\/\\\/wwcashmachines.com\\\/wp-content\\\/uploads\\\/2025\\\/08\\\/Worldwide-Cash-Machines-3-2048x1024.jpg\",\"datePublished\":\"2021-05-30T16:56:50+00:00\",\"dateModified\":\"2025-11-11T14:34:17+00:00\",\"description\":\"CAMBIO INTELIGENTE \u2705 \u00a1Nuestro producto de fabricaci\u00f3n propia! Cambios preestablecidos, gesti\u00f3n remota, dotaci\u00f3n a cr\u00e9dito controlado.\",\"breadcrumb\":{\"@id\":\"https:\\\/\\\/wwcashmachines.com\\\/es\\\/sistemas-de-gestion\\\/cambio-inteligente\\\/#breadcrumb\"},\"inLanguage\":\"es\",\"potentialAction\":[{\"@type\":\"ReadAction\",\"target\":[\"https:\\\/\\\/wwcashmachines.com\\\/es\\\/sistemas-de-gestion\\\/cambio-inteligente\\\/\"]}]},{\"@type\":\"ImageObject\",\"inLanguage\":\"es\",\"@id\":\"https:\\\/\\\/wwcashmachines.com\\\/es\\\/sistemas-de-gestion\\\/cambio-inteligente\\\/#primaryimage\",\"url\":\"https:\\\/\\\/wwcashmachines.com\\\/wp-content\\\/uploads\\\/2025\\\/08\\\/Worldwide-Cash-Machines-3-2048x1024.jpg\",\"contentUrl\":\"https:\\\/\\\/wwcashmachines.com\\\/wp-content\\\/uploads\\\/2025\\\/08\\\/Worldwide-Cash-Machines-3-2048x1024.jpg\"},{\"@type\":\"BreadcrumbList\",\"@id\":\"https:\\\/\\\/wwcashmachines.com\\\/es\\\/sistemas-de-gestion\\\/cambio-inteligente\\\/#breadcrumb\",\"itemListElement\":[{\"@type\":\"ListItem\",\"position\":1,\"name\":\"Portada\",\"item\":\"https:\\\/\\\/wwcashmachines.com\\\/es\\\/\"},{\"@type\":\"ListItem\",\"position\":2,\"name\":\"SISTEMAS DE GESTI\u00d3N\",\"item\":\"https:\\\/\\\/wwcashmachines.com\\\/es\\\/sistemas-de-gestion\\\/\"},{\"@type\":\"ListItem\",\"position\":3,\"name\":\"CAMBIO INTELIGENTE\"}]},{\"@type\":\"WebSite\",\"@id\":\"https:\\\/\\\/wwcashmachines.com\\\/es\\\/#website\",\"url\":\"https:\\\/\\\/wwcashmachines.com\\\/es\\\/\",\"name\":\"Worldwide Cash Machines SL\",\"description\":\"Empresa de Cash Management\",\"publisher\":{\"@id\":\"https:\\\/\\\/wwcashmachines.com\\\/es\\\/#organization\"},\"potentialAction\":[{\"@type\":\"SearchAction\",\"target\":{\"@type\":\"EntryPoint\",\"urlTemplate\":\"https:\\\/\\\/wwcashmachines.com\\\/es\\\/?s={search_term_string}\"},\"query-input\":{\"@type\":\"PropertyValueSpecification\",\"valueRequired\":true,\"valueName\":\"search_term_string\"}}],\"inLanguage\":\"es\"},{\"@type\":\"Organization\",\"@id\":\"https:\\\/\\\/wwcashmachines.com\\\/es\\\/#organization\",\"name\":\"Cash Machines S.A.\",\"url\":\"https:\\\/\\\/wwcashmachines.com\\\/es\\\/\",\"logo\":{\"@type\":\"ImageObject\",\"inLanguage\":\"es\",\"@id\":\"https:\\\/\\\/wwcashmachines.com\\\/es\\\/#\\\/schema\\\/logo\\\/image\\\/\",\"url\":\"https:\\\/\\\/wwcashmachines.com\\\/wp-content\\\/uploads\\\/2021\\\/07\\\/cropped-logo-1.png\",\"contentUrl\":\"https:\\\/\\\/wwcashmachines.com\\\/wp-content\\\/uploads\\\/2021\\\/07\\\/cropped-logo-1.png\",\"width\":263,\"height\":100,\"caption\":\"Cash Machines S.A.\"},\"image\":{\"@id\":\"https:\\\/\\\/wwcashmachines.com\\\/es\\\/#\\\/schema\\\/logo\\\/image\\\/\"}}]}<\/script>\n<!-- \/ Yoast SEO plugin. -->","yoast_head_json":{"title":"CAMBIO INTELIGENTE - CashChange - Worldwide Cash Machines SL","description":"CAMBIO INTELIGENTE \u2705 \u00a1Nuestro producto de fabricaci\u00f3n propia! Cambios preestablecidos, gesti\u00f3n remota, dotaci\u00f3n a cr\u00e9dito controlado.","robots":{"index":"index","follow":"follow","max-snippet":"max-snippet:-1","max-image-preview":"max-image-preview:large","max-video-preview":"max-video-preview:-1"},"canonical":"https:\/\/wwcashmachines.com\/es\/sistemas-de-gestion\/cambio-inteligente\/","og_locale":"es_ES","og_type":"article","og_title":"Worldwide Cash Machines SL - CAMBIO INTELIGENTE","og_description":"CAMBIO INTELIGENTE \u2705 \u00a1Nuestro producto de fabricaci\u00f3n propia! Cambios preestablecidos, gesti\u00f3n remota, dotaci\u00f3n a cr\u00e9dito controlado.","og_url":"https:\/\/wwcashmachines.com\/es\/sistemas-de-gestion\/cambio-inteligente\/","og_site_name":"Worldwide Cash Machines SL","article_modified_time":"2025-11-11T14:34:17+00:00","og_image":[{"width":2560,"height":1280,"url":"https:\/\/wwcashmachines.com\/wp-content\/uploads\/2025\/08\/Worldwide-Cash-Machines-3-scaled.jpg","type":"image\/jpeg"}],"twitter_card":"summary_large_image","twitter_title":"Worldwide Cash Machines SL - CAMBIO INTELIGENTE","twitter_misc":{"Tiempo de lectura":"1 minuto"},"schema":{"@context":"https:\/\/schema.org","@graph":[{"@type":"WebPage","@id":"https:\/\/wwcashmachines.com\/es\/sistemas-de-gestion\/cambio-inteligente\/","url":"https:\/\/wwcashmachines.com\/es\/sistemas-de-gestion\/cambio-inteligente\/","name":"CAMBIO INTELIGENTE - CashChange - Worldwide Cash Machines SL","isPartOf":{"@id":"https:\/\/wwcashmachines.com\/es\/#website"},"primaryImageOfPage":{"@id":"https:\/\/wwcashmachines.com\/es\/sistemas-de-gestion\/cambio-inteligente\/#primaryimage"},"image":{"@id":"https:\/\/wwcashmachines.com\/es\/sistemas-de-gestion\/cambio-inteligente\/#primaryimage"},"thumbnailUrl":"https:\/\/wwcashmachines.com\/wp-content\/uploads\/2025\/08\/Worldwide-Cash-Machines-3-2048x1024.jpg","datePublished":"2021-05-30T16:56:50+00:00","dateModified":"2025-11-11T14:34:17+00:00","description":"CAMBIO INTELIGENTE \u2705 \u00a1Nuestro producto de fabricaci\u00f3n propia! Cambios preestablecidos, gesti\u00f3n remota, dotaci\u00f3n a cr\u00e9dito controlado.","breadcrumb":{"@id":"https:\/\/wwcashmachines.com\/es\/sistemas-de-gestion\/cambio-inteligente\/#breadcrumb"},"inLanguage":"es","potentialAction":[{"@type":"ReadAction","target":["https:\/\/wwcashmachines.com\/es\/sistemas-de-gestion\/cambio-inteligente\/"]}]},{"@type":"ImageObject","inLanguage":"es","@id":"https:\/\/wwcashmachines.com\/es\/sistemas-de-gestion\/cambio-inteligente\/#primaryimage","url":"https:\/\/wwcashmachines.com\/wp-content\/uploads\/2025\/08\/Worldwide-Cash-Machines-3-2048x1024.jpg","contentUrl":"https:\/\/wwcashmachines.com\/wp-content\/uploads\/2025\/08\/Worldwide-Cash-Machines-3-2048x1024.jpg"},{"@type":"BreadcrumbList","@id":"https:\/\/wwcashmachines.com\/es\/sistemas-de-gestion\/cambio-inteligente\/#breadcrumb","itemListElement":[{"@type":"ListItem","position":1,"name":"Portada","item":"https:\/\/wwcashmachines.com\/es\/"},{"@type":"ListItem","position":2,"name":"SISTEMAS DE GESTI\u00d3N","item":"https:\/\/wwcashmachines.com\/es\/sistemas-de-gestion\/"},{"@type":"ListItem","position":3,"name":"CAMBIO INTELIGENTE"}]},{"@type":"WebSite","@id":"https:\/\/wwcashmachines.com\/es\/#website","url":"https:\/\/wwcashmachines.com\/es\/","name":"Worldwide Cash Machines SL","description":"Empresa de Cash Management","publisher":{"@id":"https:\/\/wwcashmachines.com\/es\/#organization"},"potentialAction":[{"@type":"SearchAction","target":{"@type":"EntryPoint","urlTemplate":"https:\/\/wwcashmachines.com\/es\/?s={search_term_string}"},"query-input":{"@type":"PropertyValueSpecification","valueRequired":true,"valueName":"search_term_string"}}],"inLanguage":"es"},{"@type":"Organization","@id":"https:\/\/wwcashmachines.com\/es\/#organization","name":"Cash Machines S.A.","url":"https:\/\/wwcashmachines.com\/es\/","logo":{"@type":"ImageObject","inLanguage":"es","@id":"https:\/\/wwcashmachines.com\/es\/#\/schema\/logo\/image\/","url":"https:\/\/wwcashmachines.com\/wp-content\/uploads\/2021\/07\/cropped-logo-1.png","contentUrl":"https:\/\/wwcashmachines.com\/wp-content\/uploads\/2021\/07\/cropped-logo-1.png","width":263,"height":100,"caption":"Cash Machines S.A."},"image":{"@id":"https:\/\/wwcashmachines.com\/es\/#\/schema\/logo\/image\/"}}]}},"tpgb_featured_images":null,"tpgb_post_meta_info":{"get_date":"30 de mayo de 2021","get_modified_date":"11 de noviembre de 2025","author_name":"Albert","author_url":"https:\/\/wwcashmachines.com\/es\/author\/albert\/","author_email":"albert@ticbcn.com","author_website":"","author_description":"","author_facebook":"","author_twitter":"","author_instagram":"","author_role":["administrator"],"author_firstname":"Albert","author_lastname":"","user_login":"Albert","author_avatar":"<img alt='' src='https:\/\/secure.gravatar.com\/avatar\/6a26e0e90d552119ce8ed6256d030652fe7af30ab0ef83cf34bd85c328dcc2a6?s=200&#038;d=mm&#038;r=g' srcset='https:\/\/secure.gravatar.com\/avatar\/6a26e0e90d552119ce8ed6256d030652fe7af30ab0ef83cf34bd85c328dcc2a6?s=400&#038;d=mm&#038;r=g 2x' class='avatar avatar-200 photo' height='200' width='200' decoding='async'\/>","author_avatar_url":"https:\/\/secure.gravatar.com\/avatar\/6a26e0e90d552119ce8ed6256d030652fe7af30ab0ef83cf34bd85c328dcc2a6?s=96&d=mm&r=g","comment_count":0,"post_likes":0,"post_views":0},"tpgb_post_category":[],"_links":{"self":[{"href":"https:\/\/wwcashmachines.com\/es\/wp-json\/wp\/v2\/pages\/4050","targetHints":{"allow":["GET"]}}],"collection":[{"href":"https:\/\/wwcashmachines.com\/es\/wp-json\/wp\/v2\/pages"}],"about":[{"href":"https:\/\/wwcashmachines.com\/es\/wp-json\/wp\/v2\/types\/page"}],"author":[{"embeddable":true,"href":"https:\/\/wwcashmachines.com\/es\/wp-json\/wp\/v2\/users\/7"}],"replies":[{"embeddable":true,"href":"https:\/\/wwcashmachines.com\/es\/wp-json\/wp\/v2\/comments?post=4050"}],"version-history":[{"count":53,"href":"https:\/\/wwcashmachines.com\/es\/wp-json\/wp\/v2\/pages\/4050\/revisions"}],"predecessor-version":[{"id":11820,"href":"https:\/\/wwcashmachines.com\/es\/wp-json\/wp\/v2\/pages\/4050\/revisions\/11820"}],"up":[{"embeddable":true,"href":"https:\/\/wwcashmachines.com\/es\/wp-json\/wp\/v2\/pages\/2547"}],"wp:attachment":[{"href":"https:\/\/wwcashmachines.com\/es\/wp-json\/wp\/v2\/media?parent=4050"}],"curies":[{"name":"wp","href":"https:\/\/api.w.org\/{rel}","templated":true}]}}