{"id":10269,"date":"2023-06-14T15:10:18","date_gmt":"2023-06-14T13:10:18","guid":{"rendered":"https:\/\/wwcashmachines.com\/?post_type=product&#038;p=10269"},"modified":"2025-04-17T10:52:14","modified_gmt":"2025-04-17T08:52:14","slug":"mach-3","status":"publish","type":"product","link":"https:\/\/wwcashmachines.com\/es\/producto\/mach-3\/","title":{"rendered":"MACH 3"},"content":{"rendered":"<p><em><strong>MACH 3: LA CLASIFICADORA DE MONEDAS VERS\u00c1TIL Y EFICIENTE.<\/strong><\/em><\/p>\n<div>\n<p>La contadora clasificadora de monedas MACH 3 es un modelo econ\u00f3mico que ofrece un contaje eficiente y tiene capacidad para procesar hasta 1500 monedas por minuto, lo que la convierte en una alternativa r\u00e1pida y fiable al contaje y clasificaci\u00f3n de moneda manual. Proporciona un mayor velocidad de clasificaci\u00f3n que cualquier contadora clasificadora de su clase y reduce el tiempo de procesamiento de las monedas con el m\u00e1s alto grado de precisi\u00f3n.<\/p>\n<div>\n<p>Ubicable en cualquier entorno de trabajo, el equipo incorpora una asa a su dise\u00f1o que facilita su transporte.<\/p>\n<div>\n<p>M\u00e1quina de alta usabilidad. Dispone de teclado num\u00e9rico que permite operar de manera sencilla con cantidades, grupos y totales finales. Una pantalla alfanum\u00e9rica de dos l\u00edneas presenta mensajes operacionales. Funci\u00f3n de seguridad que permite restringir el acceso e informaci\u00f3n operacional a usuarios autorizados. Es f\u00e1cil de utilizar y de mantener gracias a un mecanismo sencillo y robusto, tambi\u00e9n dispone de un sistema electr\u00f3nico simplificado que facilita el trabajo del operador.<\/p>\n<div>\n<p>Clasifica las monedas en distintos compartimentos y tambi\u00e9n en bolsas, convirti\u00e9ndola as\u00ed en una m\u00e1quina vers\u00e1til.<\/p>\n<\/div>\n<\/div>\n<\/div>\n<p>&nbsp;<\/p>\n<\/div>\n<p><!--more--><\/p>\n<p style=\"text-align: center;\"><a href=\"https:\/\/wwcashmachines.com\/es\/tratamiento-de-efectivo\/monedas\/monedas\/\">VER M\u00c1S SOLUCIONES PARA EL TRATAMIENTO DE MONEDAS<\/a><\/p>\n","protected":false},"excerpt":{"rendered":"<p>CLASIFICADORA DE MONEDAS MACH 3<\/p>\n<p>Vers\u00e1til y eficiente. Con mayor velocidad de clasificaci\u00f3n, reduce el tiempo de procesamiento y tiene un alto grado de precisi\u00f3n<\/p>\n","protected":false},"featured_media":10279,"comment_status":"closed","ping_status":"closed","template":"","meta":{"tpgb_global_settings":""},"product_brand":[],"product_cat":[170,166,156,159,168,167],"product_tag":[163,165],"class_list":{"0":"post-10269","1":"product","2":"type-product","3":"status-publish","4":"has-post-thumbnail","6":"product_cat-contadoras-de-monedas","7":"product_cat-maquinas-portables-de-contaje-de-monedas","8":"product_cat-monedas","9":"product_cat-operadores","10":"product_cat-optimizacion-del-tratamiento-de-monedas-salones-recreativos","11":"product_cat-salones-recreativos","12":"product_tag-casinos","13":"product_tag-salones-recreativos","15":"first","16":"instock","17":"taxable","18":"shipping-taxable","19":"product-type-simple"},"yoast_head":"<!-- This site is optimized with the Yoast SEO plugin v27.3 - https:\/\/yoast.com\/product\/yoast-seo-wordpress\/ -->\n<title>MACH 3 - Contadora de monedas - Worldwide Cash Machines SL<\/title>\n<meta name=\"description\" content=\"MACH 3 cuenta con una mayor velocidad de clasificaci\u00f3n, reduce el tiempo de procesamiento y tiene un alto grado de precisi\u00f3n.\" \/>\n<meta name=\"robots\" content=\"index, follow, max-snippet:-1, max-image-preview:large, max-video-preview:-1\" \/>\n<link rel=\"canonical\" href=\"https:\/\/wwcashmachines.com\/es\/producto\/mach-3\/\" \/>\n<meta property=\"og:locale\" content=\"es_ES\" \/>\n<meta property=\"og:type\" content=\"article\" \/>\n<meta property=\"og:title\" content=\"MACH 3 - Contadora de monedas - Worldwide Cash Machines SL\" \/>\n<meta property=\"og:description\" content=\"MACH 3 cuenta con una mayor velocidad de clasificaci\u00f3n, reduce el tiempo de procesamiento y tiene un alto grado de precisi\u00f3n.\" \/>\n<meta property=\"og:url\" content=\"https:\/\/wwcashmachines.com\/es\/producto\/mach-3\/\" \/>\n<meta property=\"og:site_name\" content=\"Worldwide Cash Machines SL\" \/>\n<meta property=\"article:modified_time\" content=\"2025-04-17T08:52:14+00:00\" \/>\n<meta property=\"og:image\" content=\"https:\/\/wwcashmachines.com\/wp-content\/uploads\/2023\/06\/MACH3_V3.png\" \/>\n\t<meta property=\"og:image:width\" content=\"320\" \/>\n\t<meta property=\"og:image:height\" content=\"320\" \/>\n\t<meta property=\"og:image:type\" content=\"image\/png\" \/>\n<meta name=\"twitter:card\" content=\"summary_large_image\" \/>\n<meta name=\"twitter:label1\" content=\"Tiempo de lectura\" \/>\n\t<meta name=\"twitter:data1\" content=\"2 minutos\" \/>\n<script type=\"application\/ld+json\" class=\"yoast-schema-graph\">{\"@context\":\"https:\\\/\\\/schema.org\",\"@graph\":[{\"@type\":\"WebPage\",\"@id\":\"https:\\\/\\\/wwcashmachines.com\\\/es\\\/producto\\\/mach-3\\\/\",\"url\":\"https:\\\/\\\/wwcashmachines.com\\\/es\\\/producto\\\/mach-3\\\/\",\"name\":\"MACH 3 - Contadora de monedas - Worldwide Cash Machines SL\",\"isPartOf\":{\"@id\":\"https:\\\/\\\/wwcashmachines.com\\\/es\\\/#website\"},\"primaryImageOfPage\":{\"@id\":\"https:\\\/\\\/wwcashmachines.com\\\/es\\\/producto\\\/mach-3\\\/#primaryimage\"},\"image\":{\"@id\":\"https:\\\/\\\/wwcashmachines.com\\\/es\\\/producto\\\/mach-3\\\/#primaryimage\"},\"thumbnailUrl\":\"https:\\\/\\\/wwcashmachines.com\\\/wp-content\\\/uploads\\\/2023\\\/06\\\/MACH3_V3.png\",\"datePublished\":\"2023-06-14T13:10:18+00:00\",\"dateModified\":\"2025-04-17T08:52:14+00:00\",\"description\":\"MACH 3 cuenta con una mayor velocidad de clasificaci\u00f3n, reduce el tiempo de procesamiento y tiene un alto grado de precisi\u00f3n.\",\"breadcrumb\":{\"@id\":\"https:\\\/\\\/wwcashmachines.com\\\/es\\\/producto\\\/mach-3\\\/#breadcrumb\"},\"inLanguage\":\"es\",\"potentialAction\":[{\"@type\":\"ReadAction\",\"target\":[\"https:\\\/\\\/wwcashmachines.com\\\/es\\\/producto\\\/mach-3\\\/\"]}]},{\"@type\":\"ImageObject\",\"inLanguage\":\"es\",\"@id\":\"https:\\\/\\\/wwcashmachines.com\\\/es\\\/producto\\\/mach-3\\\/#primaryimage\",\"url\":\"https:\\\/\\\/wwcashmachines.com\\\/wp-content\\\/uploads\\\/2023\\\/06\\\/MACH3_V3.png\",\"contentUrl\":\"https:\\\/\\\/wwcashmachines.com\\\/wp-content\\\/uploads\\\/2023\\\/06\\\/MACH3_V3.png\",\"width\":320,\"height\":320,\"caption\":\"MACH 3\"},{\"@type\":\"BreadcrumbList\",\"@id\":\"https:\\\/\\\/wwcashmachines.com\\\/es\\\/producto\\\/mach-3\\\/#breadcrumb\",\"itemListElement\":[{\"@type\":\"ListItem\",\"position\":1,\"name\":\"Portada\",\"item\":\"https:\\\/\\\/wwcashmachines.com\\\/es\\\/\"},{\"@type\":\"ListItem\",\"position\":2,\"name\":\"Shop\",\"item\":\"https:\\\/\\\/wwcashmachines.com\\\/en\\\/shop-3\\\/\"},{\"@type\":\"ListItem\",\"position\":3,\"name\":\"MACH 3\"}]},{\"@type\":\"WebSite\",\"@id\":\"https:\\\/\\\/wwcashmachines.com\\\/es\\\/#website\",\"url\":\"https:\\\/\\\/wwcashmachines.com\\\/es\\\/\",\"name\":\"Worldwide Cash Machines SL\",\"description\":\"Empresa de Cash Management\",\"publisher\":{\"@id\":\"https:\\\/\\\/wwcashmachines.com\\\/es\\\/#organization\"},\"potentialAction\":[{\"@type\":\"SearchAction\",\"target\":{\"@type\":\"EntryPoint\",\"urlTemplate\":\"https:\\\/\\\/wwcashmachines.com\\\/es\\\/?s={search_term_string}\"},\"query-input\":{\"@type\":\"PropertyValueSpecification\",\"valueRequired\":true,\"valueName\":\"search_term_string\"}}],\"inLanguage\":\"es\"},{\"@type\":\"Organization\",\"@id\":\"https:\\\/\\\/wwcashmachines.com\\\/es\\\/#organization\",\"name\":\"Cash Machines S.A.\",\"url\":\"https:\\\/\\\/wwcashmachines.com\\\/es\\\/\",\"logo\":{\"@type\":\"ImageObject\",\"inLanguage\":\"es\",\"@id\":\"https:\\\/\\\/wwcashmachines.com\\\/es\\\/#\\\/schema\\\/logo\\\/image\\\/\",\"url\":\"https:\\\/\\\/wwcashmachines.com\\\/wp-content\\\/uploads\\\/2021\\\/07\\\/cropped-logo-1.png\",\"contentUrl\":\"https:\\\/\\\/wwcashmachines.com\\\/wp-content\\\/uploads\\\/2021\\\/07\\\/cropped-logo-1.png\",\"width\":263,\"height\":100,\"caption\":\"Cash Machines S.A.\"},\"image\":{\"@id\":\"https:\\\/\\\/wwcashmachines.com\\\/es\\\/#\\\/schema\\\/logo\\\/image\\\/\"}}]}<\/script>\n<!-- \/ Yoast SEO plugin. -->","yoast_head_json":{"title":"MACH 3 - Contadora de monedas - Worldwide Cash Machines SL","description":"MACH 3 cuenta con una mayor velocidad de clasificaci\u00f3n, reduce el tiempo de procesamiento y tiene un alto grado de precisi\u00f3n.","robots":{"index":"index","follow":"follow","max-snippet":"max-snippet:-1","max-image-preview":"max-image-preview:large","max-video-preview":"max-video-preview:-1"},"canonical":"https:\/\/wwcashmachines.com\/es\/producto\/mach-3\/","og_locale":"es_ES","og_type":"article","og_title":"MACH 3 - Contadora de monedas - Worldwide Cash Machines SL","og_description":"MACH 3 cuenta con una mayor velocidad de clasificaci\u00f3n, reduce el tiempo de procesamiento y tiene un alto grado de precisi\u00f3n.","og_url":"https:\/\/wwcashmachines.com\/es\/producto\/mach-3\/","og_site_name":"Worldwide Cash Machines SL","article_modified_time":"2025-04-17T08:52:14+00:00","og_image":[{"width":320,"height":320,"url":"https:\/\/wwcashmachines.com\/wp-content\/uploads\/2023\/06\/MACH3_V3.png","type":"image\/png"}],"twitter_card":"summary_large_image","twitter_misc":{"Tiempo de lectura":"2 minutos"},"schema":{"@context":"https:\/\/schema.org","@graph":[{"@type":"WebPage","@id":"https:\/\/wwcashmachines.com\/es\/producto\/mach-3\/","url":"https:\/\/wwcashmachines.com\/es\/producto\/mach-3\/","name":"MACH 3 - Contadora de monedas - Worldwide Cash Machines SL","isPartOf":{"@id":"https:\/\/wwcashmachines.com\/es\/#website"},"primaryImageOfPage":{"@id":"https:\/\/wwcashmachines.com\/es\/producto\/mach-3\/#primaryimage"},"image":{"@id":"https:\/\/wwcashmachines.com\/es\/producto\/mach-3\/#primaryimage"},"thumbnailUrl":"https:\/\/wwcashmachines.com\/wp-content\/uploads\/2023\/06\/MACH3_V3.png","datePublished":"2023-06-14T13:10:18+00:00","dateModified":"2025-04-17T08:52:14+00:00","description":"MACH 3 cuenta con una mayor velocidad de clasificaci\u00f3n, reduce el tiempo de procesamiento y tiene un alto grado de precisi\u00f3n.","breadcrumb":{"@id":"https:\/\/wwcashmachines.com\/es\/producto\/mach-3\/#breadcrumb"},"inLanguage":"es","potentialAction":[{"@type":"ReadAction","target":["https:\/\/wwcashmachines.com\/es\/producto\/mach-3\/"]}]},{"@type":"ImageObject","inLanguage":"es","@id":"https:\/\/wwcashmachines.com\/es\/producto\/mach-3\/#primaryimage","url":"https:\/\/wwcashmachines.com\/wp-content\/uploads\/2023\/06\/MACH3_V3.png","contentUrl":"https:\/\/wwcashmachines.com\/wp-content\/uploads\/2023\/06\/MACH3_V3.png","width":320,"height":320,"caption":"MACH 3"},{"@type":"BreadcrumbList","@id":"https:\/\/wwcashmachines.com\/es\/producto\/mach-3\/#breadcrumb","itemListElement":[{"@type":"ListItem","position":1,"name":"Portada","item":"https:\/\/wwcashmachines.com\/es\/"},{"@type":"ListItem","position":2,"name":"Shop","item":"https:\/\/wwcashmachines.com\/en\/shop-3\/"},{"@type":"ListItem","position":3,"name":"MACH 3"}]},{"@type":"WebSite","@id":"https:\/\/wwcashmachines.com\/es\/#website","url":"https:\/\/wwcashmachines.com\/es\/","name":"Worldwide Cash Machines SL","description":"Empresa de Cash Management","publisher":{"@id":"https:\/\/wwcashmachines.com\/es\/#organization"},"potentialAction":[{"@type":"SearchAction","target":{"@type":"EntryPoint","urlTemplate":"https:\/\/wwcashmachines.com\/es\/?s={search_term_string}"},"query-input":{"@type":"PropertyValueSpecification","valueRequired":true,"valueName":"search_term_string"}}],"inLanguage":"es"},{"@type":"Organization","@id":"https:\/\/wwcashmachines.com\/es\/#organization","name":"Cash Machines S.A.","url":"https:\/\/wwcashmachines.com\/es\/","logo":{"@type":"ImageObject","inLanguage":"es","@id":"https:\/\/wwcashmachines.com\/es\/#\/schema\/logo\/image\/","url":"https:\/\/wwcashmachines.com\/wp-content\/uploads\/2021\/07\/cropped-logo-1.png","contentUrl":"https:\/\/wwcashmachines.com\/wp-content\/uploads\/2021\/07\/cropped-logo-1.png","width":263,"height":100,"caption":"Cash Machines S.A."},"image":{"@id":"https:\/\/wwcashmachines.com\/es\/#\/schema\/logo\/image\/"}}]}},"tpgb_featured_images":{"full":["https:\/\/wwcashmachines.com\/wp-content\/uploads\/2023\/06\/MACH3_V3.png",320,320,false],"tp-image-grid":["https:\/\/wwcashmachines.com\/wp-content\/uploads\/2023\/06\/MACH3_V3.png",320,320,false],"thumbnail":["https:\/\/wwcashmachines.com\/wp-content\/uploads\/2023\/06\/MACH3_V3-150x150.png",150,150,true],"medium":["https:\/\/wwcashmachines.com\/wp-content\/uploads\/2023\/06\/MACH3_V3-300x300.png",300,300,true],"medium_large":["https:\/\/wwcashmachines.com\/wp-content\/uploads\/2023\/06\/MACH3_V3.png",320,320,false],"large":["https:\/\/wwcashmachines.com\/wp-content\/uploads\/2023\/06\/MACH3_V3.png",320,320,false],"default":"https:\/\/wwcashmachines.com\/wp-content\/plugins\/the-plus-addons-for-block-editor\/assets\/images\/tpgb-placeholder.jpg"},"tpgb_post_meta_info":{"get_date":"14 de junio de 2023","get_modified_date":"17 de abril de 2025","category_list":{"product_brand":false,"product_cat":[{"term_id":170,"name":"Contadoras de Monedas","slug":"contadoras-de-monedas","term_group":0,"term_taxonomy_id":170,"taxonomy":"product_cat","description":"","parent":156,"count":6,"filter":"raw"},{"term_id":166,"name":"Maquinas portables de contaje de monedas","slug":"maquinas-portables-de-contaje-de-monedas","term_group":0,"term_taxonomy_id":166,"taxonomy":"product_cat","description":"","parent":159,"count":7,"filter":"raw"},{"term_id":156,"name":"Monedas","slug":"monedas","term_group":0,"term_taxonomy_id":156,"taxonomy":"product_cat","description":"","parent":0,"count":20,"filter":"raw"},{"term_id":159,"name":"Operadores","slug":"operadores","term_group":0,"term_taxonomy_id":159,"taxonomy":"product_cat","description":"","parent":158,"count":22,"filter":"raw"},{"term_id":168,"name":"optimizacion del tratamiento de monedas salones recreativos","slug":"optimizacion-del-tratamiento-de-monedas-salones-recreativos","term_group":0,"term_taxonomy_id":168,"taxonomy":"product_cat","description":"","parent":167,"count":6,"filter":"raw"},{"term_id":167,"name":"Salones Recreativos","slug":"salones-recreativos","term_group":0,"term_taxonomy_id":167,"taxonomy":"product_cat","description":"","parent":158,"count":21,"filter":"raw"}],"product_tag":[{"term_id":163,"name":"Casinos","slug":"casinos","term_group":0,"term_taxonomy_id":163,"taxonomy":"product_tag","description":"","parent":0,"count":27,"filter":"raw"},{"term_id":165,"name":"Salones Recreativos","slug":"salones-recreativos","term_group":0,"term_taxonomy_id":165,"taxonomy":"product_tag","description":"","parent":0,"count":31,"filter":"raw"}]},"comment_count":0,"post_likes":0,"post_views":0},"tpgb_post_category":{"product_cat":"<a href=\"https:\/\/wwcashmachines.com\/es\/product-category\/monedas\/contadoras-de-monedas\/\" alt=\"Contadoras de Monedas\"  class=\"product_cat-contadoras-de-monedas\">Contadoras de Monedas<\/a> <a href=\"https:\/\/wwcashmachines.com\/es\/product-category\/sectores-recreativos\/operadores\/maquinas-portables-de-contaje-de-monedas\/\" alt=\"Maquinas portables de contaje de monedas\"  class=\"product_cat-maquinas-portables-de-contaje-de-monedas\">Maquinas portables de contaje de monedas<\/a> <a href=\"https:\/\/wwcashmachines.com\/es\/product-category\/monedas\/\" alt=\"Monedas\"  class=\"product_cat-monedas\">Monedas<\/a> <a href=\"https:\/\/wwcashmachines.com\/es\/product-category\/sectores-recreativos\/operadores\/\" alt=\"Operadores\"  class=\"product_cat-operadores\">Operadores<\/a> <a href=\"https:\/\/wwcashmachines.com\/es\/product-category\/sectores-recreativos\/salones-recreativos\/optimizacion-del-tratamiento-de-monedas-salones-recreativos\/\" alt=\"optimizacion del tratamiento de monedas salones recreativos\"  class=\"product_cat-optimizacion-del-tratamiento-de-monedas-salones-recreativos\">optimizacion del tratamiento de monedas salones recreativos<\/a> <a href=\"https:\/\/wwcashmachines.com\/es\/product-category\/sectores-recreativos\/salones-recreativos\/\" alt=\"Salones Recreativos\"  class=\"product_cat-salones-recreativos\">Salones Recreativos<\/a> ","product_tag":"<a href=\"https:\/\/wwcashmachines.com\/es\/product-tag\/casinos\/\" alt=\"Casinos\"  class=\"product_tag-casinos\">Casinos<\/a> <a href=\"https:\/\/wwcashmachines.com\/es\/product-tag\/salones-recreativos\/\" alt=\"Salones Recreativos\"  class=\"product_tag-salones-recreativos\">Salones Recreativos<\/a> "},"tpgb_product_data":{"price_html":"","type":"simple","gallery":["https:\/\/wwcashmachines.com\/wp-content\/uploads\/2023\/06\/MACH3_V1.png",320,320,false],"category":"Contadoras de Monedas","procatslug":"contadoras-de-monedas"},"_links":{"self":[{"href":"https:\/\/wwcashmachines.com\/es\/wp-json\/wp\/v2\/product\/10269","targetHints":{"allow":["GET"]}}],"collection":[{"href":"https:\/\/wwcashmachines.com\/es\/wp-json\/wp\/v2\/product"}],"about":[{"href":"https:\/\/wwcashmachines.com\/es\/wp-json\/wp\/v2\/types\/product"}],"replies":[{"embeddable":true,"href":"https:\/\/wwcashmachines.com\/es\/wp-json\/wp\/v2\/comments?post=10269"}],"wp:featuredmedia":[{"embeddable":true,"href":"https:\/\/wwcashmachines.com\/es\/wp-json\/wp\/v2\/media\/10279"}],"wp:attachment":[{"href":"https:\/\/wwcashmachines.com\/es\/wp-json\/wp\/v2\/media?parent=10269"}],"wp:term":[{"taxonomy":"product_brand","embeddable":true,"href":"https:\/\/wwcashmachines.com\/es\/wp-json\/wp\/v2\/product_brand?post=10269"},{"taxonomy":"product_cat","embeddable":true,"href":"https:\/\/wwcashmachines.com\/es\/wp-json\/wp\/v2\/product_cat?post=10269"},{"taxonomy":"product_tag","embeddable":true,"href":"https:\/\/wwcashmachines.com\/es\/wp-json\/wp\/v2\/product_tag?post=10269"}],"curies":[{"name":"wp","href":"https:\/\/api.w.org\/{rel}","templated":true}]}}