{"id":10798,"date":"2025-02-21T13:56:27","date_gmt":"2025-02-21T11:56:27","guid":{"rendered":"https:\/\/wwcashmachines.com\/?post_type=product&#038;p=10798"},"modified":"2025-04-09T12:37:24","modified_gmt":"2025-04-09T10:37:24","slug":"nc-7100","status":"publish","type":"product","link":"https:\/\/wwcashmachines.com\/es\/producto\/nc-7100\/","title":{"rendered":"NC 7100"},"content":{"rendered":"<p><em><strong>NC 7100: CLASIFICADORA FITNESS DE 2 CAJONES<\/strong><\/em><\/p>\n<div>\n<p>NC 7100 es una clasificadora de billetes con discriminaci\u00f3n por estado del billete y dise\u00f1ada para una gesti\u00f3n eficiente del efectivo. Posee un dise\u00f1o mec\u00e1nico con sistemas de validaci\u00f3n a la cabeza tecnol\u00f3gica y que permite incrementar la eficacia reduciendo costes.<\/p>\n<div>\n<p>Cuenta con ingenier\u00eda propia de Masterwork Automodules, valida billetes, detecta agujeros, esquinas rotas, billetes entintados o sucios, lee n\u00fameros de serie, TITO, cheques.<\/p>\n<div>\n<p>Con su dise\u00f1o amigable, proporciona una gran experiencia de usuario en las operaciones del d\u00eda a d\u00eda. Posee un amplio abanico de conectividades, que permiten una f\u00e1cil integraci\u00f3n en las plataformas de gesti\u00f3n. Con un nivel de atascos excepcionalmente bajo y una validaci\u00f3n precisa, NC7100 es tan duradera como fiable<\/p>\n<\/div>\n<\/div>\n<\/div>\n<p>&nbsp;<\/p>\n<p><!--more--><\/p>\n<p style=\"text-align: center;\"><a href=\"https:\/\/wwcashmachines.com\/es\/tratamiento-de-efectivo\/billetes\/billetes\/\">VER M\u00c1S SOLUCIONES PARA EL TRATAMIENTO DE BILLETES<\/a><\/p>\n","protected":false},"excerpt":{"rendered":"<p><strong>Excelencia que supera las espectativas.<\/strong><\/p>\n<p><span class=\"OYPEnA font-feature-liga-off font-feature-clig-off font-feature-calt-off text-decoration-none text-strikethrough-none\">Clasificadora de billetes con discriminaci\u00f3n por estado del billete y dise\u00f1ada para una gesti\u00f3n eficiente del efectivo. Cuenta con la ingenier\u00eda m\u00e1s puntera, de la marca Masterwork Automodules.<\/span><\/p>\n","protected":false},"featured_media":10916,"comment_status":"closed","ping_status":"closed","template":"","meta":{"tpgb_global_settings":""},"product_brand":[],"product_cat":[177,182,172,183,176,159,178,160,175,162,167,184,179,161],"product_tag":[],"class_list":{"0":"post-10798","1":"product","2":"type-product","3":"status-publish","4":"has-post-thumbnail","6":"product_cat-atomatizacion-de-caja-finance","7":"product_cat-back-office-finance","8":"product_cat-billetes","9":"product_cat-casinos","10":"product_cat-entidades-financieras","11":"product_cat-operadores","12":"product_cat-optiizacion-billetes-vending-back-office","13":"product_cat-optimizacion-back-office-operadores","14":"product_cat-optimizacion-de-billtes-para-salones-recreativos","15":"product_cat-optimizacion-de-monedas-vending-back-office","16":"product_cat-salones-recreativos","17":"product_cat-tito-no-inegrada","18":"product_cat-valorizadoras-de-billetes","19":"product_cat-vending","21":"first","22":"instock","23":"taxable","24":"shipping-taxable","25":"product-type-simple"},"yoast_head":"<!-- This site is optimized with the Yoast SEO plugin v27.3 - https:\/\/yoast.com\/product\/yoast-seo-wordpress\/ -->\n<title>NC 7100 - Clasificadora de billetes - Worldwide Cash Machines SL<\/title>\n<meta name=\"description\" content=\"NC 7100 - clasificadora de billetes con discriminaci\u00f3n por estado del billete y dise\u00f1ada para una gesti\u00f3n eficiente del efectivo.\" \/>\n<meta name=\"robots\" content=\"index, follow, max-snippet:-1, max-image-preview:large, max-video-preview:-1\" \/>\n<link rel=\"canonical\" href=\"https:\/\/wwcashmachines.com\/es\/producto\/nc-7100\/\" \/>\n<meta property=\"og:locale\" content=\"es_ES\" \/>\n<meta property=\"og:type\" content=\"article\" \/>\n<meta property=\"og:title\" content=\"NC 7100 - Clasificadora de billetes - Worldwide Cash Machines SL\" \/>\n<meta property=\"og:description\" content=\"NC 7100 - clasificadora de billetes con discriminaci\u00f3n por estado del billete y dise\u00f1ada para una gesti\u00f3n eficiente del efectivo.\" \/>\n<meta property=\"og:url\" content=\"https:\/\/wwcashmachines.com\/es\/producto\/nc-7100\/\" \/>\n<meta property=\"og:site_name\" content=\"Worldwide Cash Machines SL\" \/>\n<meta property=\"article:modified_time\" content=\"2025-04-09T10:37:24+00:00\" \/>\n<meta property=\"og:image\" content=\"https:\/\/wwcashmachines.com\/wp-content\/uploads\/2025\/02\/n7100.png\" \/>\n\t<meta property=\"og:image:width\" content=\"720\" \/>\n\t<meta property=\"og:image:height\" content=\"618\" \/>\n\t<meta property=\"og:image:type\" content=\"image\/png\" \/>\n<meta name=\"twitter:card\" content=\"summary_large_image\" \/>\n<meta name=\"twitter:label1\" content=\"Tiempo de lectura\" \/>\n\t<meta name=\"twitter:data1\" content=\"1 minuto\" \/>\n<script type=\"application\/ld+json\" class=\"yoast-schema-graph\">{\"@context\":\"https:\\\/\\\/schema.org\",\"@graph\":[{\"@type\":\"WebPage\",\"@id\":\"https:\\\/\\\/wwcashmachines.com\\\/es\\\/producto\\\/nc-7100\\\/\",\"url\":\"https:\\\/\\\/wwcashmachines.com\\\/es\\\/producto\\\/nc-7100\\\/\",\"name\":\"NC 7100 - Clasificadora de billetes - Worldwide Cash Machines SL\",\"isPartOf\":{\"@id\":\"https:\\\/\\\/wwcashmachines.com\\\/es\\\/#website\"},\"primaryImageOfPage\":{\"@id\":\"https:\\\/\\\/wwcashmachines.com\\\/es\\\/producto\\\/nc-7100\\\/#primaryimage\"},\"image\":{\"@id\":\"https:\\\/\\\/wwcashmachines.com\\\/es\\\/producto\\\/nc-7100\\\/#primaryimage\"},\"thumbnailUrl\":\"https:\\\/\\\/wwcashmachines.com\\\/wp-content\\\/uploads\\\/2025\\\/02\\\/n7100.png\",\"datePublished\":\"2025-02-21T11:56:27+00:00\",\"dateModified\":\"2025-04-09T10:37:24+00:00\",\"description\":\"NC 7100 - clasificadora de billetes con discriminaci\u00f3n por estado del billete y dise\u00f1ada para una gesti\u00f3n eficiente del efectivo.\",\"breadcrumb\":{\"@id\":\"https:\\\/\\\/wwcashmachines.com\\\/es\\\/producto\\\/nc-7100\\\/#breadcrumb\"},\"inLanguage\":\"es\",\"potentialAction\":[{\"@type\":\"ReadAction\",\"target\":[\"https:\\\/\\\/wwcashmachines.com\\\/es\\\/producto\\\/nc-7100\\\/\"]}]},{\"@type\":\"ImageObject\",\"inLanguage\":\"es\",\"@id\":\"https:\\\/\\\/wwcashmachines.com\\\/es\\\/producto\\\/nc-7100\\\/#primaryimage\",\"url\":\"https:\\\/\\\/wwcashmachines.com\\\/wp-content\\\/uploads\\\/2025\\\/02\\\/n7100.png\",\"contentUrl\":\"https:\\\/\\\/wwcashmachines.com\\\/wp-content\\\/uploads\\\/2025\\\/02\\\/n7100.png\",\"width\":720,\"height\":618,\"caption\":\"NC 7100\"},{\"@type\":\"BreadcrumbList\",\"@id\":\"https:\\\/\\\/wwcashmachines.com\\\/es\\\/producto\\\/nc-7100\\\/#breadcrumb\",\"itemListElement\":[{\"@type\":\"ListItem\",\"position\":1,\"name\":\"Portada\",\"item\":\"https:\\\/\\\/wwcashmachines.com\\\/es\\\/\"},{\"@type\":\"ListItem\",\"position\":2,\"name\":\"Shop\",\"item\":\"https:\\\/\\\/wwcashmachines.com\\\/en\\\/shop-3\\\/\"},{\"@type\":\"ListItem\",\"position\":3,\"name\":\"NC 7100\"}]},{\"@type\":\"WebSite\",\"@id\":\"https:\\\/\\\/wwcashmachines.com\\\/es\\\/#website\",\"url\":\"https:\\\/\\\/wwcashmachines.com\\\/es\\\/\",\"name\":\"Worldwide Cash Machines SL\",\"description\":\"Empresa de Cash Management\",\"publisher\":{\"@id\":\"https:\\\/\\\/wwcashmachines.com\\\/es\\\/#organization\"},\"potentialAction\":[{\"@type\":\"SearchAction\",\"target\":{\"@type\":\"EntryPoint\",\"urlTemplate\":\"https:\\\/\\\/wwcashmachines.com\\\/es\\\/?s={search_term_string}\"},\"query-input\":{\"@type\":\"PropertyValueSpecification\",\"valueRequired\":true,\"valueName\":\"search_term_string\"}}],\"inLanguage\":\"es\"},{\"@type\":\"Organization\",\"@id\":\"https:\\\/\\\/wwcashmachines.com\\\/es\\\/#organization\",\"name\":\"Cash Machines S.A.\",\"url\":\"https:\\\/\\\/wwcashmachines.com\\\/es\\\/\",\"logo\":{\"@type\":\"ImageObject\",\"inLanguage\":\"es\",\"@id\":\"https:\\\/\\\/wwcashmachines.com\\\/es\\\/#\\\/schema\\\/logo\\\/image\\\/\",\"url\":\"https:\\\/\\\/wwcashmachines.com\\\/wp-content\\\/uploads\\\/2021\\\/07\\\/cropped-logo-1.png\",\"contentUrl\":\"https:\\\/\\\/wwcashmachines.com\\\/wp-content\\\/uploads\\\/2021\\\/07\\\/cropped-logo-1.png\",\"width\":263,\"height\":100,\"caption\":\"Cash Machines S.A.\"},\"image\":{\"@id\":\"https:\\\/\\\/wwcashmachines.com\\\/es\\\/#\\\/schema\\\/logo\\\/image\\\/\"}}]}<\/script>\n<!-- \/ Yoast SEO plugin. -->","yoast_head_json":{"title":"NC 7100 - Clasificadora de billetes - Worldwide Cash Machines SL","description":"NC 7100 - clasificadora de billetes con discriminaci\u00f3n por estado del billete y dise\u00f1ada para una gesti\u00f3n eficiente del efectivo.","robots":{"index":"index","follow":"follow","max-snippet":"max-snippet:-1","max-image-preview":"max-image-preview:large","max-video-preview":"max-video-preview:-1"},"canonical":"https:\/\/wwcashmachines.com\/es\/producto\/nc-7100\/","og_locale":"es_ES","og_type":"article","og_title":"NC 7100 - Clasificadora de billetes - Worldwide Cash Machines SL","og_description":"NC 7100 - clasificadora de billetes con discriminaci\u00f3n por estado del billete y dise\u00f1ada para una gesti\u00f3n eficiente del efectivo.","og_url":"https:\/\/wwcashmachines.com\/es\/producto\/nc-7100\/","og_site_name":"Worldwide Cash Machines SL","article_modified_time":"2025-04-09T10:37:24+00:00","og_image":[{"width":720,"height":618,"url":"https:\/\/wwcashmachines.com\/wp-content\/uploads\/2025\/02\/n7100.png","type":"image\/png"}],"twitter_card":"summary_large_image","twitter_misc":{"Tiempo de lectura":"1 minuto"},"schema":{"@context":"https:\/\/schema.org","@graph":[{"@type":"WebPage","@id":"https:\/\/wwcashmachines.com\/es\/producto\/nc-7100\/","url":"https:\/\/wwcashmachines.com\/es\/producto\/nc-7100\/","name":"NC 7100 - Clasificadora de billetes - Worldwide Cash Machines SL","isPartOf":{"@id":"https:\/\/wwcashmachines.com\/es\/#website"},"primaryImageOfPage":{"@id":"https:\/\/wwcashmachines.com\/es\/producto\/nc-7100\/#primaryimage"},"image":{"@id":"https:\/\/wwcashmachines.com\/es\/producto\/nc-7100\/#primaryimage"},"thumbnailUrl":"https:\/\/wwcashmachines.com\/wp-content\/uploads\/2025\/02\/n7100.png","datePublished":"2025-02-21T11:56:27+00:00","dateModified":"2025-04-09T10:37:24+00:00","description":"NC 7100 - clasificadora de billetes con discriminaci\u00f3n por estado del billete y dise\u00f1ada para una gesti\u00f3n eficiente del efectivo.","breadcrumb":{"@id":"https:\/\/wwcashmachines.com\/es\/producto\/nc-7100\/#breadcrumb"},"inLanguage":"es","potentialAction":[{"@type":"ReadAction","target":["https:\/\/wwcashmachines.com\/es\/producto\/nc-7100\/"]}]},{"@type":"ImageObject","inLanguage":"es","@id":"https:\/\/wwcashmachines.com\/es\/producto\/nc-7100\/#primaryimage","url":"https:\/\/wwcashmachines.com\/wp-content\/uploads\/2025\/02\/n7100.png","contentUrl":"https:\/\/wwcashmachines.com\/wp-content\/uploads\/2025\/02\/n7100.png","width":720,"height":618,"caption":"NC 7100"},{"@type":"BreadcrumbList","@id":"https:\/\/wwcashmachines.com\/es\/producto\/nc-7100\/#breadcrumb","itemListElement":[{"@type":"ListItem","position":1,"name":"Portada","item":"https:\/\/wwcashmachines.com\/es\/"},{"@type":"ListItem","position":2,"name":"Shop","item":"https:\/\/wwcashmachines.com\/en\/shop-3\/"},{"@type":"ListItem","position":3,"name":"NC 7100"}]},{"@type":"WebSite","@id":"https:\/\/wwcashmachines.com\/es\/#website","url":"https:\/\/wwcashmachines.com\/es\/","name":"Worldwide Cash Machines SL","description":"Empresa de Cash Management","publisher":{"@id":"https:\/\/wwcashmachines.com\/es\/#organization"},"potentialAction":[{"@type":"SearchAction","target":{"@type":"EntryPoint","urlTemplate":"https:\/\/wwcashmachines.com\/es\/?s={search_term_string}"},"query-input":{"@type":"PropertyValueSpecification","valueRequired":true,"valueName":"search_term_string"}}],"inLanguage":"es"},{"@type":"Organization","@id":"https:\/\/wwcashmachines.com\/es\/#organization","name":"Cash Machines S.A.","url":"https:\/\/wwcashmachines.com\/es\/","logo":{"@type":"ImageObject","inLanguage":"es","@id":"https:\/\/wwcashmachines.com\/es\/#\/schema\/logo\/image\/","url":"https:\/\/wwcashmachines.com\/wp-content\/uploads\/2021\/07\/cropped-logo-1.png","contentUrl":"https:\/\/wwcashmachines.com\/wp-content\/uploads\/2021\/07\/cropped-logo-1.png","width":263,"height":100,"caption":"Cash Machines S.A."},"image":{"@id":"https:\/\/wwcashmachines.com\/es\/#\/schema\/logo\/image\/"}}]}},"tpgb_featured_images":{"full":["https:\/\/wwcashmachines.com\/wp-content\/uploads\/2025\/02\/n7100.png",720,618,false],"tp-image-grid":["https:\/\/wwcashmachines.com\/wp-content\/uploads\/2025\/02\/n7100-700x618.png",700,618,true],"thumbnail":["https:\/\/wwcashmachines.com\/wp-content\/uploads\/2025\/02\/n7100-150x150.png",150,150,true],"medium":["https:\/\/wwcashmachines.com\/wp-content\/uploads\/2025\/02\/n7100-300x258.png",300,258,true],"medium_large":["https:\/\/wwcashmachines.com\/wp-content\/uploads\/2025\/02\/n7100.png",720,618,false],"large":["https:\/\/wwcashmachines.com\/wp-content\/uploads\/2025\/02\/n7100.png",720,618,false],"default":"https:\/\/wwcashmachines.com\/wp-content\/plugins\/the-plus-addons-for-block-editor\/assets\/images\/tpgb-placeholder.jpg"},"tpgb_post_meta_info":{"get_date":"21 de febrero de 2025","get_modified_date":"9 de abril de 2025","category_list":{"product_brand":false,"product_cat":[{"term_id":177,"name":"atomatizacion de caja finance","slug":"atomatizacion-de-caja-finance","term_group":0,"term_taxonomy_id":177,"taxonomy":"product_cat","description":"","parent":176,"count":6,"filter":"raw"},{"term_id":182,"name":"back office finance","slug":"back-office-finance","term_group":0,"term_taxonomy_id":182,"taxonomy":"product_cat","description":"","parent":176,"count":7,"filter":"raw"},{"term_id":172,"name":"Billetes","slug":"billetes","term_group":0,"term_taxonomy_id":172,"taxonomy":"product_cat","description":"","parent":0,"count":16,"filter":"raw"},{"term_id":183,"name":"Casinos","slug":"casinos","term_group":0,"term_taxonomy_id":183,"taxonomy":"product_cat","description":"","parent":158,"count":17,"filter":"raw"},{"term_id":176,"name":"Entidades Financieras","slug":"entidades-financieras","term_group":0,"term_taxonomy_id":176,"taxonomy":"product_cat","description":"","parent":0,"count":9,"filter":"raw"},{"term_id":159,"name":"Operadores","slug":"operadores","term_group":0,"term_taxonomy_id":159,"taxonomy":"product_cat","description":"","parent":158,"count":22,"filter":"raw"},{"term_id":178,"name":"Optiizacion billetes vending back office","slug":"optiizacion-billetes-vending-back-office","term_group":0,"term_taxonomy_id":178,"taxonomy":"product_cat","description":"","parent":161,"count":12,"filter":"raw"},{"term_id":160,"name":"Optimizacion Back Office Operadores","slug":"optimizacion-back-office-operadores","term_group":0,"term_taxonomy_id":160,"taxonomy":"product_cat","description":"","parent":159,"count":8,"filter":"raw"},{"term_id":175,"name":"optimizacion de billtes para salones recreativos","slug":"optimizacion-de-billtes-para-salones-recreativos","term_group":0,"term_taxonomy_id":175,"taxonomy":"product_cat","description":"","parent":167,"count":10,"filter":"raw"},{"term_id":162,"name":"Optimizacion de monedas vending back office","slug":"optimizacion-de-monedas-vending-back-office","term_group":0,"term_taxonomy_id":162,"taxonomy":"product_cat","description":"","parent":161,"count":3,"filter":"raw"},{"term_id":167,"name":"Salones Recreativos","slug":"salones-recreativos","term_group":0,"term_taxonomy_id":167,"taxonomy":"product_cat","description":"","parent":158,"count":21,"filter":"raw"},{"term_id":184,"name":"TITO no inegrada","slug":"tito-no-inegrada","term_group":0,"term_taxonomy_id":184,"taxonomy":"product_cat","description":"","parent":183,"count":7,"filter":"raw"},{"term_id":179,"name":"Valorizadoras de Billetes","slug":"valorizadoras-de-billetes","term_group":0,"term_taxonomy_id":179,"taxonomy":"product_cat","description":"","parent":172,"count":13,"filter":"raw"},{"term_id":161,"name":"Vending","slug":"vending","term_group":0,"term_taxonomy_id":161,"taxonomy":"product_cat","description":"","parent":0,"count":20,"filter":"raw"}],"product_tag":false},"comment_count":0,"post_likes":0,"post_views":0},"tpgb_post_category":{"product_cat":"<a href=\"https:\/\/wwcashmachines.com\/es\/product-category\/entidades-financieras\/atomatizacion-de-caja-finance\/\" alt=\"atomatizacion de caja finance\"  class=\"product_cat-atomatizacion-de-caja-finance\">atomatizacion de caja finance<\/a> <a href=\"https:\/\/wwcashmachines.com\/es\/product-category\/entidades-financieras\/back-office-finance\/\" alt=\"back office finance\"  class=\"product_cat-back-office-finance\">back office finance<\/a> <a href=\"https:\/\/wwcashmachines.com\/es\/product-category\/billetes\/\" alt=\"Billetes\"  class=\"product_cat-billetes\">Billetes<\/a> <a href=\"https:\/\/wwcashmachines.com\/es\/product-category\/sectores-recreativos\/casinos\/\" alt=\"Casinos\"  class=\"product_cat-casinos\">Casinos<\/a> <a href=\"https:\/\/wwcashmachines.com\/es\/product-category\/entidades-financieras\/\" alt=\"Entidades Financieras\"  class=\"product_cat-entidades-financieras\">Entidades Financieras<\/a> <a href=\"https:\/\/wwcashmachines.com\/es\/product-category\/sectores-recreativos\/operadores\/\" alt=\"Operadores\"  class=\"product_cat-operadores\">Operadores<\/a> <a href=\"https:\/\/wwcashmachines.com\/es\/product-category\/vending\/optiizacion-billetes-vending-back-office\/\" alt=\"Optiizacion billetes vending back office\"  class=\"product_cat-optiizacion-billetes-vending-back-office\">Optiizacion billetes vending back office<\/a> <a href=\"https:\/\/wwcashmachines.com\/es\/product-category\/sectores-recreativos\/operadores\/optimizacion-back-office-operadores\/\" alt=\"Optimizacion Back Office Operadores\"  class=\"product_cat-optimizacion-back-office-operadores\">Optimizacion Back Office Operadores<\/a> <a href=\"https:\/\/wwcashmachines.com\/es\/product-category\/sectores-recreativos\/salones-recreativos\/optimizacion-de-billtes-para-salones-recreativos\/\" alt=\"optimizacion de billtes para salones recreativos\"  class=\"product_cat-optimizacion-de-billtes-para-salones-recreativos\">optimizacion de billtes para salones recreativos<\/a> <a href=\"https:\/\/wwcashmachines.com\/es\/product-category\/vending\/optimizacion-de-monedas-vending-back-office\/\" alt=\"Optimizacion de monedas vending back office\"  class=\"product_cat-optimizacion-de-monedas-vending-back-office\">Optimizacion de monedas vending back office<\/a> <a href=\"https:\/\/wwcashmachines.com\/es\/product-category\/sectores-recreativos\/salones-recreativos\/\" alt=\"Salones Recreativos\"  class=\"product_cat-salones-recreativos\">Salones Recreativos<\/a> <a href=\"https:\/\/wwcashmachines.com\/es\/product-category\/sectores-recreativos\/casinos\/tito-no-inegrada\/\" alt=\"TITO no inegrada\"  class=\"product_cat-tito-no-inegrada\">TITO no inegrada<\/a> <a href=\"https:\/\/wwcashmachines.com\/es\/product-category\/billetes\/valorizadoras-de-billetes\/\" alt=\"Valorizadoras de Billetes\"  class=\"product_cat-valorizadoras-de-billetes\">Valorizadoras de Billetes<\/a> <a href=\"https:\/\/wwcashmachines.com\/es\/product-category\/vending\/\" alt=\"Vending\"  class=\"product_cat-vending\">Vending<\/a> "},"tpgb_product_data":{"price_html":"","type":"simple","gallery":["https:\/\/wwcashmachines.com\/wp-content\/uploads\/2025\/02\/NC7100_MASTERWORK.jpg",500,500,false],"category":"atomatizacion de caja finance","procatslug":"atomatizacion-de-caja-finance"},"_links":{"self":[{"href":"https:\/\/wwcashmachines.com\/es\/wp-json\/wp\/v2\/product\/10798","targetHints":{"allow":["GET"]}}],"collection":[{"href":"https:\/\/wwcashmachines.com\/es\/wp-json\/wp\/v2\/product"}],"about":[{"href":"https:\/\/wwcashmachines.com\/es\/wp-json\/wp\/v2\/types\/product"}],"replies":[{"embeddable":true,"href":"https:\/\/wwcashmachines.com\/es\/wp-json\/wp\/v2\/comments?post=10798"}],"wp:featuredmedia":[{"embeddable":true,"href":"https:\/\/wwcashmachines.com\/es\/wp-json\/wp\/v2\/media\/10916"}],"wp:attachment":[{"href":"https:\/\/wwcashmachines.com\/es\/wp-json\/wp\/v2\/media?parent=10798"}],"wp:term":[{"taxonomy":"product_brand","embeddable":true,"href":"https:\/\/wwcashmachines.com\/es\/wp-json\/wp\/v2\/product_brand?post=10798"},{"taxonomy":"product_cat","embeddable":true,"href":"https:\/\/wwcashmachines.com\/es\/wp-json\/wp\/v2\/product_cat?post=10798"},{"taxonomy":"product_tag","embeddable":true,"href":"https:\/\/wwcashmachines.com\/es\/wp-json\/wp\/v2\/product_tag?post=10798"}],"curies":[{"name":"wp","href":"https:\/\/api.w.org\/{rel}","templated":true}]}}