{"id":10807,"date":"2025-02-24T10:46:33","date_gmt":"2025-02-24T08:46:33","guid":{"rendered":"https:\/\/wwcashmachines.com\/?post_type=product&#038;p=10807"},"modified":"2025-02-25T15:36:44","modified_gmt":"2025-02-25T13:36:44","slug":"wcm-27","status":"publish","type":"product","link":"https:\/\/wwcashmachines.com\/es\/producto\/wcm-27\/","title":{"rendered":"WCM 27"},"content":{"rendered":"<p><em><strong>WCM 27: CLASIFICADORA DE BILLETES<\/strong><\/em><\/p>\n<p>WCM 27 es una m\u00e1quina robusta y potente.<\/p>\n<p><span class=\"TextRun SCXW48707991 BCX0\" lang=\"ES-ES\" xml:lang=\"ES-ES\" data-contrast=\"auto\"><span class=\"NormalTextRun SCXW48707991 BCX0\"><span class=\"TextRun SCXW267366800 BCX0\" lang=\"ES-ES\" xml:lang=\"ES-ES\" data-contrast=\"auto\"><strong><span class=\"NormalTextRun SCXW267366800 BCX0\">3\u00a0<\/span><span class=\"NormalTextRun SCXW267366800 BCX0\">m\u00e9todos<\/span><\/strong><span class=\"NormalTextRun SCXW267366800 BCX0\"><strong> de contaje: <\/strong>Cuenta y valora unidades procesadas y denominaciones mezcladas. Clasifica los billetes de una denominaci\u00f3n, deteniendo el proceso cuando detecta una diferente.<\/span><\/span><\/span><\/span><\/p>\n<p><b><span style=\"vertical-align: inherit;\"><span class=\"NormalTextRun BCX0 SCXW154761597\">Certificada<\/span><span class=\"NormalTextRun BCX0 SCXW154761597\"> por el BCE: <\/span><\/span><\/b><span style=\"vertical-align: inherit;\"><span class=\"TextRun BCX0 SCXW24815279\" lang=\"ES-ES\" xml:lang=\"ES-ES\" data-contrast=\"auto\"><span class=\"NormalTextRun BCX0 SCXW24815279\">M\u00e1quina certificada y apta para trabajar con el Euro.<\/span><\/span><\/span><\/p>\n<p><strong><span style=\"vertical-align: inherit;\"><span class=\"TextRun BCX0 SCXW121268018\" lang=\"ES-ES\" xml:lang=\"ES-ES\" data-contrast=\"auto\"><span class=\"NormalTextRun BCX0 SCXW121268018\">Cuenta con 3 divisas:<\/span><\/span><\/span><\/strong><span style=\"vertical-align: inherit;\">\u00a0<span class=\"NormalTextRun ContextualSpellingAndGrammarErrorV2 BCX0 DefaultHighlightTransition SCXW162630676\">Euro<\/span><span class=\"NormalTextRun BCX0 SCXW162630676\">, GBP y <\/span><span class=\"NormalTextRun ContextualSpellingAndGrammarErrorV2 BCX0 DefaultHighlightTransition SCXW162630676\">D\u00f3lar<\/span><span class=\"NormalTextRun BCX0 SCXW162630676\"> americano.<\/span><\/span><\/p>\n<div>\n<p><strong>Velocidad de conteo:<\/strong> 800-1200 billetes\/min. (seg\u00fan modalidad)<\/p>\n<p><strong>Sistema de alimentaci\u00f3n:<\/strong> Sistema de fricci\u00f3n de rodillos<\/p>\n<p><strong>Capacidad de la tolva:<\/strong> Aprox. 500 billetes<\/p>\n<p><strong>Capacidad del apilador:<\/strong> 200 billetes<\/p>\n<\/div>\n<p>&nbsp;<\/p>\n<p><!--more--><\/p>\n<p style=\"text-align: center;\"><a href=\"https:\/\/wwcashmachines.com\/es\/tratamiento-de-efectivo\/billetes\/billetes\/\">VER M\u00c1S SOLUCIONES PARA EL TRATAMIENTO DE BILLETES<\/a><\/p>\n","protected":false},"excerpt":{"rendered":"<h5><span style=\"vertical-align: inherit;\"><span class=\"NormalTextRun BCX0 SCXW249741960\">Clasificadora de billetes<\/span><span class=\"NormalTextRun BCX0 SCXW249741960\">\u00a0robusta\u00a0<\/span><\/span><\/h5>\n<p><span class=\"TextRun SCXW235272202 BCX0\" lang=\"ES-ES\" xml:lang=\"ES-ES\" data-contrast=\"auto\"><span class=\"NormalTextRun SCXW235272202 BCX0\">Clasificadora de billetes de un bolsillo. Dispone de 3 <\/span><span class=\"NormalTextRun SCXW235272202 BCX0\">m\u00e9todos<\/span><span class=\"NormalTextRun SCXW235272202 BCX0\">\u00a0de\u00a0<\/span><span class=\"NormalTextRun SCXW235272202 BCX0\">detecci\u00f3n<\/span><span class=\"NormalTextRun SCXW235272202 BCX0\">.\u00a0<\/span><\/span><\/p>\n","protected":false},"featured_media":10913,"comment_status":"closed","ping_status":"closed","template":"","meta":{"tpgb_global_settings":""},"product_brand":[],"product_cat":[172,183,176,159,175,167,158,184,179],"product_tag":[],"class_list":{"0":"post-10807","1":"product","2":"type-product","3":"status-publish","4":"has-post-thumbnail","6":"product_cat-billetes","7":"product_cat-casinos","8":"product_cat-entidades-financieras","9":"product_cat-operadores","10":"product_cat-optimizacion-de-billtes-para-salones-recreativos","11":"product_cat-salones-recreativos","12":"product_cat-sectores-recreativos","13":"product_cat-tito-no-inegrada","14":"product_cat-valorizadoras-de-billetes","16":"first","17":"instock","18":"taxable","19":"shipping-taxable","20":"product-type-simple"},"yoast_head":"<!-- This site is optimized with the Yoast SEO plugin v27.3 - https:\/\/yoast.com\/product\/yoast-seo-wordpress\/ -->\n<title>WCM 27 - Clasificadora de billetes - Worldwide Cash Machines SL<\/title>\n<meta name=\"description\" content=\"WCM 27 es una clasificadora de billetes robusta y potente, con 3 m\u00e9todos de detecci\u00f3n. Cuenta denominaciones mezcladas con clasificaci\u00f3n por paros.\" \/>\n<meta name=\"robots\" content=\"index, follow, max-snippet:-1, max-image-preview:large, max-video-preview:-1\" \/>\n<link rel=\"canonical\" href=\"https:\/\/wwcashmachines.com\/es\/producto\/wcm-27\/\" \/>\n<meta property=\"og:locale\" content=\"es_ES\" \/>\n<meta property=\"og:type\" content=\"article\" \/>\n<meta property=\"og:title\" content=\"WCM 27 - Clasificadora de billetes - Worldwide Cash Machines SL\" \/>\n<meta property=\"og:description\" content=\"WCM 27 es una clasificadora de billetes robusta y potente, con 3 m\u00e9todos de detecci\u00f3n. Cuenta denominaciones mezcladas con clasificaci\u00f3n por paros.\" \/>\n<meta property=\"og:url\" content=\"https:\/\/wwcashmachines.com\/es\/producto\/wcm-27\/\" \/>\n<meta property=\"og:site_name\" content=\"Worldwide Cash Machines SL\" \/>\n<meta property=\"article:modified_time\" content=\"2025-02-25T13:36:44+00:00\" \/>\n<meta property=\"og:image\" content=\"https:\/\/wwcashmachines.com\/wp-content\/uploads\/2025\/02\/wcm27.jpeg\" \/>\n\t<meta property=\"og:image:width\" content=\"800\" \/>\n\t<meta property=\"og:image:height\" content=\"800\" \/>\n\t<meta property=\"og:image:type\" content=\"image\/jpeg\" \/>\n<meta name=\"twitter:card\" content=\"summary_large_image\" \/>\n<meta name=\"twitter:label1\" content=\"Tiempo de lectura\" \/>\n\t<meta name=\"twitter:data1\" content=\"1 minuto\" \/>\n<script type=\"application\/ld+json\" class=\"yoast-schema-graph\">{\"@context\":\"https:\\\/\\\/schema.org\",\"@graph\":[{\"@type\":\"WebPage\",\"@id\":\"https:\\\/\\\/wwcashmachines.com\\\/es\\\/producto\\\/wcm-27\\\/\",\"url\":\"https:\\\/\\\/wwcashmachines.com\\\/es\\\/producto\\\/wcm-27\\\/\",\"name\":\"WCM 27 - Clasificadora de billetes - Worldwide Cash Machines SL\",\"isPartOf\":{\"@id\":\"https:\\\/\\\/wwcashmachines.com\\\/es\\\/#website\"},\"primaryImageOfPage\":{\"@id\":\"https:\\\/\\\/wwcashmachines.com\\\/es\\\/producto\\\/wcm-27\\\/#primaryimage\"},\"image\":{\"@id\":\"https:\\\/\\\/wwcashmachines.com\\\/es\\\/producto\\\/wcm-27\\\/#primaryimage\"},\"thumbnailUrl\":\"https:\\\/\\\/wwcashmachines.com\\\/wp-content\\\/uploads\\\/2025\\\/02\\\/wcm27.jpeg\",\"datePublished\":\"2025-02-24T08:46:33+00:00\",\"dateModified\":\"2025-02-25T13:36:44+00:00\",\"description\":\"WCM 27 es una clasificadora de billetes robusta y potente, con 3 m\u00e9todos de detecci\u00f3n. Cuenta denominaciones mezcladas con clasificaci\u00f3n por paros.\",\"breadcrumb\":{\"@id\":\"https:\\\/\\\/wwcashmachines.com\\\/es\\\/producto\\\/wcm-27\\\/#breadcrumb\"},\"inLanguage\":\"es\",\"potentialAction\":[{\"@type\":\"ReadAction\",\"target\":[\"https:\\\/\\\/wwcashmachines.com\\\/es\\\/producto\\\/wcm-27\\\/\"]}]},{\"@type\":\"ImageObject\",\"inLanguage\":\"es\",\"@id\":\"https:\\\/\\\/wwcashmachines.com\\\/es\\\/producto\\\/wcm-27\\\/#primaryimage\",\"url\":\"https:\\\/\\\/wwcashmachines.com\\\/wp-content\\\/uploads\\\/2025\\\/02\\\/wcm27.jpeg\",\"contentUrl\":\"https:\\\/\\\/wwcashmachines.com\\\/wp-content\\\/uploads\\\/2025\\\/02\\\/wcm27.jpeg\",\"width\":800,\"height\":800,\"caption\":\"WCM 27\"},{\"@type\":\"BreadcrumbList\",\"@id\":\"https:\\\/\\\/wwcashmachines.com\\\/es\\\/producto\\\/wcm-27\\\/#breadcrumb\",\"itemListElement\":[{\"@type\":\"ListItem\",\"position\":1,\"name\":\"Portada\",\"item\":\"https:\\\/\\\/wwcashmachines.com\\\/es\\\/\"},{\"@type\":\"ListItem\",\"position\":2,\"name\":\"Shop\",\"item\":\"https:\\\/\\\/wwcashmachines.com\\\/en\\\/shop-3\\\/\"},{\"@type\":\"ListItem\",\"position\":3,\"name\":\"WCM 27\"}]},{\"@type\":\"WebSite\",\"@id\":\"https:\\\/\\\/wwcashmachines.com\\\/es\\\/#website\",\"url\":\"https:\\\/\\\/wwcashmachines.com\\\/es\\\/\",\"name\":\"Worldwide Cash Machines SL\",\"description\":\"Empresa de Cash Management\",\"publisher\":{\"@id\":\"https:\\\/\\\/wwcashmachines.com\\\/es\\\/#organization\"},\"potentialAction\":[{\"@type\":\"SearchAction\",\"target\":{\"@type\":\"EntryPoint\",\"urlTemplate\":\"https:\\\/\\\/wwcashmachines.com\\\/es\\\/?s={search_term_string}\"},\"query-input\":{\"@type\":\"PropertyValueSpecification\",\"valueRequired\":true,\"valueName\":\"search_term_string\"}}],\"inLanguage\":\"es\"},{\"@type\":\"Organization\",\"@id\":\"https:\\\/\\\/wwcashmachines.com\\\/es\\\/#organization\",\"name\":\"Cash Machines S.A.\",\"url\":\"https:\\\/\\\/wwcashmachines.com\\\/es\\\/\",\"logo\":{\"@type\":\"ImageObject\",\"inLanguage\":\"es\",\"@id\":\"https:\\\/\\\/wwcashmachines.com\\\/es\\\/#\\\/schema\\\/logo\\\/image\\\/\",\"url\":\"https:\\\/\\\/wwcashmachines.com\\\/wp-content\\\/uploads\\\/2021\\\/07\\\/cropped-logo-1.png\",\"contentUrl\":\"https:\\\/\\\/wwcashmachines.com\\\/wp-content\\\/uploads\\\/2021\\\/07\\\/cropped-logo-1.png\",\"width\":263,\"height\":100,\"caption\":\"Cash Machines S.A.\"},\"image\":{\"@id\":\"https:\\\/\\\/wwcashmachines.com\\\/es\\\/#\\\/schema\\\/logo\\\/image\\\/\"}}]}<\/script>\n<!-- \/ Yoast SEO plugin. -->","yoast_head_json":{"title":"WCM 27 - Clasificadora de billetes - Worldwide Cash Machines SL","description":"WCM 27 es una clasificadora de billetes robusta y potente, con 3 m\u00e9todos de detecci\u00f3n. Cuenta denominaciones mezcladas con clasificaci\u00f3n por paros.","robots":{"index":"index","follow":"follow","max-snippet":"max-snippet:-1","max-image-preview":"max-image-preview:large","max-video-preview":"max-video-preview:-1"},"canonical":"https:\/\/wwcashmachines.com\/es\/producto\/wcm-27\/","og_locale":"es_ES","og_type":"article","og_title":"WCM 27 - Clasificadora de billetes - Worldwide Cash Machines SL","og_description":"WCM 27 es una clasificadora de billetes robusta y potente, con 3 m\u00e9todos de detecci\u00f3n. Cuenta denominaciones mezcladas con clasificaci\u00f3n por paros.","og_url":"https:\/\/wwcashmachines.com\/es\/producto\/wcm-27\/","og_site_name":"Worldwide Cash Machines SL","article_modified_time":"2025-02-25T13:36:44+00:00","og_image":[{"width":800,"height":800,"url":"https:\/\/wwcashmachines.com\/wp-content\/uploads\/2025\/02\/wcm27.jpeg","type":"image\/jpeg"}],"twitter_card":"summary_large_image","twitter_misc":{"Tiempo de lectura":"1 minuto"},"schema":{"@context":"https:\/\/schema.org","@graph":[{"@type":"WebPage","@id":"https:\/\/wwcashmachines.com\/es\/producto\/wcm-27\/","url":"https:\/\/wwcashmachines.com\/es\/producto\/wcm-27\/","name":"WCM 27 - Clasificadora de billetes - Worldwide Cash Machines SL","isPartOf":{"@id":"https:\/\/wwcashmachines.com\/es\/#website"},"primaryImageOfPage":{"@id":"https:\/\/wwcashmachines.com\/es\/producto\/wcm-27\/#primaryimage"},"image":{"@id":"https:\/\/wwcashmachines.com\/es\/producto\/wcm-27\/#primaryimage"},"thumbnailUrl":"https:\/\/wwcashmachines.com\/wp-content\/uploads\/2025\/02\/wcm27.jpeg","datePublished":"2025-02-24T08:46:33+00:00","dateModified":"2025-02-25T13:36:44+00:00","description":"WCM 27 es una clasificadora de billetes robusta y potente, con 3 m\u00e9todos de detecci\u00f3n. Cuenta denominaciones mezcladas con clasificaci\u00f3n por paros.","breadcrumb":{"@id":"https:\/\/wwcashmachines.com\/es\/producto\/wcm-27\/#breadcrumb"},"inLanguage":"es","potentialAction":[{"@type":"ReadAction","target":["https:\/\/wwcashmachines.com\/es\/producto\/wcm-27\/"]}]},{"@type":"ImageObject","inLanguage":"es","@id":"https:\/\/wwcashmachines.com\/es\/producto\/wcm-27\/#primaryimage","url":"https:\/\/wwcashmachines.com\/wp-content\/uploads\/2025\/02\/wcm27.jpeg","contentUrl":"https:\/\/wwcashmachines.com\/wp-content\/uploads\/2025\/02\/wcm27.jpeg","width":800,"height":800,"caption":"WCM 27"},{"@type":"BreadcrumbList","@id":"https:\/\/wwcashmachines.com\/es\/producto\/wcm-27\/#breadcrumb","itemListElement":[{"@type":"ListItem","position":1,"name":"Portada","item":"https:\/\/wwcashmachines.com\/es\/"},{"@type":"ListItem","position":2,"name":"Shop","item":"https:\/\/wwcashmachines.com\/en\/shop-3\/"},{"@type":"ListItem","position":3,"name":"WCM 27"}]},{"@type":"WebSite","@id":"https:\/\/wwcashmachines.com\/es\/#website","url":"https:\/\/wwcashmachines.com\/es\/","name":"Worldwide Cash Machines SL","description":"Empresa de Cash Management","publisher":{"@id":"https:\/\/wwcashmachines.com\/es\/#organization"},"potentialAction":[{"@type":"SearchAction","target":{"@type":"EntryPoint","urlTemplate":"https:\/\/wwcashmachines.com\/es\/?s={search_term_string}"},"query-input":{"@type":"PropertyValueSpecification","valueRequired":true,"valueName":"search_term_string"}}],"inLanguage":"es"},{"@type":"Organization","@id":"https:\/\/wwcashmachines.com\/es\/#organization","name":"Cash Machines S.A.","url":"https:\/\/wwcashmachines.com\/es\/","logo":{"@type":"ImageObject","inLanguage":"es","@id":"https:\/\/wwcashmachines.com\/es\/#\/schema\/logo\/image\/","url":"https:\/\/wwcashmachines.com\/wp-content\/uploads\/2021\/07\/cropped-logo-1.png","contentUrl":"https:\/\/wwcashmachines.com\/wp-content\/uploads\/2021\/07\/cropped-logo-1.png","width":263,"height":100,"caption":"Cash Machines S.A."},"image":{"@id":"https:\/\/wwcashmachines.com\/es\/#\/schema\/logo\/image\/"}}]}},"tpgb_featured_images":{"full":["https:\/\/wwcashmachines.com\/wp-content\/uploads\/2025\/02\/wcm27.jpeg",800,800,false],"tp-image-grid":["https:\/\/wwcashmachines.com\/wp-content\/uploads\/2025\/02\/wcm27-700x700.jpeg",700,700,true],"thumbnail":["https:\/\/wwcashmachines.com\/wp-content\/uploads\/2025\/02\/wcm27-150x150.jpeg",150,150,true],"medium":["https:\/\/wwcashmachines.com\/wp-content\/uploads\/2025\/02\/wcm27-300x300.jpeg",300,300,true],"medium_large":["https:\/\/wwcashmachines.com\/wp-content\/uploads\/2025\/02\/wcm27-768x768.jpeg",768,768,true],"large":["https:\/\/wwcashmachines.com\/wp-content\/uploads\/2025\/02\/wcm27.jpeg",800,800,false],"default":"https:\/\/wwcashmachines.com\/wp-content\/plugins\/the-plus-addons-for-block-editor\/assets\/images\/tpgb-placeholder.jpg"},"tpgb_post_meta_info":{"get_date":"24 de febrero de 2025","get_modified_date":"25 de febrero de 2025","category_list":{"product_brand":false,"product_cat":[{"term_id":172,"name":"Billetes","slug":"billetes","term_group":0,"term_taxonomy_id":172,"taxonomy":"product_cat","description":"","parent":0,"count":16,"filter":"raw"},{"term_id":183,"name":"Casinos","slug":"casinos","term_group":0,"term_taxonomy_id":183,"taxonomy":"product_cat","description":"","parent":158,"count":17,"filter":"raw"},{"term_id":176,"name":"Entidades Financieras","slug":"entidades-financieras","term_group":0,"term_taxonomy_id":176,"taxonomy":"product_cat","description":"","parent":0,"count":9,"filter":"raw"},{"term_id":159,"name":"Operadores","slug":"operadores","term_group":0,"term_taxonomy_id":159,"taxonomy":"product_cat","description":"","parent":158,"count":22,"filter":"raw"},{"term_id":175,"name":"optimizacion de billtes para salones recreativos","slug":"optimizacion-de-billtes-para-salones-recreativos","term_group":0,"term_taxonomy_id":175,"taxonomy":"product_cat","description":"","parent":167,"count":10,"filter":"raw"},{"term_id":167,"name":"Salones Recreativos","slug":"salones-recreativos","term_group":0,"term_taxonomy_id":167,"taxonomy":"product_cat","description":"","parent":158,"count":21,"filter":"raw"},{"term_id":158,"name":"Sectores Recreativos","slug":"sectores-recreativos","term_group":0,"term_taxonomy_id":158,"taxonomy":"product_cat","description":"","parent":0,"count":9,"filter":"raw"},{"term_id":184,"name":"TITO no inegrada","slug":"tito-no-inegrada","term_group":0,"term_taxonomy_id":184,"taxonomy":"product_cat","description":"","parent":183,"count":7,"filter":"raw"},{"term_id":179,"name":"Valorizadoras de Billetes","slug":"valorizadoras-de-billetes","term_group":0,"term_taxonomy_id":179,"taxonomy":"product_cat","description":"","parent":172,"count":13,"filter":"raw"}],"product_tag":false},"comment_count":0,"post_likes":0,"post_views":0},"tpgb_post_category":{"product_cat":"<a href=\"https:\/\/wwcashmachines.com\/es\/product-category\/billetes\/\" alt=\"Billetes\"  class=\"product_cat-billetes\">Billetes<\/a> <a href=\"https:\/\/wwcashmachines.com\/es\/product-category\/sectores-recreativos\/casinos\/\" alt=\"Casinos\"  class=\"product_cat-casinos\">Casinos<\/a> <a href=\"https:\/\/wwcashmachines.com\/es\/product-category\/entidades-financieras\/\" alt=\"Entidades Financieras\"  class=\"product_cat-entidades-financieras\">Entidades Financieras<\/a> <a href=\"https:\/\/wwcashmachines.com\/es\/product-category\/sectores-recreativos\/operadores\/\" alt=\"Operadores\"  class=\"product_cat-operadores\">Operadores<\/a> <a href=\"https:\/\/wwcashmachines.com\/es\/product-category\/sectores-recreativos\/salones-recreativos\/optimizacion-de-billtes-para-salones-recreativos\/\" alt=\"optimizacion de billtes para salones recreativos\"  class=\"product_cat-optimizacion-de-billtes-para-salones-recreativos\">optimizacion de billtes para salones recreativos<\/a> <a href=\"https:\/\/wwcashmachines.com\/es\/product-category\/sectores-recreativos\/salones-recreativos\/\" alt=\"Salones Recreativos\"  class=\"product_cat-salones-recreativos\">Salones Recreativos<\/a> <a href=\"https:\/\/wwcashmachines.com\/es\/product-category\/sectores-recreativos\/\" alt=\"Sectores Recreativos\"  class=\"product_cat-sectores-recreativos\">Sectores Recreativos<\/a> <a href=\"https:\/\/wwcashmachines.com\/es\/product-category\/sectores-recreativos\/casinos\/tito-no-inegrada\/\" alt=\"TITO no inegrada\"  class=\"product_cat-tito-no-inegrada\">TITO no inegrada<\/a> <a href=\"https:\/\/wwcashmachines.com\/es\/product-category\/billetes\/valorizadoras-de-billetes\/\" alt=\"Valorizadoras de Billetes\"  class=\"product_cat-valorizadoras-de-billetes\">Valorizadoras de Billetes<\/a> "},"tpgb_product_data":{"price_html":"","type":"simple","gallery":["https:\/\/wwcashmachines.com\/wp-content\/uploads\/2025\/02\/WCM-27.jpg",500,500,false],"category":"Billetes","procatslug":"billetes"},"_links":{"self":[{"href":"https:\/\/wwcashmachines.com\/es\/wp-json\/wp\/v2\/product\/10807","targetHints":{"allow":["GET"]}}],"collection":[{"href":"https:\/\/wwcashmachines.com\/es\/wp-json\/wp\/v2\/product"}],"about":[{"href":"https:\/\/wwcashmachines.com\/es\/wp-json\/wp\/v2\/types\/product"}],"replies":[{"embeddable":true,"href":"https:\/\/wwcashmachines.com\/es\/wp-json\/wp\/v2\/comments?post=10807"}],"wp:featuredmedia":[{"embeddable":true,"href":"https:\/\/wwcashmachines.com\/es\/wp-json\/wp\/v2\/media\/10913"}],"wp:attachment":[{"href":"https:\/\/wwcashmachines.com\/es\/wp-json\/wp\/v2\/media?parent=10807"}],"wp:term":[{"taxonomy":"product_brand","embeddable":true,"href":"https:\/\/wwcashmachines.com\/es\/wp-json\/wp\/v2\/product_brand?post=10807"},{"taxonomy":"product_cat","embeddable":true,"href":"https:\/\/wwcashmachines.com\/es\/wp-json\/wp\/v2\/product_cat?post=10807"},{"taxonomy":"product_tag","embeddable":true,"href":"https:\/\/wwcashmachines.com\/es\/wp-json\/wp\/v2\/product_tag?post=10807"}],"curies":[{"name":"wp","href":"https:\/\/api.w.org\/{rel}","templated":true}]}}