{"id":11834,"date":"2026-01-14T12:11:33","date_gmt":"2026-01-14T10:11:33","guid":{"rendered":"https:\/\/wwcashmachines.com\/?post_type=product&#038;p=11834"},"modified":"2026-01-14T12:19:00","modified_gmt":"2026-01-14T10:19:00","slug":"c10","status":"publish","type":"product","link":"https:\/\/wwcashmachines.com\/es\/producto\/c10\/","title":{"rendered":"C10"},"content":{"rendered":"<h2 data-start=\"156\" data-end=\"211\"><em><strong data-start=\"159\" data-end=\"211\">C10 : Clasificadora de monedas de alta velocidad<\/strong><\/em><\/h2>\n<p data-start=\"283\" data-end=\"591\"><strong>Una soluci\u00f3n rentable para la clasificaci\u00f3n intensiva de monedas<\/strong><\/p>\n<p data-start=\"283\" data-end=\"591\">La C10 es una clasificadora de monedas de alta velocidad, dise\u00f1ada para entornos profesionales que requieren m\u00e1ximo rendimiento con un coste eficiente. Incorpora tecnolog\u00eda avanzada de clasificaci\u00f3n activa, capaz de procesar tanto monedas redondas como monedas poligonales con gran precisi\u00f3n.<\/p>\n<p data-start=\"593\" data-end=\"784\">Gracias a su elevada velocidad de clasificaci\u00f3n, puede procesar m\u00e1s de 1.600 monedas por minuto, mejorando de forma significativa la productividad y reduciendo los tiempos de trabajo.<\/p>\n<p data-start=\"786\" data-end=\"1014\">Su potente sistema de reconocimiento de monedas permite trabajar con divisas de m\u00e1s de 100 pa\u00edses y regiones, cumpliendo adem\u00e1s con la certificaci\u00f3n ETSC del Banco Central Europeo, garant\u00eda de fiabilidad y seguridad.<\/p>\n<p data-start=\"1016\" data-end=\"1208\">La C10 integra un sistema autom\u00e1tico de alimentaci\u00f3n de monedas mediante cinta, que reduce el esfuerzo del operario y simplifica el proceso de clasificaci\u00f3n incluso en jornadas intensivas.<\/p>\n<p data-start=\"1210\" data-end=\"1454\">Con un dise\u00f1o de suelo robusto y de alta resistencia, la C10 est\u00e1 especialmente indicada para centros de efectivo y empresas de transporte de fondos (CIT), donde se requiere una m\u00e1quina fiable, r\u00e1pida y preparada para un uso continuado.<\/p>\n<p data-start=\"1210\" data-end=\"1454\"><!--more--><\/p>\n<p style=\"text-align: center;\" data-start=\"1210\" data-end=\"1454\"><a href=\"https:\/\/wwcashmachines.com\/es\/tratamiento-de-efectivo\/monedas\/\">VER M\u00c1S SOLUCIONES PARA EL TRATAMIENTO DE MONEDAS<\/a><\/p>\n","protected":false},"excerpt":{"rendered":"<p>Clasificadora de monedas de alta velocidad, robusta y rentable, dise\u00f1ada para entornos profesionales con grandes vol\u00famenes de efectivo.<\/p>\n","protected":false},"featured_media":11837,"comment_status":"closed","ping_status":"closed","template":"","meta":{"tpgb_global_settings":""},"product_brand":[],"product_cat":[183,157,156,168,158,161],"product_tag":[],"class_list":{"0":"post-11834","1":"product","2":"type-product","3":"status-publish","4":"has-post-thumbnail","6":"product_cat-casinos","7":"product_cat-clasificadora-de-monedas","8":"product_cat-monedas","9":"product_cat-optimizacion-del-tratamiento-de-monedas-salones-recreativos","10":"product_cat-sectores-recreativos","11":"product_cat-vending","13":"first","14":"instock","15":"taxable","16":"shipping-taxable","17":"product-type-simple"},"yoast_head":"<!-- This site is optimized with the Yoast SEO plugin v27.5 - https:\/\/yoast.com\/product\/yoast-seo-wordpress\/ -->\n<title>C10 - Worldwide Cash Machines SL<\/title>\n<meta name=\"description\" content=\"C10 es una clasificadora de monedas de alta velocidad, dise\u00f1ada para entornos profesionales que requieren m\u00e1ximo rendimiento con un coste eficiente.\" \/>\n<meta name=\"robots\" content=\"index, follow, max-snippet:-1, max-image-preview:large, max-video-preview:-1\" \/>\n<link rel=\"canonical\" href=\"https:\/\/wwcashmachines.com\/es\/producto\/c10\/\" \/>\n<meta property=\"og:locale\" content=\"es_ES\" \/>\n<meta property=\"og:type\" content=\"article\" \/>\n<meta property=\"og:title\" content=\"C10 - Worldwide Cash Machines SL\" \/>\n<meta property=\"og:description\" content=\"C10 es una clasificadora de monedas de alta velocidad, dise\u00f1ada para entornos profesionales que requieren m\u00e1ximo rendimiento con un coste eficiente.\" \/>\n<meta property=\"og:url\" content=\"https:\/\/wwcashmachines.com\/es\/producto\/c10\/\" \/>\n<meta property=\"og:site_name\" content=\"Worldwide Cash Machines SL\" \/>\n<meta property=\"article:modified_time\" content=\"2026-01-14T10:19:00+00:00\" \/>\n<meta property=\"og:image\" content=\"https:\/\/wwcashmachines.com\/wp-content\/uploads\/2026\/01\/C10.jpg\" \/>\n\t<meta property=\"og:image:width\" content=\"500\" \/>\n\t<meta property=\"og:image:height\" content=\"500\" \/>\n\t<meta property=\"og:image:type\" content=\"image\/jpeg\" \/>\n<meta name=\"twitter:card\" content=\"summary_large_image\" \/>\n<meta name=\"twitter:label1\" content=\"Tiempo de lectura\" \/>\n\t<meta name=\"twitter:data1\" content=\"2 minutos\" \/>\n<script type=\"application\/ld+json\" class=\"yoast-schema-graph\">{\"@context\":\"https:\\\/\\\/schema.org\",\"@graph\":[{\"@type\":\"WebPage\",\"@id\":\"https:\\\/\\\/wwcashmachines.com\\\/es\\\/producto\\\/c10\\\/\",\"url\":\"https:\\\/\\\/wwcashmachines.com\\\/es\\\/producto\\\/c10\\\/\",\"name\":\"C10 - Worldwide Cash Machines SL\",\"isPartOf\":{\"@id\":\"https:\\\/\\\/wwcashmachines.com\\\/es\\\/#website\"},\"primaryImageOfPage\":{\"@id\":\"https:\\\/\\\/wwcashmachines.com\\\/es\\\/producto\\\/c10\\\/#primaryimage\"},\"image\":{\"@id\":\"https:\\\/\\\/wwcashmachines.com\\\/es\\\/producto\\\/c10\\\/#primaryimage\"},\"thumbnailUrl\":\"https:\\\/\\\/wwcashmachines.com\\\/wp-content\\\/uploads\\\/2026\\\/01\\\/C10.jpg\",\"datePublished\":\"2026-01-14T10:11:33+00:00\",\"dateModified\":\"2026-01-14T10:19:00+00:00\",\"description\":\"C10 es una clasificadora de monedas de alta velocidad, dise\u00f1ada para entornos profesionales que requieren m\u00e1ximo rendimiento con un coste eficiente.\",\"breadcrumb\":{\"@id\":\"https:\\\/\\\/wwcashmachines.com\\\/es\\\/producto\\\/c10\\\/#breadcrumb\"},\"inLanguage\":\"es\",\"potentialAction\":[{\"@type\":\"ReadAction\",\"target\":[\"https:\\\/\\\/wwcashmachines.com\\\/es\\\/producto\\\/c10\\\/\"]}]},{\"@type\":\"ImageObject\",\"inLanguage\":\"es\",\"@id\":\"https:\\\/\\\/wwcashmachines.com\\\/es\\\/producto\\\/c10\\\/#primaryimage\",\"url\":\"https:\\\/\\\/wwcashmachines.com\\\/wp-content\\\/uploads\\\/2026\\\/01\\\/C10.jpg\",\"contentUrl\":\"https:\\\/\\\/wwcashmachines.com\\\/wp-content\\\/uploads\\\/2026\\\/01\\\/C10.jpg\",\"width\":500,\"height\":500},{\"@type\":\"BreadcrumbList\",\"@id\":\"https:\\\/\\\/wwcashmachines.com\\\/es\\\/producto\\\/c10\\\/#breadcrumb\",\"itemListElement\":[{\"@type\":\"ListItem\",\"position\":1,\"name\":\"Portada\",\"item\":\"https:\\\/\\\/wwcashmachines.com\\\/es\\\/\"},{\"@type\":\"ListItem\",\"position\":2,\"name\":\"Shop\",\"item\":\"https:\\\/\\\/wwcashmachines.com\\\/en\\\/shop-3\\\/\"},{\"@type\":\"ListItem\",\"position\":3,\"name\":\"C10\"}]},{\"@type\":\"WebSite\",\"@id\":\"https:\\\/\\\/wwcashmachines.com\\\/es\\\/#website\",\"url\":\"https:\\\/\\\/wwcashmachines.com\\\/es\\\/\",\"name\":\"Worldwide Cash Machines SL\",\"description\":\"Empresa de Cash Management\",\"publisher\":{\"@id\":\"https:\\\/\\\/wwcashmachines.com\\\/es\\\/#organization\"},\"potentialAction\":[{\"@type\":\"SearchAction\",\"target\":{\"@type\":\"EntryPoint\",\"urlTemplate\":\"https:\\\/\\\/wwcashmachines.com\\\/es\\\/?s={search_term_string}\"},\"query-input\":{\"@type\":\"PropertyValueSpecification\",\"valueRequired\":true,\"valueName\":\"search_term_string\"}}],\"inLanguage\":\"es\"},{\"@type\":\"Organization\",\"@id\":\"https:\\\/\\\/wwcashmachines.com\\\/es\\\/#organization\",\"name\":\"Cash Machines S.A.\",\"url\":\"https:\\\/\\\/wwcashmachines.com\\\/es\\\/\",\"logo\":{\"@type\":\"ImageObject\",\"inLanguage\":\"es\",\"@id\":\"https:\\\/\\\/wwcashmachines.com\\\/es\\\/#\\\/schema\\\/logo\\\/image\\\/\",\"url\":\"https:\\\/\\\/wwcashmachines.com\\\/wp-content\\\/uploads\\\/2021\\\/07\\\/cropped-logo-1.png\",\"contentUrl\":\"https:\\\/\\\/wwcashmachines.com\\\/wp-content\\\/uploads\\\/2021\\\/07\\\/cropped-logo-1.png\",\"width\":263,\"height\":100,\"caption\":\"Cash Machines S.A.\"},\"image\":{\"@id\":\"https:\\\/\\\/wwcashmachines.com\\\/es\\\/#\\\/schema\\\/logo\\\/image\\\/\"}}]}<\/script>\n<!-- \/ Yoast SEO plugin. -->","yoast_head_json":{"title":"C10 - Worldwide Cash Machines SL","description":"C10 es una clasificadora de monedas de alta velocidad, dise\u00f1ada para entornos profesionales que requieren m\u00e1ximo rendimiento con un coste eficiente.","robots":{"index":"index","follow":"follow","max-snippet":"max-snippet:-1","max-image-preview":"max-image-preview:large","max-video-preview":"max-video-preview:-1"},"canonical":"https:\/\/wwcashmachines.com\/es\/producto\/c10\/","og_locale":"es_ES","og_type":"article","og_title":"C10 - Worldwide Cash Machines SL","og_description":"C10 es una clasificadora de monedas de alta velocidad, dise\u00f1ada para entornos profesionales que requieren m\u00e1ximo rendimiento con un coste eficiente.","og_url":"https:\/\/wwcashmachines.com\/es\/producto\/c10\/","og_site_name":"Worldwide Cash Machines SL","article_modified_time":"2026-01-14T10:19:00+00:00","og_image":[{"width":500,"height":500,"url":"https:\/\/wwcashmachines.com\/wp-content\/uploads\/2026\/01\/C10.jpg","type":"image\/jpeg"}],"twitter_card":"summary_large_image","twitter_misc":{"Tiempo de lectura":"2 minutos"},"schema":{"@context":"https:\/\/schema.org","@graph":[{"@type":"WebPage","@id":"https:\/\/wwcashmachines.com\/es\/producto\/c10\/","url":"https:\/\/wwcashmachines.com\/es\/producto\/c10\/","name":"C10 - Worldwide Cash Machines SL","isPartOf":{"@id":"https:\/\/wwcashmachines.com\/es\/#website"},"primaryImageOfPage":{"@id":"https:\/\/wwcashmachines.com\/es\/producto\/c10\/#primaryimage"},"image":{"@id":"https:\/\/wwcashmachines.com\/es\/producto\/c10\/#primaryimage"},"thumbnailUrl":"https:\/\/wwcashmachines.com\/wp-content\/uploads\/2026\/01\/C10.jpg","datePublished":"2026-01-14T10:11:33+00:00","dateModified":"2026-01-14T10:19:00+00:00","description":"C10 es una clasificadora de monedas de alta velocidad, dise\u00f1ada para entornos profesionales que requieren m\u00e1ximo rendimiento con un coste eficiente.","breadcrumb":{"@id":"https:\/\/wwcashmachines.com\/es\/producto\/c10\/#breadcrumb"},"inLanguage":"es","potentialAction":[{"@type":"ReadAction","target":["https:\/\/wwcashmachines.com\/es\/producto\/c10\/"]}]},{"@type":"ImageObject","inLanguage":"es","@id":"https:\/\/wwcashmachines.com\/es\/producto\/c10\/#primaryimage","url":"https:\/\/wwcashmachines.com\/wp-content\/uploads\/2026\/01\/C10.jpg","contentUrl":"https:\/\/wwcashmachines.com\/wp-content\/uploads\/2026\/01\/C10.jpg","width":500,"height":500},{"@type":"BreadcrumbList","@id":"https:\/\/wwcashmachines.com\/es\/producto\/c10\/#breadcrumb","itemListElement":[{"@type":"ListItem","position":1,"name":"Portada","item":"https:\/\/wwcashmachines.com\/es\/"},{"@type":"ListItem","position":2,"name":"Shop","item":"https:\/\/wwcashmachines.com\/en\/shop-3\/"},{"@type":"ListItem","position":3,"name":"C10"}]},{"@type":"WebSite","@id":"https:\/\/wwcashmachines.com\/es\/#website","url":"https:\/\/wwcashmachines.com\/es\/","name":"Worldwide Cash Machines SL","description":"Empresa de Cash Management","publisher":{"@id":"https:\/\/wwcashmachines.com\/es\/#organization"},"potentialAction":[{"@type":"SearchAction","target":{"@type":"EntryPoint","urlTemplate":"https:\/\/wwcashmachines.com\/es\/?s={search_term_string}"},"query-input":{"@type":"PropertyValueSpecification","valueRequired":true,"valueName":"search_term_string"}}],"inLanguage":"es"},{"@type":"Organization","@id":"https:\/\/wwcashmachines.com\/es\/#organization","name":"Cash Machines S.A.","url":"https:\/\/wwcashmachines.com\/es\/","logo":{"@type":"ImageObject","inLanguage":"es","@id":"https:\/\/wwcashmachines.com\/es\/#\/schema\/logo\/image\/","url":"https:\/\/wwcashmachines.com\/wp-content\/uploads\/2021\/07\/cropped-logo-1.png","contentUrl":"https:\/\/wwcashmachines.com\/wp-content\/uploads\/2021\/07\/cropped-logo-1.png","width":263,"height":100,"caption":"Cash Machines S.A."},"image":{"@id":"https:\/\/wwcashmachines.com\/es\/#\/schema\/logo\/image\/"}}]}},"tpgb_featured_images":{"full":["https:\/\/wwcashmachines.com\/wp-content\/uploads\/2026\/01\/C10.jpg",500,500,false],"tp-image-grid":["https:\/\/wwcashmachines.com\/wp-content\/uploads\/2026\/01\/C10-700x700.jpg",700,700,true],"thumbnail":["https:\/\/wwcashmachines.com\/wp-content\/uploads\/2026\/01\/C10-150x150.jpg",150,150,true],"medium":["https:\/\/wwcashmachines.com\/wp-content\/uploads\/2026\/01\/C10-300x300.jpg",300,300,true],"medium_large":["https:\/\/wwcashmachines.com\/wp-content\/uploads\/2026\/01\/C10.jpg",500,500,false],"large":["https:\/\/wwcashmachines.com\/wp-content\/uploads\/2026\/01\/C10.jpg",500,500,false],"default":"https:\/\/wwcashmachines.com\/wp-content\/plugins\/the-plus-addons-for-block-editor\/assets\/images\/tpgb-placeholder.jpg"},"tpgb_post_meta_info":{"get_date":"14 de enero de 2026","get_modified_date":"14 de enero de 2026","category_list":{"product_brand":false,"product_cat":[{"term_id":183,"name":"Casinos","slug":"casinos","term_group":0,"term_taxonomy_id":183,"taxonomy":"product_cat","description":"","parent":158,"count":17,"filter":"raw"},{"term_id":157,"name":"Clasificadora de Monedas","slug":"clasificadora-de-monedas","term_group":0,"term_taxonomy_id":157,"taxonomy":"product_cat","description":"","parent":156,"count":12,"filter":"raw"},{"term_id":156,"name":"Monedas","slug":"monedas","term_group":0,"term_taxonomy_id":156,"taxonomy":"product_cat","description":"","parent":0,"count":20,"filter":"raw"},{"term_id":168,"name":"optimizacion del tratamiento de monedas salones recreativos","slug":"optimizacion-del-tratamiento-de-monedas-salones-recreativos","term_group":0,"term_taxonomy_id":168,"taxonomy":"product_cat","description":"","parent":167,"count":6,"filter":"raw"},{"term_id":158,"name":"Sectores Recreativos","slug":"sectores-recreativos","term_group":0,"term_taxonomy_id":158,"taxonomy":"product_cat","description":"","parent":0,"count":9,"filter":"raw"},{"term_id":161,"name":"Vending","slug":"vending","term_group":0,"term_taxonomy_id":161,"taxonomy":"product_cat","description":"","parent":0,"count":20,"filter":"raw"}],"product_tag":false},"comment_count":0,"post_likes":0,"post_views":0},"tpgb_post_category":{"product_cat":"<a href=\"https:\/\/wwcashmachines.com\/es\/product-category\/sectores-recreativos\/casinos\/\" alt=\"Casinos\"  class=\"product_cat-casinos\">Casinos<\/a> <a href=\"https:\/\/wwcashmachines.com\/es\/product-category\/monedas\/clasificadora-de-monedas\/\" alt=\"Clasificadora de Monedas\"  class=\"product_cat-clasificadora-de-monedas\">Clasificadora de Monedas<\/a> <a href=\"https:\/\/wwcashmachines.com\/es\/product-category\/monedas\/\" alt=\"Monedas\"  class=\"product_cat-monedas\">Monedas<\/a> <a href=\"https:\/\/wwcashmachines.com\/es\/product-category\/sectores-recreativos\/salones-recreativos\/optimizacion-del-tratamiento-de-monedas-salones-recreativos\/\" alt=\"optimizacion del tratamiento de monedas salones recreativos\"  class=\"product_cat-optimizacion-del-tratamiento-de-monedas-salones-recreativos\">optimizacion del tratamiento de monedas salones recreativos<\/a> <a href=\"https:\/\/wwcashmachines.com\/es\/product-category\/sectores-recreativos\/\" alt=\"Sectores Recreativos\"  class=\"product_cat-sectores-recreativos\">Sectores Recreativos<\/a> <a href=\"https:\/\/wwcashmachines.com\/es\/product-category\/vending\/\" alt=\"Vending\"  class=\"product_cat-vending\">Vending<\/a> "},"tpgb_product_data":{"price_html":"","type":"simple","gallery":["https:\/\/wwcashmachines.com\/wp-content\/uploads\/2026\/01\/C10.jpg",500,500,false],"category":"Casinos","procatslug":"casinos"},"_links":{"self":[{"href":"https:\/\/wwcashmachines.com\/es\/wp-json\/wp\/v2\/product\/11834","targetHints":{"allow":["GET"]}}],"collection":[{"href":"https:\/\/wwcashmachines.com\/es\/wp-json\/wp\/v2\/product"}],"about":[{"href":"https:\/\/wwcashmachines.com\/es\/wp-json\/wp\/v2\/types\/product"}],"replies":[{"embeddable":true,"href":"https:\/\/wwcashmachines.com\/es\/wp-json\/wp\/v2\/comments?post=11834"}],"wp:featuredmedia":[{"embeddable":true,"href":"https:\/\/wwcashmachines.com\/es\/wp-json\/wp\/v2\/media\/11837"}],"wp:attachment":[{"href":"https:\/\/wwcashmachines.com\/es\/wp-json\/wp\/v2\/media?parent=11834"}],"wp:term":[{"taxonomy":"product_brand","embeddable":true,"href":"https:\/\/wwcashmachines.com\/es\/wp-json\/wp\/v2\/product_brand?post=11834"},{"taxonomy":"product_cat","embeddable":true,"href":"https:\/\/wwcashmachines.com\/es\/wp-json\/wp\/v2\/product_cat?post=11834"},{"taxonomy":"product_tag","embeddable":true,"href":"https:\/\/wwcashmachines.com\/es\/wp-json\/wp\/v2\/product_tag?post=11834"}],"curies":[{"name":"wp","href":"https:\/\/api.w.org\/{rel}","templated":true}]}}