{"id":11863,"date":"2026-01-14T16:54:44","date_gmt":"2026-01-14T14:54:44","guid":{"rendered":"https:\/\/wwcashmachines.com\/?post_type=product&#038;p=11863"},"modified":"2026-01-14T17:02:00","modified_gmt":"2026-01-14T15:02:00","slug":"one","status":"publish","type":"product","link":"https:\/\/wwcashmachines.com\/es\/producto\/one\/","title":{"rendered":"ONE (PRO\/PLUS\/MAX)"},"content":{"rendered":"<p data-start=\"315\" data-end=\"375\"><strong data-start=\"315\" data-end=\"375\">ONE: las pesadoras m\u00e1s avanzadas del mercado.<\/strong><\/p>\n<p data-start=\"377\" data-end=\"749\">La gama Cashmaster ONE ofrece una soluci\u00f3n avanzada para el recuento y la gesti\u00f3n del efectivo, dise\u00f1ada para negocios que necesitan precisi\u00f3n, rapidez y trazabilidad en sus operaciones diarias. Disponible en tres versiones (Pro, Plus y Max) se adapta a distintos niveles de complejidad operativa, desde el conteo b\u00e1sico hasta la integraci\u00f3n avanzada de datos.<\/p>\n<p data-start=\"377\" data-end=\"749\"><strong>Recuento de efectivo r\u00e1pido y fiable<\/strong><\/p>\n<p data-start=\"797\" data-end=\"1078\">Las pesadoras ONE permiten contar monedas y billetes de forma \u00e1gil y precisa, independientemente de si est\u00e1n sueltos, enrollados o envueltos. Adem\u00e1s, admite el recuento de elementos no monetarios como cupones, fichas o vales, facilitando un control completo del cierre de caja.<\/p>\n<p data-start=\"1080\" data-end=\"1250\">Gracias a su interfaz intuitiva y su sistema de ayuda integrado, el aprendizaje es m\u00ednimo y el uso diario resulta inmediato, incluso para personal sin experiencia previa.<\/p>\n<p data-start=\"1080\" data-end=\"1250\"><strong>Dise\u00f1ada para un uso diario profesional<\/strong><\/p>\n<p data-start=\"1301\" data-end=\"1537\">El equipo cuenta con una pantalla a color antirreflejo con vidrio templado de grado industrial, pensada para entornos exigentes. Su formato compacto y port\u00e1til permite utilizarlo c\u00f3modamente en mostradores, oficinas o zonas de caja.<\/p>\n<ul data-start=\"1539\" data-end=\"1644\">\n<li data-start=\"1539\" data-end=\"1577\">\n<p data-start=\"1541\" data-end=\"1577\">Pantalla de 4,3\u201d o 5\u201d seg\u00fan modelo<\/p>\n<\/li>\n<li data-start=\"1578\" data-end=\"1614\">\n<p data-start=\"1580\" data-end=\"1614\">Gr\u00e1ficos a color de alta calidad<\/p>\n<\/li>\n<li data-start=\"1615\" data-end=\"1644\">\n<p data-start=\"1617\" data-end=\"1644\">Dise\u00f1o robusto y compacto<\/p>\n<\/li>\n<\/ul>\n<p data-start=\"1651\" data-end=\"1692\"><strong>Software inteligente que ahorra tiempo<\/strong><\/p>\n<p data-start=\"1694\" data-end=\"1790\">Cashmaster ONE no solo cuenta efectivo: tambi\u00e9n optimiza procesos. Incluye funciones avanzadas como:<\/p>\n<ul data-start=\"1792\" data-end=\"2119\">\n<li data-start=\"1792\" data-end=\"1834\">\n<p data-start=\"1794\" data-end=\"1834\">Preparaci\u00f3n sencilla del banco inicial<\/p>\n<\/li>\n<li data-start=\"1835\" data-end=\"1872\">\n<p data-start=\"1837\" data-end=\"1872\">Inicio guiado de banco y dep\u00f3sito<\/p>\n<\/li>\n<li data-start=\"1873\" data-end=\"1932\">\n<p data-start=\"1875\" data-end=\"1932\">Pantalla de revisi\u00f3n de conteo con vistas configurables<\/p>\n<\/li>\n<li data-start=\"1933\" data-end=\"2005\">\n<p data-start=\"1935\" data-end=\"2005\">Editor de flujos de trabajo para personalizar la secuencia de conteo<\/p>\n<\/li>\n<li data-start=\"2006\" data-end=\"2062\">\n<p data-start=\"2008\" data-end=\"2062\">Registro de empleado y n\u00famero de caja (seg\u00fan modelo)<\/p>\n<\/li>\n<li data-start=\"2063\" data-end=\"2119\">\n<p data-start=\"2065\" data-end=\"2119\">Almacenamiento y recuperaci\u00f3n de hasta 500 conteos<\/p>\n<\/li>\n<\/ul>\n<p data-start=\"2121\" data-end=\"2217\">Todo ello pensado para reducir errores, mejorar la trazabilidad y ahorrar tiempo en cada cierre.<\/p>\n<p data-start=\"2121\" data-end=\"2217\"><strong>Multidivisa y multiling\u00fce<\/strong><\/p>\n<p data-start=\"2254\" data-end=\"2356\">La gama Cashmaster ONE es ideal para entornos internacionales o negocios con alto volumen de efectivo:<\/p>\n<ul data-start=\"2358\" data-end=\"2495\">\n<li data-start=\"2358\" data-end=\"2416\">\n<p data-start=\"2360\" data-end=\"2416\">Soporte para m\u00faltiples divisas (hasta 8+ seg\u00fan modelo)<\/p>\n<\/li>\n<li data-start=\"2417\" data-end=\"2441\">\n<p data-start=\"2419\" data-end=\"2441\">Interfaz multiling\u00fce<\/p>\n<\/li>\n<li data-start=\"2442\" data-end=\"2495\">\n<p data-start=\"2444\" data-end=\"2495\">Teclado num\u00e9rico para entradas r\u00e1pidas y precisas<\/p>\n<\/li>\n<\/ul>\n<p><!--more--><\/p>\n<p style=\"text-align: center;\"><a href=\"https:\/\/wwcashmachines.com\/es\/tratamiento-de-efectivo\/monedas\/\">VER M\u00c1S SOLUCIONES PARA EL TRATAMIENTO DE EFECTIVO<\/a><\/p>\n","protected":false},"excerpt":{"rendered":"<p><strong data-start=\"315\" data-end=\"375\">Control total del efectivo, r\u00e1pido, seguro y profesional<\/strong><\/p>\n","protected":false},"featured_media":11864,"comment_status":"closed","ping_status":"closed","template":"","meta":{"tpgb_global_settings":""},"product_brand":[],"product_cat":[170],"product_tag":[],"class_list":{"0":"post-11863","1":"product","2":"type-product","3":"status-publish","4":"has-post-thumbnail","6":"product_cat-contadoras-de-monedas","8":"first","9":"instock","10":"taxable","11":"shipping-taxable","12":"product-type-simple"},"yoast_head":"<!-- This site is optimized with the Yoast SEO plugin v27.3 - https:\/\/yoast.com\/product\/yoast-seo-wordpress\/ -->\n<title>ONE (PRO\/PLUS\/MAX) - Worldwide Cash Machines SL<\/title>\n<meta name=\"description\" content=\"ONE es la gama de pesadoras dise\u00f1ada para negocios que necesitan precisi\u00f3n, rapidez y trazabilidad en sus operaciones diarias.\" \/>\n<meta name=\"robots\" content=\"index, follow, max-snippet:-1, max-image-preview:large, max-video-preview:-1\" \/>\n<link rel=\"canonical\" href=\"https:\/\/wwcashmachines.com\/es\/producto\/one\/\" \/>\n<meta property=\"og:locale\" content=\"es_ES\" \/>\n<meta property=\"og:type\" content=\"article\" \/>\n<meta property=\"og:title\" content=\"ONE (PRO\/PLUS\/MAX) - Worldwide Cash Machines SL\" \/>\n<meta property=\"og:description\" content=\"ONE es la gama de pesadoras dise\u00f1ada para negocios que necesitan precisi\u00f3n, rapidez y trazabilidad en sus operaciones diarias.\" \/>\n<meta property=\"og:url\" content=\"https:\/\/wwcashmachines.com\/es\/producto\/one\/\" \/>\n<meta property=\"og:site_name\" content=\"Worldwide Cash Machines SL\" \/>\n<meta property=\"article:modified_time\" content=\"2026-01-14T15:02:00+00:00\" \/>\n<meta property=\"og:image\" content=\"https:\/\/wwcashmachines.com\/wp-content\/uploads\/2026\/01\/Cashmater-one.jpg\" \/>\n\t<meta property=\"og:image:width\" content=\"500\" \/>\n\t<meta property=\"og:image:height\" content=\"500\" \/>\n\t<meta property=\"og:image:type\" content=\"image\/jpeg\" \/>\n<meta name=\"twitter:card\" content=\"summary_large_image\" \/>\n<meta name=\"twitter:label1\" content=\"Tiempo de lectura\" \/>\n\t<meta name=\"twitter:data1\" content=\"2 minutos\" \/>\n<script type=\"application\/ld+json\" class=\"yoast-schema-graph\">{\"@context\":\"https:\\\/\\\/schema.org\",\"@graph\":[{\"@type\":\"WebPage\",\"@id\":\"https:\\\/\\\/wwcashmachines.com\\\/es\\\/producto\\\/one\\\/\",\"url\":\"https:\\\/\\\/wwcashmachines.com\\\/es\\\/producto\\\/one\\\/\",\"name\":\"ONE (PRO\\\/PLUS\\\/MAX) - Worldwide Cash Machines SL\",\"isPartOf\":{\"@id\":\"https:\\\/\\\/wwcashmachines.com\\\/es\\\/#website\"},\"primaryImageOfPage\":{\"@id\":\"https:\\\/\\\/wwcashmachines.com\\\/es\\\/producto\\\/one\\\/#primaryimage\"},\"image\":{\"@id\":\"https:\\\/\\\/wwcashmachines.com\\\/es\\\/producto\\\/one\\\/#primaryimage\"},\"thumbnailUrl\":\"https:\\\/\\\/wwcashmachines.com\\\/wp-content\\\/uploads\\\/2026\\\/01\\\/Cashmater-one.jpg\",\"datePublished\":\"2026-01-14T14:54:44+00:00\",\"dateModified\":\"2026-01-14T15:02:00+00:00\",\"description\":\"ONE es la gama de pesadoras dise\u00f1ada para negocios que necesitan precisi\u00f3n, rapidez y trazabilidad en sus operaciones diarias.\",\"breadcrumb\":{\"@id\":\"https:\\\/\\\/wwcashmachines.com\\\/es\\\/producto\\\/one\\\/#breadcrumb\"},\"inLanguage\":\"es\",\"potentialAction\":[{\"@type\":\"ReadAction\",\"target\":[\"https:\\\/\\\/wwcashmachines.com\\\/es\\\/producto\\\/one\\\/\"]}]},{\"@type\":\"ImageObject\",\"inLanguage\":\"es\",\"@id\":\"https:\\\/\\\/wwcashmachines.com\\\/es\\\/producto\\\/one\\\/#primaryimage\",\"url\":\"https:\\\/\\\/wwcashmachines.com\\\/wp-content\\\/uploads\\\/2026\\\/01\\\/Cashmater-one.jpg\",\"contentUrl\":\"https:\\\/\\\/wwcashmachines.com\\\/wp-content\\\/uploads\\\/2026\\\/01\\\/Cashmater-one.jpg\",\"width\":500,\"height\":500,\"caption\":\"One\"},{\"@type\":\"BreadcrumbList\",\"@id\":\"https:\\\/\\\/wwcashmachines.com\\\/es\\\/producto\\\/one\\\/#breadcrumb\",\"itemListElement\":[{\"@type\":\"ListItem\",\"position\":1,\"name\":\"Portada\",\"item\":\"https:\\\/\\\/wwcashmachines.com\\\/es\\\/\"},{\"@type\":\"ListItem\",\"position\":2,\"name\":\"Shop\",\"item\":\"https:\\\/\\\/wwcashmachines.com\\\/en\\\/shop-3\\\/\"},{\"@type\":\"ListItem\",\"position\":3,\"name\":\"ONE (PRO\\\/PLUS\\\/MAX)\"}]},{\"@type\":\"WebSite\",\"@id\":\"https:\\\/\\\/wwcashmachines.com\\\/es\\\/#website\",\"url\":\"https:\\\/\\\/wwcashmachines.com\\\/es\\\/\",\"name\":\"Worldwide Cash Machines SL\",\"description\":\"Empresa de Cash Management\",\"publisher\":{\"@id\":\"https:\\\/\\\/wwcashmachines.com\\\/es\\\/#organization\"},\"potentialAction\":[{\"@type\":\"SearchAction\",\"target\":{\"@type\":\"EntryPoint\",\"urlTemplate\":\"https:\\\/\\\/wwcashmachines.com\\\/es\\\/?s={search_term_string}\"},\"query-input\":{\"@type\":\"PropertyValueSpecification\",\"valueRequired\":true,\"valueName\":\"search_term_string\"}}],\"inLanguage\":\"es\"},{\"@type\":\"Organization\",\"@id\":\"https:\\\/\\\/wwcashmachines.com\\\/es\\\/#organization\",\"name\":\"Cash Machines S.A.\",\"url\":\"https:\\\/\\\/wwcashmachines.com\\\/es\\\/\",\"logo\":{\"@type\":\"ImageObject\",\"inLanguage\":\"es\",\"@id\":\"https:\\\/\\\/wwcashmachines.com\\\/es\\\/#\\\/schema\\\/logo\\\/image\\\/\",\"url\":\"https:\\\/\\\/wwcashmachines.com\\\/wp-content\\\/uploads\\\/2021\\\/07\\\/cropped-logo-1.png\",\"contentUrl\":\"https:\\\/\\\/wwcashmachines.com\\\/wp-content\\\/uploads\\\/2021\\\/07\\\/cropped-logo-1.png\",\"width\":263,\"height\":100,\"caption\":\"Cash Machines S.A.\"},\"image\":{\"@id\":\"https:\\\/\\\/wwcashmachines.com\\\/es\\\/#\\\/schema\\\/logo\\\/image\\\/\"}}]}<\/script>\n<!-- \/ Yoast SEO plugin. -->","yoast_head_json":{"title":"ONE (PRO\/PLUS\/MAX) - Worldwide Cash Machines SL","description":"ONE es la gama de pesadoras dise\u00f1ada para negocios que necesitan precisi\u00f3n, rapidez y trazabilidad en sus operaciones diarias.","robots":{"index":"index","follow":"follow","max-snippet":"max-snippet:-1","max-image-preview":"max-image-preview:large","max-video-preview":"max-video-preview:-1"},"canonical":"https:\/\/wwcashmachines.com\/es\/producto\/one\/","og_locale":"es_ES","og_type":"article","og_title":"ONE (PRO\/PLUS\/MAX) - Worldwide Cash Machines SL","og_description":"ONE es la gama de pesadoras dise\u00f1ada para negocios que necesitan precisi\u00f3n, rapidez y trazabilidad en sus operaciones diarias.","og_url":"https:\/\/wwcashmachines.com\/es\/producto\/one\/","og_site_name":"Worldwide Cash Machines SL","article_modified_time":"2026-01-14T15:02:00+00:00","og_image":[{"width":500,"height":500,"url":"https:\/\/wwcashmachines.com\/wp-content\/uploads\/2026\/01\/Cashmater-one.jpg","type":"image\/jpeg"}],"twitter_card":"summary_large_image","twitter_misc":{"Tiempo de lectura":"2 minutos"},"schema":{"@context":"https:\/\/schema.org","@graph":[{"@type":"WebPage","@id":"https:\/\/wwcashmachines.com\/es\/producto\/one\/","url":"https:\/\/wwcashmachines.com\/es\/producto\/one\/","name":"ONE (PRO\/PLUS\/MAX) - Worldwide Cash Machines SL","isPartOf":{"@id":"https:\/\/wwcashmachines.com\/es\/#website"},"primaryImageOfPage":{"@id":"https:\/\/wwcashmachines.com\/es\/producto\/one\/#primaryimage"},"image":{"@id":"https:\/\/wwcashmachines.com\/es\/producto\/one\/#primaryimage"},"thumbnailUrl":"https:\/\/wwcashmachines.com\/wp-content\/uploads\/2026\/01\/Cashmater-one.jpg","datePublished":"2026-01-14T14:54:44+00:00","dateModified":"2026-01-14T15:02:00+00:00","description":"ONE es la gama de pesadoras dise\u00f1ada para negocios que necesitan precisi\u00f3n, rapidez y trazabilidad en sus operaciones diarias.","breadcrumb":{"@id":"https:\/\/wwcashmachines.com\/es\/producto\/one\/#breadcrumb"},"inLanguage":"es","potentialAction":[{"@type":"ReadAction","target":["https:\/\/wwcashmachines.com\/es\/producto\/one\/"]}]},{"@type":"ImageObject","inLanguage":"es","@id":"https:\/\/wwcashmachines.com\/es\/producto\/one\/#primaryimage","url":"https:\/\/wwcashmachines.com\/wp-content\/uploads\/2026\/01\/Cashmater-one.jpg","contentUrl":"https:\/\/wwcashmachines.com\/wp-content\/uploads\/2026\/01\/Cashmater-one.jpg","width":500,"height":500,"caption":"One"},{"@type":"BreadcrumbList","@id":"https:\/\/wwcashmachines.com\/es\/producto\/one\/#breadcrumb","itemListElement":[{"@type":"ListItem","position":1,"name":"Portada","item":"https:\/\/wwcashmachines.com\/es\/"},{"@type":"ListItem","position":2,"name":"Shop","item":"https:\/\/wwcashmachines.com\/en\/shop-3\/"},{"@type":"ListItem","position":3,"name":"ONE (PRO\/PLUS\/MAX)"}]},{"@type":"WebSite","@id":"https:\/\/wwcashmachines.com\/es\/#website","url":"https:\/\/wwcashmachines.com\/es\/","name":"Worldwide Cash Machines SL","description":"Empresa de Cash Management","publisher":{"@id":"https:\/\/wwcashmachines.com\/es\/#organization"},"potentialAction":[{"@type":"SearchAction","target":{"@type":"EntryPoint","urlTemplate":"https:\/\/wwcashmachines.com\/es\/?s={search_term_string}"},"query-input":{"@type":"PropertyValueSpecification","valueRequired":true,"valueName":"search_term_string"}}],"inLanguage":"es"},{"@type":"Organization","@id":"https:\/\/wwcashmachines.com\/es\/#organization","name":"Cash Machines S.A.","url":"https:\/\/wwcashmachines.com\/es\/","logo":{"@type":"ImageObject","inLanguage":"es","@id":"https:\/\/wwcashmachines.com\/es\/#\/schema\/logo\/image\/","url":"https:\/\/wwcashmachines.com\/wp-content\/uploads\/2021\/07\/cropped-logo-1.png","contentUrl":"https:\/\/wwcashmachines.com\/wp-content\/uploads\/2021\/07\/cropped-logo-1.png","width":263,"height":100,"caption":"Cash Machines S.A."},"image":{"@id":"https:\/\/wwcashmachines.com\/es\/#\/schema\/logo\/image\/"}}]}},"tpgb_featured_images":{"full":["https:\/\/wwcashmachines.com\/wp-content\/uploads\/2026\/01\/Cashmater-one.jpg",500,500,false],"tp-image-grid":["https:\/\/wwcashmachines.com\/wp-content\/uploads\/2026\/01\/Cashmater-one-700x700.jpg",700,700,true],"thumbnail":["https:\/\/wwcashmachines.com\/wp-content\/uploads\/2026\/01\/Cashmater-one-150x150.jpg",150,150,true],"medium":["https:\/\/wwcashmachines.com\/wp-content\/uploads\/2026\/01\/Cashmater-one-300x300.jpg",300,300,true],"medium_large":["https:\/\/wwcashmachines.com\/wp-content\/uploads\/2026\/01\/Cashmater-one.jpg",500,500,false],"large":["https:\/\/wwcashmachines.com\/wp-content\/uploads\/2026\/01\/Cashmater-one.jpg",500,500,false],"default":"https:\/\/wwcashmachines.com\/wp-content\/plugins\/the-plus-addons-for-block-editor\/assets\/images\/tpgb-placeholder.jpg"},"tpgb_post_meta_info":{"get_date":"14 de enero de 2026","get_modified_date":"14 de enero de 2026","category_list":{"product_brand":false,"product_cat":[{"term_id":170,"name":"Contadoras de Monedas","slug":"contadoras-de-monedas","term_group":0,"term_taxonomy_id":170,"taxonomy":"product_cat","description":"","parent":156,"count":6,"filter":"raw"}],"product_tag":false},"comment_count":0,"post_likes":0,"post_views":0},"tpgb_post_category":{"product_cat":"<a href=\"https:\/\/wwcashmachines.com\/es\/product-category\/monedas\/contadoras-de-monedas\/\" alt=\"Contadoras de Monedas\"  class=\"product_cat-contadoras-de-monedas\">Contadoras de Monedas<\/a> "},"tpgb_product_data":{"price_html":"","type":"simple","gallery":["https:\/\/wwcashmachines.com\/wp-content\/uploads\/2026\/01\/Cashmater-one.jpg",500,500,false],"category":"Contadoras de Monedas","procatslug":"contadoras-de-monedas"},"_links":{"self":[{"href":"https:\/\/wwcashmachines.com\/es\/wp-json\/wp\/v2\/product\/11863","targetHints":{"allow":["GET"]}}],"collection":[{"href":"https:\/\/wwcashmachines.com\/es\/wp-json\/wp\/v2\/product"}],"about":[{"href":"https:\/\/wwcashmachines.com\/es\/wp-json\/wp\/v2\/types\/product"}],"replies":[{"embeddable":true,"href":"https:\/\/wwcashmachines.com\/es\/wp-json\/wp\/v2\/comments?post=11863"}],"wp:featuredmedia":[{"embeddable":true,"href":"https:\/\/wwcashmachines.com\/es\/wp-json\/wp\/v2\/media\/11864"}],"wp:attachment":[{"href":"https:\/\/wwcashmachines.com\/es\/wp-json\/wp\/v2\/media?parent=11863"}],"wp:term":[{"taxonomy":"product_brand","embeddable":true,"href":"https:\/\/wwcashmachines.com\/es\/wp-json\/wp\/v2\/product_brand?post=11863"},{"taxonomy":"product_cat","embeddable":true,"href":"https:\/\/wwcashmachines.com\/es\/wp-json\/wp\/v2\/product_cat?post=11863"},{"taxonomy":"product_tag","embeddable":true,"href":"https:\/\/wwcashmachines.com\/es\/wp-json\/wp\/v2\/product_tag?post=11863"}],"curies":[{"name":"wp","href":"https:\/\/api.w.org\/{rel}","templated":true}]}}