{"id":3036,"date":"2021-05-06T17:18:04","date_gmt":"2021-05-06T17:18:04","guid":{"rendered":"https:\/\/wwcashm.com\/?post_type=product&#038;p=3036"},"modified":"2023-06-06T14:08:56","modified_gmt":"2023-06-06T12:08:56","slug":"mib-11","status":"publish","type":"product","link":"https:\/\/wwcashmachines.com\/es\/producto\/mib-11\/","title":{"rendered":"MIB-11"},"content":{"rendered":"<p><em><strong>MIB-11: VALORADORA DE BILLETES + TITO<\/strong><\/em><\/p>\n<p><span data-contrast=\"auto\">Contaje simult\u00e1neo de billetes y TITO. La MIB-11 guarda im\u00e1genes y texto de los n\u00fameros de serie que se pueden guardar en un archivo, subir a un PC, imprimir o integrarse directamente en el aplicativo de la empresa. \u00a1Perfecta para negocios <span class=\"TextRun SCXW37637715 BCX0\" lang=\"ES\" xml:lang=\"ES\" data-contrast=\"auto\"><span class=\"NormalTextRun SCXW37637715 BCX0\">donde sea necesario procesar tickets TITO!<\/span><\/span><\/span><\/p>\n<p><strong>Compacta &#8211; <\/strong>M<span class=\"TextRun SCXW27639900 BCX0\" lang=\"ES\" xml:lang=\"ES\" data-contrast=\"auto\"><span class=\"NormalTextRun SCXW27639900 BCX0\">\u00e1quina de tama\u00f1o compacto por sus caracter\u00edsticas y velocidad.<\/span><\/span><\/p>\n<p><strong>40 monedas disponibles &#8211; <\/strong> <span class=\"NormalTextRun BCX0 SCXW235229674\">La\u00a0<\/span><em><span class=\"NormalTextRun BCX0 SCXW235229674\">MIB-11<\/span><\/em><span class=\"NormalTextRun BCX0 SCXW235229674\"> viene con disponibilidad para <\/span><span class=\"NormalTextRun BCX0 SCXW235229674\">escoger<\/span><span class=\"NormalTextRun BCX0 SCXW235229674\"> entre 40 divisas.<\/span><\/p>\n<p><strong>Billetes y TITO &#8211; <\/strong>Olv\u00eddate de los cheques y opera con TITO.<\/p>\n<p>&nbsp;<\/p>\n<p><!--more--><\/p>\n<p style=\"text-align: center;\"><a href=\"https:\/\/wwcashmachines.com\/es\/tratamiento-de-efectivo\/billetes\/valoradoras-de-billetes\/\">VER M\u00c1S VALORADORAS DE BILLETES<\/a><\/p>\n<p>&nbsp;<\/p>\n","protected":false},"excerpt":{"rendered":"<h5><span class=\"TextRun SCXW166759070 BCX0\" lang=\"ES\" xml:lang=\"ES\" data-contrast=\"auto\"><span class=\"NormalTextRun SCXW166759070 BCX0\">Valoradora de billetes + TITO, de dos bandejas<\/span><\/span><span class=\"EOP SCXW166759070 BCX0\" data-ccp-props=\"{&quot;201341983&quot;:0,&quot;335559739&quot;:160,&quot;335559740&quot;:257}\">\u00a0<\/span><\/h5>\n<p><span class=\"TextRun SCXW37637715 BCX0\" lang=\"ES\" xml:lang=\"ES\" data-contrast=\"auto\"><span class=\"NormalTextRun SCXW37637715 BCX0\">M\u00e1quina de fabricaci\u00f3n coreana ideal para salas de juego o centros de <\/span><span class=\"NormalTextRun SCXW37637715 BCX0\">recaudaci\u00f3n.<\/span><\/span><\/p>\n","protected":false},"featured_media":4939,"comment_status":"open","ping_status":"closed","template":"","meta":{"tpgb_global_settings":""},"product_brand":[],"product_cat":[177,172,183,176,175,167,184,179],"product_tag":[163,164,165],"class_list":{"0":"post-3036","1":"product","2":"type-product","3":"status-publish","4":"has-post-thumbnail","6":"product_cat-atomatizacion-de-caja-finance","7":"product_cat-billetes","8":"product_cat-casinos","9":"product_cat-entidades-financieras","10":"product_cat-optimizacion-de-billtes-para-salones-recreativos","11":"product_cat-salones-recreativos","12":"product_cat-tito-no-inegrada","13":"product_cat-valorizadoras-de-billetes","14":"product_tag-casinos","15":"product_tag-operadores","16":"product_tag-salones-recreativos","18":"first","19":"instock","20":"taxable","21":"shipping-taxable","22":"product-type-simple"},"yoast_head":"<!-- This site is optimized with the Yoast SEO plugin v27.3 - https:\/\/yoast.com\/product\/yoast-seo-wordpress\/ -->\n<title>MIB-11 \u00bb Clasificadora de billetes \u00bb Worldwide Cash Machines SL<\/title>\n<meta name=\"description\" content=\"MIB-11 es una clasificadora de billetes y TITO de dos bandejas. Dise\u00f1ada con un tama\u00f1o compacto, es perfecta para salas de juego o centros de recaudaci\u00f3n.\" \/>\n<meta name=\"robots\" content=\"index, follow, max-snippet:-1, max-image-preview:large, max-video-preview:-1\" \/>\n<link rel=\"canonical\" href=\"https:\/\/wwcashmachines.com\/es\/producto\/mib-11\/\" \/>\n<meta property=\"og:locale\" content=\"es_ES\" \/>\n<meta property=\"og:type\" content=\"article\" \/>\n<meta property=\"og:title\" content=\"Worldwide Cash Machines SL - MIB-11\" \/>\n<meta property=\"og:description\" content=\"MIB-11 es una clasificadora de billetes y TITO de dos bandejas. Dise\u00f1ada con un tama\u00f1o compacto, es perfecta para salas de juego o centros de recaudaci\u00f3n.\" \/>\n<meta property=\"og:url\" content=\"https:\/\/wwcashmachines.com\/es\/producto\/mib-11\/\" \/>\n<meta property=\"og:site_name\" content=\"Worldwide Cash Machines SL\" \/>\n<meta property=\"article:modified_time\" content=\"2023-06-06T12:08:56+00:00\" \/>\n<meta property=\"og:image\" content=\"https:\/\/wwcashmachines.com\/wp-content\/uploads\/2021\/07\/Tratamiento-de-efectivo-contadoras-de-efectivo-mi-11.jpg\" \/>\n\t<meta property=\"og:image:width\" content=\"1000\" \/>\n\t<meta property=\"og:image:height\" content=\"762\" \/>\n\t<meta property=\"og:image:type\" content=\"image\/jpeg\" \/>\n<meta name=\"twitter:card\" content=\"summary_large_image\" \/>\n<meta name=\"twitter:title\" content=\"Worldwide Cash Machines SL - MIB-11\" \/>\n<meta name=\"twitter:label1\" content=\"Tiempo de lectura\" \/>\n\t<meta name=\"twitter:data1\" content=\"1 minuto\" \/>\n<script type=\"application\/ld+json\" class=\"yoast-schema-graph\">{\"@context\":\"https:\\\/\\\/schema.org\",\"@graph\":[{\"@type\":\"WebPage\",\"@id\":\"https:\\\/\\\/wwcashmachines.com\\\/es\\\/producto\\\/mib-11\\\/\",\"url\":\"https:\\\/\\\/wwcashmachines.com\\\/es\\\/producto\\\/mib-11\\\/\",\"name\":\"MIB-11 \u00bb Clasificadora de billetes \u00bb Worldwide Cash Machines SL\",\"isPartOf\":{\"@id\":\"https:\\\/\\\/wwcashmachines.com\\\/es\\\/#website\"},\"primaryImageOfPage\":{\"@id\":\"https:\\\/\\\/wwcashmachines.com\\\/es\\\/producto\\\/mib-11\\\/#primaryimage\"},\"image\":{\"@id\":\"https:\\\/\\\/wwcashmachines.com\\\/es\\\/producto\\\/mib-11\\\/#primaryimage\"},\"thumbnailUrl\":\"https:\\\/\\\/wwcashmachines.com\\\/wp-content\\\/uploads\\\/2021\\\/07\\\/Tratamiento-de-efectivo-contadoras-de-efectivo-mi-11.jpg\",\"datePublished\":\"2021-05-06T17:18:04+00:00\",\"dateModified\":\"2023-06-06T12:08:56+00:00\",\"description\":\"MIB-11 es una clasificadora de billetes y TITO de dos bandejas. Dise\u00f1ada con un tama\u00f1o compacto, es perfecta para salas de juego o centros de recaudaci\u00f3n.\",\"breadcrumb\":{\"@id\":\"https:\\\/\\\/wwcashmachines.com\\\/es\\\/producto\\\/mib-11\\\/#breadcrumb\"},\"inLanguage\":\"es\",\"potentialAction\":[{\"@type\":\"ReadAction\",\"target\":[\"https:\\\/\\\/wwcashmachines.com\\\/es\\\/producto\\\/mib-11\\\/\"]}]},{\"@type\":\"ImageObject\",\"inLanguage\":\"es\",\"@id\":\"https:\\\/\\\/wwcashmachines.com\\\/es\\\/producto\\\/mib-11\\\/#primaryimage\",\"url\":\"https:\\\/\\\/wwcashmachines.com\\\/wp-content\\\/uploads\\\/2021\\\/07\\\/Tratamiento-de-efectivo-contadoras-de-efectivo-mi-11.jpg\",\"contentUrl\":\"https:\\\/\\\/wwcashmachines.com\\\/wp-content\\\/uploads\\\/2021\\\/07\\\/Tratamiento-de-efectivo-contadoras-de-efectivo-mi-11.jpg\",\"width\":1000,\"height\":762,\"caption\":\"Mib-11\"},{\"@type\":\"BreadcrumbList\",\"@id\":\"https:\\\/\\\/wwcashmachines.com\\\/es\\\/producto\\\/mib-11\\\/#breadcrumb\",\"itemListElement\":[{\"@type\":\"ListItem\",\"position\":1,\"name\":\"Portada\",\"item\":\"https:\\\/\\\/wwcashmachines.com\\\/es\\\/\"},{\"@type\":\"ListItem\",\"position\":2,\"name\":\"Shop\",\"item\":\"https:\\\/\\\/wwcashmachines.com\\\/en\\\/shop-3\\\/\"},{\"@type\":\"ListItem\",\"position\":3,\"name\":\"MIB-11\"}]},{\"@type\":\"WebSite\",\"@id\":\"https:\\\/\\\/wwcashmachines.com\\\/es\\\/#website\",\"url\":\"https:\\\/\\\/wwcashmachines.com\\\/es\\\/\",\"name\":\"Worldwide Cash Machines SL\",\"description\":\"Empresa de Cash Management\",\"publisher\":{\"@id\":\"https:\\\/\\\/wwcashmachines.com\\\/es\\\/#organization\"},\"potentialAction\":[{\"@type\":\"SearchAction\",\"target\":{\"@type\":\"EntryPoint\",\"urlTemplate\":\"https:\\\/\\\/wwcashmachines.com\\\/es\\\/?s={search_term_string}\"},\"query-input\":{\"@type\":\"PropertyValueSpecification\",\"valueRequired\":true,\"valueName\":\"search_term_string\"}}],\"inLanguage\":\"es\"},{\"@type\":\"Organization\",\"@id\":\"https:\\\/\\\/wwcashmachines.com\\\/es\\\/#organization\",\"name\":\"Cash Machines S.A.\",\"url\":\"https:\\\/\\\/wwcashmachines.com\\\/es\\\/\",\"logo\":{\"@type\":\"ImageObject\",\"inLanguage\":\"es\",\"@id\":\"https:\\\/\\\/wwcashmachines.com\\\/es\\\/#\\\/schema\\\/logo\\\/image\\\/\",\"url\":\"https:\\\/\\\/wwcashmachines.com\\\/wp-content\\\/uploads\\\/2021\\\/07\\\/cropped-logo-1.png\",\"contentUrl\":\"https:\\\/\\\/wwcashmachines.com\\\/wp-content\\\/uploads\\\/2021\\\/07\\\/cropped-logo-1.png\",\"width\":263,\"height\":100,\"caption\":\"Cash Machines S.A.\"},\"image\":{\"@id\":\"https:\\\/\\\/wwcashmachines.com\\\/es\\\/#\\\/schema\\\/logo\\\/image\\\/\"}}]}<\/script>\n<!-- \/ Yoast SEO plugin. -->","yoast_head_json":{"title":"MIB-11 \u00bb Clasificadora de billetes \u00bb Worldwide Cash Machines SL","description":"MIB-11 es una clasificadora de billetes y TITO de dos bandejas. Dise\u00f1ada con un tama\u00f1o compacto, es perfecta para salas de juego o centros de recaudaci\u00f3n.","robots":{"index":"index","follow":"follow","max-snippet":"max-snippet:-1","max-image-preview":"max-image-preview:large","max-video-preview":"max-video-preview:-1"},"canonical":"https:\/\/wwcashmachines.com\/es\/producto\/mib-11\/","og_locale":"es_ES","og_type":"article","og_title":"Worldwide Cash Machines SL - MIB-11","og_description":"MIB-11 es una clasificadora de billetes y TITO de dos bandejas. Dise\u00f1ada con un tama\u00f1o compacto, es perfecta para salas de juego o centros de recaudaci\u00f3n.","og_url":"https:\/\/wwcashmachines.com\/es\/producto\/mib-11\/","og_site_name":"Worldwide Cash Machines SL","article_modified_time":"2023-06-06T12:08:56+00:00","og_image":[{"width":1000,"height":762,"url":"https:\/\/wwcashmachines.com\/wp-content\/uploads\/2021\/07\/Tratamiento-de-efectivo-contadoras-de-efectivo-mi-11.jpg","type":"image\/jpeg"}],"twitter_card":"summary_large_image","twitter_title":"Worldwide Cash Machines SL - MIB-11","twitter_misc":{"Tiempo de lectura":"1 minuto"},"schema":{"@context":"https:\/\/schema.org","@graph":[{"@type":"WebPage","@id":"https:\/\/wwcashmachines.com\/es\/producto\/mib-11\/","url":"https:\/\/wwcashmachines.com\/es\/producto\/mib-11\/","name":"MIB-11 \u00bb Clasificadora de billetes \u00bb Worldwide Cash Machines SL","isPartOf":{"@id":"https:\/\/wwcashmachines.com\/es\/#website"},"primaryImageOfPage":{"@id":"https:\/\/wwcashmachines.com\/es\/producto\/mib-11\/#primaryimage"},"image":{"@id":"https:\/\/wwcashmachines.com\/es\/producto\/mib-11\/#primaryimage"},"thumbnailUrl":"https:\/\/wwcashmachines.com\/wp-content\/uploads\/2021\/07\/Tratamiento-de-efectivo-contadoras-de-efectivo-mi-11.jpg","datePublished":"2021-05-06T17:18:04+00:00","dateModified":"2023-06-06T12:08:56+00:00","description":"MIB-11 es una clasificadora de billetes y TITO de dos bandejas. Dise\u00f1ada con un tama\u00f1o compacto, es perfecta para salas de juego o centros de recaudaci\u00f3n.","breadcrumb":{"@id":"https:\/\/wwcashmachines.com\/es\/producto\/mib-11\/#breadcrumb"},"inLanguage":"es","potentialAction":[{"@type":"ReadAction","target":["https:\/\/wwcashmachines.com\/es\/producto\/mib-11\/"]}]},{"@type":"ImageObject","inLanguage":"es","@id":"https:\/\/wwcashmachines.com\/es\/producto\/mib-11\/#primaryimage","url":"https:\/\/wwcashmachines.com\/wp-content\/uploads\/2021\/07\/Tratamiento-de-efectivo-contadoras-de-efectivo-mi-11.jpg","contentUrl":"https:\/\/wwcashmachines.com\/wp-content\/uploads\/2021\/07\/Tratamiento-de-efectivo-contadoras-de-efectivo-mi-11.jpg","width":1000,"height":762,"caption":"Mib-11"},{"@type":"BreadcrumbList","@id":"https:\/\/wwcashmachines.com\/es\/producto\/mib-11\/#breadcrumb","itemListElement":[{"@type":"ListItem","position":1,"name":"Portada","item":"https:\/\/wwcashmachines.com\/es\/"},{"@type":"ListItem","position":2,"name":"Shop","item":"https:\/\/wwcashmachines.com\/en\/shop-3\/"},{"@type":"ListItem","position":3,"name":"MIB-11"}]},{"@type":"WebSite","@id":"https:\/\/wwcashmachines.com\/es\/#website","url":"https:\/\/wwcashmachines.com\/es\/","name":"Worldwide Cash Machines SL","description":"Empresa de Cash Management","publisher":{"@id":"https:\/\/wwcashmachines.com\/es\/#organization"},"potentialAction":[{"@type":"SearchAction","target":{"@type":"EntryPoint","urlTemplate":"https:\/\/wwcashmachines.com\/es\/?s={search_term_string}"},"query-input":{"@type":"PropertyValueSpecification","valueRequired":true,"valueName":"search_term_string"}}],"inLanguage":"es"},{"@type":"Organization","@id":"https:\/\/wwcashmachines.com\/es\/#organization","name":"Cash Machines S.A.","url":"https:\/\/wwcashmachines.com\/es\/","logo":{"@type":"ImageObject","inLanguage":"es","@id":"https:\/\/wwcashmachines.com\/es\/#\/schema\/logo\/image\/","url":"https:\/\/wwcashmachines.com\/wp-content\/uploads\/2021\/07\/cropped-logo-1.png","contentUrl":"https:\/\/wwcashmachines.com\/wp-content\/uploads\/2021\/07\/cropped-logo-1.png","width":263,"height":100,"caption":"Cash Machines S.A."},"image":{"@id":"https:\/\/wwcashmachines.com\/es\/#\/schema\/logo\/image\/"}}]}},"tpgb_featured_images":{"full":["https:\/\/wwcashmachines.com\/wp-content\/uploads\/2021\/07\/Tratamiento-de-efectivo-contadoras-de-efectivo-mi-11.jpg",1000,762,false],"tp-image-grid":["https:\/\/wwcashmachines.com\/wp-content\/uploads\/2021\/07\/Tratamiento-de-efectivo-contadoras-de-efectivo-mi-11-700x700.jpg",700,700,true],"thumbnail":["https:\/\/wwcashmachines.com\/wp-content\/uploads\/2021\/07\/Tratamiento-de-efectivo-contadoras-de-efectivo-mi-11-150x150.jpg",150,150,true],"medium":["https:\/\/wwcashmachines.com\/wp-content\/uploads\/2021\/07\/Tratamiento-de-efectivo-contadoras-de-efectivo-mi-11-300x229.jpg",300,229,true],"medium_large":["https:\/\/wwcashmachines.com\/wp-content\/uploads\/2021\/07\/Tratamiento-de-efectivo-contadoras-de-efectivo-mi-11-768x585.jpg",768,585,true],"large":["https:\/\/wwcashmachines.com\/wp-content\/uploads\/2021\/07\/Tratamiento-de-efectivo-contadoras-de-efectivo-mi-11.jpg",992,756,false],"default":"https:\/\/wwcashmachines.com\/wp-content\/plugins\/the-plus-addons-for-block-editor\/assets\/images\/tpgb-placeholder.jpg"},"tpgb_post_meta_info":{"get_date":"6 de mayo de 2021","get_modified_date":"6 de junio de 2023","category_list":{"product_brand":false,"product_cat":[{"term_id":177,"name":"atomatizacion de caja finance","slug":"atomatizacion-de-caja-finance","term_group":0,"term_taxonomy_id":177,"taxonomy":"product_cat","description":"","parent":176,"count":6,"filter":"raw"},{"term_id":172,"name":"Billetes","slug":"billetes","term_group":0,"term_taxonomy_id":172,"taxonomy":"product_cat","description":"","parent":0,"count":16,"filter":"raw"},{"term_id":183,"name":"Casinos","slug":"casinos","term_group":0,"term_taxonomy_id":183,"taxonomy":"product_cat","description":"","parent":158,"count":17,"filter":"raw"},{"term_id":176,"name":"Entidades Financieras","slug":"entidades-financieras","term_group":0,"term_taxonomy_id":176,"taxonomy":"product_cat","description":"","parent":0,"count":9,"filter":"raw"},{"term_id":175,"name":"optimizacion de billtes para salones recreativos","slug":"optimizacion-de-billtes-para-salones-recreativos","term_group":0,"term_taxonomy_id":175,"taxonomy":"product_cat","description":"","parent":167,"count":10,"filter":"raw"},{"term_id":167,"name":"Salones Recreativos","slug":"salones-recreativos","term_group":0,"term_taxonomy_id":167,"taxonomy":"product_cat","description":"","parent":158,"count":21,"filter":"raw"},{"term_id":184,"name":"TITO no inegrada","slug":"tito-no-inegrada","term_group":0,"term_taxonomy_id":184,"taxonomy":"product_cat","description":"","parent":183,"count":7,"filter":"raw"},{"term_id":179,"name":"Valorizadoras de Billetes","slug":"valorizadoras-de-billetes","term_group":0,"term_taxonomy_id":179,"taxonomy":"product_cat","description":"","parent":172,"count":13,"filter":"raw"}],"product_tag":[{"term_id":163,"name":"Casinos","slug":"casinos","term_group":0,"term_taxonomy_id":163,"taxonomy":"product_tag","description":"","parent":0,"count":27,"filter":"raw"},{"term_id":164,"name":"Operadores","slug":"operadores","term_group":0,"term_taxonomy_id":164,"taxonomy":"product_tag","description":"","parent":0,"count":26,"filter":"raw"},{"term_id":165,"name":"Salones Recreativos","slug":"salones-recreativos","term_group":0,"term_taxonomy_id":165,"taxonomy":"product_tag","description":"","parent":0,"count":31,"filter":"raw"}]},"comment_count":0,"post_likes":0,"post_views":0},"tpgb_post_category":{"product_cat":"<a href=\"https:\/\/wwcashmachines.com\/es\/product-category\/entidades-financieras\/atomatizacion-de-caja-finance\/\" alt=\"atomatizacion de caja finance\"  class=\"product_cat-atomatizacion-de-caja-finance\">atomatizacion de caja finance<\/a> <a href=\"https:\/\/wwcashmachines.com\/es\/product-category\/billetes\/\" alt=\"Billetes\"  class=\"product_cat-billetes\">Billetes<\/a> <a href=\"https:\/\/wwcashmachines.com\/es\/product-category\/sectores-recreativos\/casinos\/\" alt=\"Casinos\"  class=\"product_cat-casinos\">Casinos<\/a> <a href=\"https:\/\/wwcashmachines.com\/es\/product-category\/entidades-financieras\/\" alt=\"Entidades Financieras\"  class=\"product_cat-entidades-financieras\">Entidades Financieras<\/a> <a href=\"https:\/\/wwcashmachines.com\/es\/product-category\/sectores-recreativos\/salones-recreativos\/optimizacion-de-billtes-para-salones-recreativos\/\" alt=\"optimizacion de billtes para salones recreativos\"  class=\"product_cat-optimizacion-de-billtes-para-salones-recreativos\">optimizacion de billtes para salones recreativos<\/a> <a href=\"https:\/\/wwcashmachines.com\/es\/product-category\/sectores-recreativos\/salones-recreativos\/\" alt=\"Salones Recreativos\"  class=\"product_cat-salones-recreativos\">Salones Recreativos<\/a> <a href=\"https:\/\/wwcashmachines.com\/es\/product-category\/sectores-recreativos\/casinos\/tito-no-inegrada\/\" alt=\"TITO no inegrada\"  class=\"product_cat-tito-no-inegrada\">TITO no inegrada<\/a> <a href=\"https:\/\/wwcashmachines.com\/es\/product-category\/billetes\/valorizadoras-de-billetes\/\" alt=\"Valorizadoras de Billetes\"  class=\"product_cat-valorizadoras-de-billetes\">Valorizadoras de Billetes<\/a> ","product_tag":"<a href=\"https:\/\/wwcashmachines.com\/es\/product-tag\/casinos\/\" alt=\"Casinos\"  class=\"product_tag-casinos\">Casinos<\/a> <a href=\"https:\/\/wwcashmachines.com\/es\/product-tag\/operadores\/\" alt=\"Operadores\"  class=\"product_tag-operadores\">Operadores<\/a> <a href=\"https:\/\/wwcashmachines.com\/es\/product-tag\/salones-recreativos\/\" alt=\"Salones Recreativos\"  class=\"product_tag-salones-recreativos\">Salones Recreativos<\/a> "},"tpgb_product_data":{"price_html":"","type":"simple","gallery":["https:\/\/wwcashmachines.com\/wp-content\/uploads\/2021\/05\/MIB-11.jpg",1449,1104,false],"category":"atomatizacion de caja finance","procatslug":"atomatizacion-de-caja-finance"},"_links":{"self":[{"href":"https:\/\/wwcashmachines.com\/es\/wp-json\/wp\/v2\/product\/3036","targetHints":{"allow":["GET"]}}],"collection":[{"href":"https:\/\/wwcashmachines.com\/es\/wp-json\/wp\/v2\/product"}],"about":[{"href":"https:\/\/wwcashmachines.com\/es\/wp-json\/wp\/v2\/types\/product"}],"replies":[{"embeddable":true,"href":"https:\/\/wwcashmachines.com\/es\/wp-json\/wp\/v2\/comments?post=3036"}],"wp:featuredmedia":[{"embeddable":true,"href":"https:\/\/wwcashmachines.com\/es\/wp-json\/wp\/v2\/media\/4939"}],"wp:attachment":[{"href":"https:\/\/wwcashmachines.com\/es\/wp-json\/wp\/v2\/media?parent=3036"}],"wp:term":[{"taxonomy":"product_brand","embeddable":true,"href":"https:\/\/wwcashmachines.com\/es\/wp-json\/wp\/v2\/product_brand?post=3036"},{"taxonomy":"product_cat","embeddable":true,"href":"https:\/\/wwcashmachines.com\/es\/wp-json\/wp\/v2\/product_cat?post=3036"},{"taxonomy":"product_tag","embeddable":true,"href":"https:\/\/wwcashmachines.com\/es\/wp-json\/wp\/v2\/product_tag?post=3036"}],"curies":[{"name":"wp","href":"https:\/\/api.w.org\/{rel}","templated":true}]}}