{"id":3064,"date":"2021-05-06T17:37:11","date_gmt":"2021-05-06T17:37:11","guid":{"rendered":"https:\/\/wwcashm.com\/?post_type=product&#038;p=3064"},"modified":"2025-04-17T11:05:52","modified_gmt":"2025-04-17T09:05:52","slug":"top-5","status":"publish","type":"product","link":"https:\/\/wwcashmachines.com\/es\/producto\/top-5\/","title":{"rendered":"TOP 5"},"content":{"rendered":"<p><em><strong>TOP 5: LA CONTADORA DE MONEDAS MANUAL<\/strong><\/em><\/p>\n<p>De dimensiones compactas y una velocidad r\u00e1pida de contaje. Alimentaci\u00f3n a base de bateria.<\/p>\n<p><b><span data-contrast=\"auto\">M\u00e1quina Transportable &#8211; <\/span><\/b><span data-contrast=\"auto\">Contadora ligera y f\u00e1cil de transportar, base met\u00e1lica. Dispone de una asa incorporada en su lateral.<\/span><\/p>\n<p><b><span data-contrast=\"auto\">Salida de rechazo frontal &#8211;\u00a0<\/span><\/b><span data-contrast=\"auto\">Salida de rechazado frontal con opci\u00f3n de contar en bolsa desde salida lateral.<\/span><\/p>\n<p><b><span data-contrast=\"auto\">Uso simple &#8211; <\/span><\/b><span data-contrast=\"auto\">Coloca las monedas y cuenta girando la manivela. La contadora TOP 5 cuenta con una salida de descarte frontal.<\/span><\/p>\n<p>&nbsp;<\/p>\n<p><!--more--><\/p>\n<p style=\"text-align: center;\"><a href=\"https:\/\/wwcashmachines.com\/es\/tratamiento-de-efectivo\/monedas\/monedas\/\">VER M\u00c1S SOLUCIONES PARA EL TRATAMIENTO DE MONEDAS<\/a><\/p>\n<p>&nbsp;<\/p>\n","protected":false},"excerpt":{"rendered":"<h5 aria-level=\"5\"><span data-contrast=\"none\">Contadora de monedas manual y port\u00e1til con salida de rechazo frontal. De uso r\u00e1pido e inmediato.<\/span><span data-ccp-props=\"{&quot;201341983&quot;:0,&quot;335551550&quot;:1,&quot;335551620&quot;:1,&quot;335559739&quot;:160,&quot;335559740&quot;:259}\">\u00a0<\/span><\/h5>\n<p>Ligera y port\u00e1til, con base met\u00e1lica y salida frontal.<\/p>\n","protected":false},"featured_media":7990,"comment_status":"open","ping_status":"closed","template":"","meta":{"tpgb_global_settings":""},"product_brand":[],"product_cat":[170,166,156,159],"product_tag":[163,164,165],"class_list":{"0":"post-3064","1":"product","2":"type-product","3":"status-publish","4":"has-post-thumbnail","6":"product_cat-contadoras-de-monedas","7":"product_cat-maquinas-portables-de-contaje-de-monedas","8":"product_cat-monedas","9":"product_cat-operadores","10":"product_tag-casinos","11":"product_tag-operadores","12":"product_tag-salones-recreativos","14":"first","15":"instock","16":"taxable","17":"shipping-taxable","18":"product-type-simple"},"yoast_head":"<!-- This site is optimized with the Yoast SEO plugin v27.5 - https:\/\/yoast.com\/product\/yoast-seo-wordpress\/ -->\n<title>TOP 5 - Contadora de monedas manual \u00bb Worldwide Cash Machines SL<\/title>\n<meta name=\"description\" content=\"TOP 5 es una contadora de monedas manual, ligera y port\u00e1til con base met\u00e1lica y salida frontal. M\u00e1quina compacta perfecta para los operadores.\" \/>\n<meta name=\"robots\" content=\"index, follow, max-snippet:-1, max-image-preview:large, max-video-preview:-1\" \/>\n<link rel=\"canonical\" href=\"https:\/\/wwcashmachines.com\/es\/producto\/top-5\/\" \/>\n<meta property=\"og:locale\" content=\"es_ES\" \/>\n<meta property=\"og:type\" content=\"article\" \/>\n<meta property=\"og:title\" content=\"Worldwide Cash Machines SL - TOP 5\" \/>\n<meta property=\"og:description\" content=\"TOP 5 es una contadora de monedas manual, ligera y port\u00e1til con base met\u00e1lica y salida frontal. M\u00e1quina compacta perfecta para los operadores.\" \/>\n<meta property=\"og:url\" content=\"https:\/\/wwcashmachines.com\/es\/producto\/top-5\/\" \/>\n<meta property=\"og:site_name\" content=\"Worldwide Cash Machines SL\" \/>\n<meta property=\"article:modified_time\" content=\"2025-04-17T09:05:52+00:00\" \/>\n<meta property=\"og:image\" content=\"https:\/\/wwcashmachines.com\/wp-content\/uploads\/2021\/05\/TOP5_FONDO-TRANSPARENTE.png\" \/>\n\t<meta property=\"og:image:width\" content=\"320\" \/>\n\t<meta property=\"og:image:height\" content=\"320\" \/>\n\t<meta property=\"og:image:type\" content=\"image\/png\" \/>\n<meta name=\"twitter:card\" content=\"summary_large_image\" \/>\n<meta name=\"twitter:title\" content=\"Worldwide Cash Machines SL - TOP 5\" \/>\n<meta name=\"twitter:label1\" content=\"Tiempo de lectura\" \/>\n\t<meta name=\"twitter:data1\" content=\"1 minuto\" \/>\n<script type=\"application\/ld+json\" class=\"yoast-schema-graph\">{\"@context\":\"https:\\\/\\\/schema.org\",\"@graph\":[{\"@type\":\"WebPage\",\"@id\":\"https:\\\/\\\/wwcashmachines.com\\\/es\\\/producto\\\/top-5\\\/\",\"url\":\"https:\\\/\\\/wwcashmachines.com\\\/es\\\/producto\\\/top-5\\\/\",\"name\":\"TOP 5 - Contadora de monedas manual \u00bb Worldwide Cash Machines SL\",\"isPartOf\":{\"@id\":\"https:\\\/\\\/wwcashmachines.com\\\/es\\\/#website\"},\"primaryImageOfPage\":{\"@id\":\"https:\\\/\\\/wwcashmachines.com\\\/es\\\/producto\\\/top-5\\\/#primaryimage\"},\"image\":{\"@id\":\"https:\\\/\\\/wwcashmachines.com\\\/es\\\/producto\\\/top-5\\\/#primaryimage\"},\"thumbnailUrl\":\"https:\\\/\\\/wwcashmachines.com\\\/wp-content\\\/uploads\\\/2021\\\/05\\\/TOP5_FONDO-TRANSPARENTE.png\",\"datePublished\":\"2021-05-06T17:37:11+00:00\",\"dateModified\":\"2025-04-17T09:05:52+00:00\",\"description\":\"TOP 5 es una contadora de monedas manual, ligera y port\u00e1til con base met\u00e1lica y salida frontal. M\u00e1quina compacta perfecta para los operadores.\",\"breadcrumb\":{\"@id\":\"https:\\\/\\\/wwcashmachines.com\\\/es\\\/producto\\\/top-5\\\/#breadcrumb\"},\"inLanguage\":\"es\",\"potentialAction\":[{\"@type\":\"ReadAction\",\"target\":[\"https:\\\/\\\/wwcashmachines.com\\\/es\\\/producto\\\/top-5\\\/\"]}]},{\"@type\":\"ImageObject\",\"inLanguage\":\"es\",\"@id\":\"https:\\\/\\\/wwcashmachines.com\\\/es\\\/producto\\\/top-5\\\/#primaryimage\",\"url\":\"https:\\\/\\\/wwcashmachines.com\\\/wp-content\\\/uploads\\\/2021\\\/05\\\/TOP5_FONDO-TRANSPARENTE.png\",\"contentUrl\":\"https:\\\/\\\/wwcashmachines.com\\\/wp-content\\\/uploads\\\/2021\\\/05\\\/TOP5_FONDO-TRANSPARENTE.png\",\"width\":320,\"height\":320,\"caption\":\"TOP 5\"},{\"@type\":\"BreadcrumbList\",\"@id\":\"https:\\\/\\\/wwcashmachines.com\\\/es\\\/producto\\\/top-5\\\/#breadcrumb\",\"itemListElement\":[{\"@type\":\"ListItem\",\"position\":1,\"name\":\"Portada\",\"item\":\"https:\\\/\\\/wwcashmachines.com\\\/es\\\/\"},{\"@type\":\"ListItem\",\"position\":2,\"name\":\"Shop\",\"item\":\"https:\\\/\\\/wwcashmachines.com\\\/en\\\/shop-3\\\/\"},{\"@type\":\"ListItem\",\"position\":3,\"name\":\"TOP 5\"}]},{\"@type\":\"WebSite\",\"@id\":\"https:\\\/\\\/wwcashmachines.com\\\/es\\\/#website\",\"url\":\"https:\\\/\\\/wwcashmachines.com\\\/es\\\/\",\"name\":\"Worldwide Cash Machines SL\",\"description\":\"Empresa de Cash Management\",\"publisher\":{\"@id\":\"https:\\\/\\\/wwcashmachines.com\\\/es\\\/#organization\"},\"potentialAction\":[{\"@type\":\"SearchAction\",\"target\":{\"@type\":\"EntryPoint\",\"urlTemplate\":\"https:\\\/\\\/wwcashmachines.com\\\/es\\\/?s={search_term_string}\"},\"query-input\":{\"@type\":\"PropertyValueSpecification\",\"valueRequired\":true,\"valueName\":\"search_term_string\"}}],\"inLanguage\":\"es\"},{\"@type\":\"Organization\",\"@id\":\"https:\\\/\\\/wwcashmachines.com\\\/es\\\/#organization\",\"name\":\"Cash Machines S.A.\",\"url\":\"https:\\\/\\\/wwcashmachines.com\\\/es\\\/\",\"logo\":{\"@type\":\"ImageObject\",\"inLanguage\":\"es\",\"@id\":\"https:\\\/\\\/wwcashmachines.com\\\/es\\\/#\\\/schema\\\/logo\\\/image\\\/\",\"url\":\"https:\\\/\\\/wwcashmachines.com\\\/wp-content\\\/uploads\\\/2021\\\/07\\\/cropped-logo-1.png\",\"contentUrl\":\"https:\\\/\\\/wwcashmachines.com\\\/wp-content\\\/uploads\\\/2021\\\/07\\\/cropped-logo-1.png\",\"width\":263,\"height\":100,\"caption\":\"Cash Machines S.A.\"},\"image\":{\"@id\":\"https:\\\/\\\/wwcashmachines.com\\\/es\\\/#\\\/schema\\\/logo\\\/image\\\/\"}}]}<\/script>\n<!-- \/ Yoast SEO plugin. -->","yoast_head_json":{"title":"TOP 5 - Contadora de monedas manual \u00bb Worldwide Cash Machines SL","description":"TOP 5 es una contadora de monedas manual, ligera y port\u00e1til con base met\u00e1lica y salida frontal. M\u00e1quina compacta perfecta para los operadores.","robots":{"index":"index","follow":"follow","max-snippet":"max-snippet:-1","max-image-preview":"max-image-preview:large","max-video-preview":"max-video-preview:-1"},"canonical":"https:\/\/wwcashmachines.com\/es\/producto\/top-5\/","og_locale":"es_ES","og_type":"article","og_title":"Worldwide Cash Machines SL - TOP 5","og_description":"TOP 5 es una contadora de monedas manual, ligera y port\u00e1til con base met\u00e1lica y salida frontal. M\u00e1quina compacta perfecta para los operadores.","og_url":"https:\/\/wwcashmachines.com\/es\/producto\/top-5\/","og_site_name":"Worldwide Cash Machines SL","article_modified_time":"2025-04-17T09:05:52+00:00","og_image":[{"width":320,"height":320,"url":"https:\/\/wwcashmachines.com\/wp-content\/uploads\/2021\/05\/TOP5_FONDO-TRANSPARENTE.png","type":"image\/png"}],"twitter_card":"summary_large_image","twitter_title":"Worldwide Cash Machines SL - TOP 5","twitter_misc":{"Tiempo de lectura":"1 minuto"},"schema":{"@context":"https:\/\/schema.org","@graph":[{"@type":"WebPage","@id":"https:\/\/wwcashmachines.com\/es\/producto\/top-5\/","url":"https:\/\/wwcashmachines.com\/es\/producto\/top-5\/","name":"TOP 5 - Contadora de monedas manual \u00bb Worldwide Cash Machines SL","isPartOf":{"@id":"https:\/\/wwcashmachines.com\/es\/#website"},"primaryImageOfPage":{"@id":"https:\/\/wwcashmachines.com\/es\/producto\/top-5\/#primaryimage"},"image":{"@id":"https:\/\/wwcashmachines.com\/es\/producto\/top-5\/#primaryimage"},"thumbnailUrl":"https:\/\/wwcashmachines.com\/wp-content\/uploads\/2021\/05\/TOP5_FONDO-TRANSPARENTE.png","datePublished":"2021-05-06T17:37:11+00:00","dateModified":"2025-04-17T09:05:52+00:00","description":"TOP 5 es una contadora de monedas manual, ligera y port\u00e1til con base met\u00e1lica y salida frontal. M\u00e1quina compacta perfecta para los operadores.","breadcrumb":{"@id":"https:\/\/wwcashmachines.com\/es\/producto\/top-5\/#breadcrumb"},"inLanguage":"es","potentialAction":[{"@type":"ReadAction","target":["https:\/\/wwcashmachines.com\/es\/producto\/top-5\/"]}]},{"@type":"ImageObject","inLanguage":"es","@id":"https:\/\/wwcashmachines.com\/es\/producto\/top-5\/#primaryimage","url":"https:\/\/wwcashmachines.com\/wp-content\/uploads\/2021\/05\/TOP5_FONDO-TRANSPARENTE.png","contentUrl":"https:\/\/wwcashmachines.com\/wp-content\/uploads\/2021\/05\/TOP5_FONDO-TRANSPARENTE.png","width":320,"height":320,"caption":"TOP 5"},{"@type":"BreadcrumbList","@id":"https:\/\/wwcashmachines.com\/es\/producto\/top-5\/#breadcrumb","itemListElement":[{"@type":"ListItem","position":1,"name":"Portada","item":"https:\/\/wwcashmachines.com\/es\/"},{"@type":"ListItem","position":2,"name":"Shop","item":"https:\/\/wwcashmachines.com\/en\/shop-3\/"},{"@type":"ListItem","position":3,"name":"TOP 5"}]},{"@type":"WebSite","@id":"https:\/\/wwcashmachines.com\/es\/#website","url":"https:\/\/wwcashmachines.com\/es\/","name":"Worldwide Cash Machines SL","description":"Empresa de Cash Management","publisher":{"@id":"https:\/\/wwcashmachines.com\/es\/#organization"},"potentialAction":[{"@type":"SearchAction","target":{"@type":"EntryPoint","urlTemplate":"https:\/\/wwcashmachines.com\/es\/?s={search_term_string}"},"query-input":{"@type":"PropertyValueSpecification","valueRequired":true,"valueName":"search_term_string"}}],"inLanguage":"es"},{"@type":"Organization","@id":"https:\/\/wwcashmachines.com\/es\/#organization","name":"Cash Machines S.A.","url":"https:\/\/wwcashmachines.com\/es\/","logo":{"@type":"ImageObject","inLanguage":"es","@id":"https:\/\/wwcashmachines.com\/es\/#\/schema\/logo\/image\/","url":"https:\/\/wwcashmachines.com\/wp-content\/uploads\/2021\/07\/cropped-logo-1.png","contentUrl":"https:\/\/wwcashmachines.com\/wp-content\/uploads\/2021\/07\/cropped-logo-1.png","width":263,"height":100,"caption":"Cash Machines S.A."},"image":{"@id":"https:\/\/wwcashmachines.com\/es\/#\/schema\/logo\/image\/"}}]}},"tpgb_featured_images":{"full":["https:\/\/wwcashmachines.com\/wp-content\/uploads\/2021\/05\/TOP5_FONDO-TRANSPARENTE.png",320,320,false],"tp-image-grid":["https:\/\/wwcashmachines.com\/wp-content\/uploads\/2021\/05\/TOP5_FONDO-TRANSPARENTE.png",320,320,false],"thumbnail":["https:\/\/wwcashmachines.com\/wp-content\/uploads\/2021\/05\/TOP5_FONDO-TRANSPARENTE-150x150.png",150,150,true],"medium":["https:\/\/wwcashmachines.com\/wp-content\/uploads\/2021\/05\/TOP5_FONDO-TRANSPARENTE-300x300.png",300,300,true],"medium_large":["https:\/\/wwcashmachines.com\/wp-content\/uploads\/2021\/05\/TOP5_FONDO-TRANSPARENTE.png",320,320,false],"large":["https:\/\/wwcashmachines.com\/wp-content\/uploads\/2021\/05\/TOP5_FONDO-TRANSPARENTE.png",320,320,false],"default":"https:\/\/wwcashmachines.com\/wp-content\/plugins\/the-plus-addons-for-block-editor\/assets\/images\/tpgb-placeholder.jpg"},"tpgb_post_meta_info":{"get_date":"6 de mayo de 2021","get_modified_date":"17 de abril de 2025","category_list":{"product_brand":false,"product_cat":[{"term_id":170,"name":"Contadoras de Monedas","slug":"contadoras-de-monedas","term_group":0,"term_taxonomy_id":170,"taxonomy":"product_cat","description":"","parent":156,"count":6,"filter":"raw"},{"term_id":166,"name":"Maquinas portables de contaje de monedas","slug":"maquinas-portables-de-contaje-de-monedas","term_group":0,"term_taxonomy_id":166,"taxonomy":"product_cat","description":"","parent":159,"count":7,"filter":"raw"},{"term_id":156,"name":"Monedas","slug":"monedas","term_group":0,"term_taxonomy_id":156,"taxonomy":"product_cat","description":"","parent":0,"count":20,"filter":"raw"},{"term_id":159,"name":"Operadores","slug":"operadores","term_group":0,"term_taxonomy_id":159,"taxonomy":"product_cat","description":"","parent":158,"count":22,"filter":"raw"}],"product_tag":[{"term_id":163,"name":"Casinos","slug":"casinos","term_group":0,"term_taxonomy_id":163,"taxonomy":"product_tag","description":"","parent":0,"count":27,"filter":"raw"},{"term_id":164,"name":"Operadores","slug":"operadores","term_group":0,"term_taxonomy_id":164,"taxonomy":"product_tag","description":"","parent":0,"count":26,"filter":"raw"},{"term_id":165,"name":"Salones Recreativos","slug":"salones-recreativos","term_group":0,"term_taxonomy_id":165,"taxonomy":"product_tag","description":"","parent":0,"count":31,"filter":"raw"}]},"comment_count":0,"post_likes":0,"post_views":0},"tpgb_post_category":{"product_cat":"<a href=\"https:\/\/wwcashmachines.com\/es\/product-category\/monedas\/contadoras-de-monedas\/\" alt=\"Contadoras de Monedas\"  class=\"product_cat-contadoras-de-monedas\">Contadoras de Monedas<\/a> <a href=\"https:\/\/wwcashmachines.com\/es\/product-category\/sectores-recreativos\/operadores\/maquinas-portables-de-contaje-de-monedas\/\" alt=\"Maquinas portables de contaje de monedas\"  class=\"product_cat-maquinas-portables-de-contaje-de-monedas\">Maquinas portables de contaje de monedas<\/a> <a href=\"https:\/\/wwcashmachines.com\/es\/product-category\/monedas\/\" alt=\"Monedas\"  class=\"product_cat-monedas\">Monedas<\/a> <a href=\"https:\/\/wwcashmachines.com\/es\/product-category\/sectores-recreativos\/operadores\/\" alt=\"Operadores\"  class=\"product_cat-operadores\">Operadores<\/a> ","product_tag":"<a href=\"https:\/\/wwcashmachines.com\/es\/product-tag\/casinos\/\" alt=\"Casinos\"  class=\"product_tag-casinos\">Casinos<\/a> <a href=\"https:\/\/wwcashmachines.com\/es\/product-tag\/operadores\/\" alt=\"Operadores\"  class=\"product_tag-operadores\">Operadores<\/a> <a href=\"https:\/\/wwcashmachines.com\/es\/product-tag\/salones-recreativos\/\" alt=\"Salones Recreativos\"  class=\"product_tag-salones-recreativos\">Salones Recreativos<\/a> "},"tpgb_product_data":{"price_html":"","type":"simple","gallery":["https:\/\/wwcashmachines.com\/wp-content\/uploads\/2021\/05\/TOP5.png",320,320,false],"category":"Contadoras de Monedas","procatslug":"contadoras-de-monedas"},"_links":{"self":[{"href":"https:\/\/wwcashmachines.com\/es\/wp-json\/wp\/v2\/product\/3064","targetHints":{"allow":["GET"]}}],"collection":[{"href":"https:\/\/wwcashmachines.com\/es\/wp-json\/wp\/v2\/product"}],"about":[{"href":"https:\/\/wwcashmachines.com\/es\/wp-json\/wp\/v2\/types\/product"}],"replies":[{"embeddable":true,"href":"https:\/\/wwcashmachines.com\/es\/wp-json\/wp\/v2\/comments?post=3064"}],"wp:featuredmedia":[{"embeddable":true,"href":"https:\/\/wwcashmachines.com\/es\/wp-json\/wp\/v2\/media\/7990"}],"wp:attachment":[{"href":"https:\/\/wwcashmachines.com\/es\/wp-json\/wp\/v2\/media?parent=3064"}],"wp:term":[{"taxonomy":"product_brand","embeddable":true,"href":"https:\/\/wwcashmachines.com\/es\/wp-json\/wp\/v2\/product_brand?post=3064"},{"taxonomy":"product_cat","embeddable":true,"href":"https:\/\/wwcashmachines.com\/es\/wp-json\/wp\/v2\/product_cat?post=3064"},{"taxonomy":"product_tag","embeddable":true,"href":"https:\/\/wwcashmachines.com\/es\/wp-json\/wp\/v2\/product_tag?post=3064"}],"curies":[{"name":"wp","href":"https:\/\/api.w.org\/{rel}","templated":true}]}}