{"id":3080,"date":"2021-05-06T18:53:50","date_gmt":"2021-05-06T18:53:50","guid":{"rendered":"https:\/\/wwcashm.com\/?post_type=product&#038;p=3080"},"modified":"2023-06-06T12:29:45","modified_gmt":"2023-06-06T10:29:45","slug":"smart-box-moneda","status":"publish","type":"product","link":"https:\/\/wwcashmachines.com\/es\/producto\/smart-box-moneda\/","title":{"rendered":"SMART BOX MONEDA"},"content":{"rendered":"<p><em><strong>SMART BOX MONEDA: DEP\u00d3SITO INTELIGENTE Y AUT\u00d3NOMO.<\/strong><\/em><\/p>\n<p>Sistema preparado para la recaudaci\u00f3n de un volumen de m\u00e1s de 3000 monedas diarias. Control del sistema de dep\u00f3sito a distancia: \u00a1reacciona con tiempo a todas las posibles aver\u00edas!<\/p>\n<p><strong>Seguridad &#8211; <\/strong>\u00a0Dispone de una caja de acero de 2mm con sistema de anclaje y alarmas.<\/p>\n<p><strong>Trazabilidad &#8211; <\/strong>El registro de usuarios proporciona la verificaci\u00f3n que necesitas.<\/p>\n<p><strong>Informaci\u00f3n en tiempo real &#8211; <\/strong>Toda la informaci\u00f3n del estado de la m\u00e1quina, est\u00e9s donde est\u00e9s y al momento.<\/p>\n<p>&nbsp;<\/p>\n<p><!--more--><\/p>\n<p style=\"text-align: center;\"><a href=\"https:\/\/wwcashmachines.com\/es\/deposito-de-efectivo\/\">VER M\u00c1S DEP\u00d3SITOS DE EFECTIVO<\/a><\/p>\n<p>&nbsp;<\/p>\n","protected":false},"excerpt":{"rendered":"<h5>Dep\u00f3sito de moneda aut\u00f3nomo<\/h5>\n<p>Sistema de dep\u00f3sito para vol\u00famenes medianos, su uso es ideal en negocios donde la recaudaci\u00f3n diaria supera las 3000 monedas.<\/p>\n","protected":false},"featured_media":5049,"comment_status":"open","ping_status":"closed","template":"","meta":{"tpgb_global_settings":""},"product_brand":[],"product_cat":[183,186,187,159,167,158,191,188,161],"product_tag":[189,190,164,165,181],"class_list":{"0":"post-3080","1":"product","2":"type-product","3":"status-publish","4":"has-post-thumbnail","6":"product_cat-casinos","7":"product_cat-empresas-de-transporte","8":"product_cat-hosteleria-y-comercios","9":"product_cat-operadores","10":"product_cat-salones-recreativos","11":"product_cat-sectores-recreativos","12":"product_cat-smart-box-coin-related","13":"product_cat-smartbox","14":"product_cat-vending","15":"product_tag-empresas-de-transporte","16":"product_tag-hosteleria-y-comercios","17":"product_tag-operadores","18":"product_tag-salones-recreativos","19":"product_tag-vending","21":"first","22":"instock","23":"taxable","24":"shipping-taxable","25":"product-type-simple"},"yoast_head":"<!-- This site is optimized with the Yoast SEO plugin v27.3 - https:\/\/yoast.com\/product\/yoast-seo-wordpress\/ -->\n<title>Dep\u00f3sito de moneda SMART BOX MONEDA \u00bb Worldwide Cash Machines SL<\/title>\n<meta name=\"description\" content=\"SMART BOX MONEDA es un dep\u00f3sito de moneda aut\u00f3nomo e inteligente. Preparado para la recaudaci\u00f3n de volumen para m\u00e1s de 3000 monedas diarias.\" \/>\n<meta name=\"robots\" content=\"index, follow, max-snippet:-1, max-image-preview:large, max-video-preview:-1\" \/>\n<link rel=\"canonical\" href=\"https:\/\/wwcashmachines.com\/es\/producto\/smart-box-moneda\/\" \/>\n<meta property=\"og:locale\" content=\"es_ES\" \/>\n<meta property=\"og:type\" content=\"article\" \/>\n<meta property=\"og:title\" content=\"Worldwide Cash Machines SL - SMART BOX MONEDA\" \/>\n<meta property=\"og:description\" content=\"SMART BOX MONEDA es un dep\u00f3sito de moneda aut\u00f3nomo e inteligente. Preparado para la recaudaci\u00f3n de volumen para m\u00e1s de 3000 monedas diarias.\" \/>\n<meta property=\"og:url\" content=\"https:\/\/wwcashmachines.com\/es\/producto\/smart-box-moneda\/\" \/>\n<meta property=\"og:site_name\" content=\"Worldwide Cash Machines SL\" \/>\n<meta property=\"article:modified_time\" content=\"2023-06-06T10:29:45+00:00\" \/>\n<meta property=\"og:image\" content=\"https:\/\/wwcashmachines.com\/wp-content\/uploads\/2021\/07\/depositos-de-efectivo-smartbox-depositos-de-moneda-coin.jpg\" \/>\n\t<meta property=\"og:image:width\" content=\"1000\" \/>\n\t<meta property=\"og:image:height\" content=\"762\" \/>\n\t<meta property=\"og:image:type\" content=\"image\/jpeg\" \/>\n<meta name=\"twitter:card\" content=\"summary_large_image\" \/>\n<meta name=\"twitter:title\" content=\"Worldwide Cash Machines SL - SMART BOX MONEDA\" \/>\n<meta name=\"twitter:label1\" content=\"Tiempo de lectura\" \/>\n\t<meta name=\"twitter:data1\" content=\"1 minuto\" \/>\n<script type=\"application\/ld+json\" class=\"yoast-schema-graph\">{\"@context\":\"https:\\\/\\\/schema.org\",\"@graph\":[{\"@type\":\"WebPage\",\"@id\":\"https:\\\/\\\/wwcashmachines.com\\\/es\\\/producto\\\/smart-box-moneda\\\/\",\"url\":\"https:\\\/\\\/wwcashmachines.com\\\/es\\\/producto\\\/smart-box-moneda\\\/\",\"name\":\"Dep\u00f3sito de moneda SMART BOX MONEDA \u00bb Worldwide Cash Machines SL\",\"isPartOf\":{\"@id\":\"https:\\\/\\\/wwcashmachines.com\\\/es\\\/#website\"},\"primaryImageOfPage\":{\"@id\":\"https:\\\/\\\/wwcashmachines.com\\\/es\\\/producto\\\/smart-box-moneda\\\/#primaryimage\"},\"image\":{\"@id\":\"https:\\\/\\\/wwcashmachines.com\\\/es\\\/producto\\\/smart-box-moneda\\\/#primaryimage\"},\"thumbnailUrl\":\"https:\\\/\\\/wwcashmachines.com\\\/wp-content\\\/uploads\\\/2021\\\/07\\\/depositos-de-efectivo-smartbox-depositos-de-moneda-coin.jpg\",\"datePublished\":\"2021-05-06T18:53:50+00:00\",\"dateModified\":\"2023-06-06T10:29:45+00:00\",\"description\":\"SMART BOX MONEDA es un dep\u00f3sito de moneda aut\u00f3nomo e inteligente. Preparado para la recaudaci\u00f3n de volumen para m\u00e1s de 3000 monedas diarias.\",\"breadcrumb\":{\"@id\":\"https:\\\/\\\/wwcashmachines.com\\\/es\\\/producto\\\/smart-box-moneda\\\/#breadcrumb\"},\"inLanguage\":\"es\",\"potentialAction\":[{\"@type\":\"ReadAction\",\"target\":[\"https:\\\/\\\/wwcashmachines.com\\\/es\\\/producto\\\/smart-box-moneda\\\/\"]}]},{\"@type\":\"ImageObject\",\"inLanguage\":\"es\",\"@id\":\"https:\\\/\\\/wwcashmachines.com\\\/es\\\/producto\\\/smart-box-moneda\\\/#primaryimage\",\"url\":\"https:\\\/\\\/wwcashmachines.com\\\/wp-content\\\/uploads\\\/2021\\\/07\\\/depositos-de-efectivo-smartbox-depositos-de-moneda-coin.jpg\",\"contentUrl\":\"https:\\\/\\\/wwcashmachines.com\\\/wp-content\\\/uploads\\\/2021\\\/07\\\/depositos-de-efectivo-smartbox-depositos-de-moneda-coin.jpg\",\"width\":1000,\"height\":762,\"caption\":\"SMART BOX MONEDA\"},{\"@type\":\"BreadcrumbList\",\"@id\":\"https:\\\/\\\/wwcashmachines.com\\\/es\\\/producto\\\/smart-box-moneda\\\/#breadcrumb\",\"itemListElement\":[{\"@type\":\"ListItem\",\"position\":1,\"name\":\"Portada\",\"item\":\"https:\\\/\\\/wwcashmachines.com\\\/es\\\/\"},{\"@type\":\"ListItem\",\"position\":2,\"name\":\"Shop\",\"item\":\"https:\\\/\\\/wwcashmachines.com\\\/en\\\/shop-3\\\/\"},{\"@type\":\"ListItem\",\"position\":3,\"name\":\"SMART BOX MONEDA\"}]},{\"@type\":\"WebSite\",\"@id\":\"https:\\\/\\\/wwcashmachines.com\\\/es\\\/#website\",\"url\":\"https:\\\/\\\/wwcashmachines.com\\\/es\\\/\",\"name\":\"Worldwide Cash Machines SL\",\"description\":\"Empresa de Cash Management\",\"publisher\":{\"@id\":\"https:\\\/\\\/wwcashmachines.com\\\/es\\\/#organization\"},\"potentialAction\":[{\"@type\":\"SearchAction\",\"target\":{\"@type\":\"EntryPoint\",\"urlTemplate\":\"https:\\\/\\\/wwcashmachines.com\\\/es\\\/?s={search_term_string}\"},\"query-input\":{\"@type\":\"PropertyValueSpecification\",\"valueRequired\":true,\"valueName\":\"search_term_string\"}}],\"inLanguage\":\"es\"},{\"@type\":\"Organization\",\"@id\":\"https:\\\/\\\/wwcashmachines.com\\\/es\\\/#organization\",\"name\":\"Cash Machines S.A.\",\"url\":\"https:\\\/\\\/wwcashmachines.com\\\/es\\\/\",\"logo\":{\"@type\":\"ImageObject\",\"inLanguage\":\"es\",\"@id\":\"https:\\\/\\\/wwcashmachines.com\\\/es\\\/#\\\/schema\\\/logo\\\/image\\\/\",\"url\":\"https:\\\/\\\/wwcashmachines.com\\\/wp-content\\\/uploads\\\/2021\\\/07\\\/cropped-logo-1.png\",\"contentUrl\":\"https:\\\/\\\/wwcashmachines.com\\\/wp-content\\\/uploads\\\/2021\\\/07\\\/cropped-logo-1.png\",\"width\":263,\"height\":100,\"caption\":\"Cash Machines S.A.\"},\"image\":{\"@id\":\"https:\\\/\\\/wwcashmachines.com\\\/es\\\/#\\\/schema\\\/logo\\\/image\\\/\"}}]}<\/script>\n<!-- \/ Yoast SEO plugin. -->","yoast_head_json":{"title":"Dep\u00f3sito de moneda SMART BOX MONEDA \u00bb Worldwide Cash Machines SL","description":"SMART BOX MONEDA es un dep\u00f3sito de moneda aut\u00f3nomo e inteligente. Preparado para la recaudaci\u00f3n de volumen para m\u00e1s de 3000 monedas diarias.","robots":{"index":"index","follow":"follow","max-snippet":"max-snippet:-1","max-image-preview":"max-image-preview:large","max-video-preview":"max-video-preview:-1"},"canonical":"https:\/\/wwcashmachines.com\/es\/producto\/smart-box-moneda\/","og_locale":"es_ES","og_type":"article","og_title":"Worldwide Cash Machines SL - SMART BOX MONEDA","og_description":"SMART BOX MONEDA es un dep\u00f3sito de moneda aut\u00f3nomo e inteligente. Preparado para la recaudaci\u00f3n de volumen para m\u00e1s de 3000 monedas diarias.","og_url":"https:\/\/wwcashmachines.com\/es\/producto\/smart-box-moneda\/","og_site_name":"Worldwide Cash Machines SL","article_modified_time":"2023-06-06T10:29:45+00:00","og_image":[{"width":1000,"height":762,"url":"https:\/\/wwcashmachines.com\/wp-content\/uploads\/2021\/07\/depositos-de-efectivo-smartbox-depositos-de-moneda-coin.jpg","type":"image\/jpeg"}],"twitter_card":"summary_large_image","twitter_title":"Worldwide Cash Machines SL - SMART BOX MONEDA","twitter_misc":{"Tiempo de lectura":"1 minuto"},"schema":{"@context":"https:\/\/schema.org","@graph":[{"@type":"WebPage","@id":"https:\/\/wwcashmachines.com\/es\/producto\/smart-box-moneda\/","url":"https:\/\/wwcashmachines.com\/es\/producto\/smart-box-moneda\/","name":"Dep\u00f3sito de moneda SMART BOX MONEDA \u00bb Worldwide Cash Machines SL","isPartOf":{"@id":"https:\/\/wwcashmachines.com\/es\/#website"},"primaryImageOfPage":{"@id":"https:\/\/wwcashmachines.com\/es\/producto\/smart-box-moneda\/#primaryimage"},"image":{"@id":"https:\/\/wwcashmachines.com\/es\/producto\/smart-box-moneda\/#primaryimage"},"thumbnailUrl":"https:\/\/wwcashmachines.com\/wp-content\/uploads\/2021\/07\/depositos-de-efectivo-smartbox-depositos-de-moneda-coin.jpg","datePublished":"2021-05-06T18:53:50+00:00","dateModified":"2023-06-06T10:29:45+00:00","description":"SMART BOX MONEDA es un dep\u00f3sito de moneda aut\u00f3nomo e inteligente. Preparado para la recaudaci\u00f3n de volumen para m\u00e1s de 3000 monedas diarias.","breadcrumb":{"@id":"https:\/\/wwcashmachines.com\/es\/producto\/smart-box-moneda\/#breadcrumb"},"inLanguage":"es","potentialAction":[{"@type":"ReadAction","target":["https:\/\/wwcashmachines.com\/es\/producto\/smart-box-moneda\/"]}]},{"@type":"ImageObject","inLanguage":"es","@id":"https:\/\/wwcashmachines.com\/es\/producto\/smart-box-moneda\/#primaryimage","url":"https:\/\/wwcashmachines.com\/wp-content\/uploads\/2021\/07\/depositos-de-efectivo-smartbox-depositos-de-moneda-coin.jpg","contentUrl":"https:\/\/wwcashmachines.com\/wp-content\/uploads\/2021\/07\/depositos-de-efectivo-smartbox-depositos-de-moneda-coin.jpg","width":1000,"height":762,"caption":"SMART BOX MONEDA"},{"@type":"BreadcrumbList","@id":"https:\/\/wwcashmachines.com\/es\/producto\/smart-box-moneda\/#breadcrumb","itemListElement":[{"@type":"ListItem","position":1,"name":"Portada","item":"https:\/\/wwcashmachines.com\/es\/"},{"@type":"ListItem","position":2,"name":"Shop","item":"https:\/\/wwcashmachines.com\/en\/shop-3\/"},{"@type":"ListItem","position":3,"name":"SMART BOX MONEDA"}]},{"@type":"WebSite","@id":"https:\/\/wwcashmachines.com\/es\/#website","url":"https:\/\/wwcashmachines.com\/es\/","name":"Worldwide Cash Machines SL","description":"Empresa de Cash Management","publisher":{"@id":"https:\/\/wwcashmachines.com\/es\/#organization"},"potentialAction":[{"@type":"SearchAction","target":{"@type":"EntryPoint","urlTemplate":"https:\/\/wwcashmachines.com\/es\/?s={search_term_string}"},"query-input":{"@type":"PropertyValueSpecification","valueRequired":true,"valueName":"search_term_string"}}],"inLanguage":"es"},{"@type":"Organization","@id":"https:\/\/wwcashmachines.com\/es\/#organization","name":"Cash Machines S.A.","url":"https:\/\/wwcashmachines.com\/es\/","logo":{"@type":"ImageObject","inLanguage":"es","@id":"https:\/\/wwcashmachines.com\/es\/#\/schema\/logo\/image\/","url":"https:\/\/wwcashmachines.com\/wp-content\/uploads\/2021\/07\/cropped-logo-1.png","contentUrl":"https:\/\/wwcashmachines.com\/wp-content\/uploads\/2021\/07\/cropped-logo-1.png","width":263,"height":100,"caption":"Cash Machines S.A."},"image":{"@id":"https:\/\/wwcashmachines.com\/es\/#\/schema\/logo\/image\/"}}]}},"tpgb_featured_images":{"full":["https:\/\/wwcashmachines.com\/wp-content\/uploads\/2021\/07\/depositos-de-efectivo-smartbox-depositos-de-moneda-coin.jpg",1000,762,false],"tp-image-grid":["https:\/\/wwcashmachines.com\/wp-content\/uploads\/2021\/07\/depositos-de-efectivo-smartbox-depositos-de-moneda-coin-700x700.jpg",700,700,true],"thumbnail":["https:\/\/wwcashmachines.com\/wp-content\/uploads\/2021\/07\/depositos-de-efectivo-smartbox-depositos-de-moneda-coin-150x150.jpg",150,150,true],"medium":["https:\/\/wwcashmachines.com\/wp-content\/uploads\/2021\/07\/depositos-de-efectivo-smartbox-depositos-de-moneda-coin-300x229.jpg",300,229,true],"medium_large":["https:\/\/wwcashmachines.com\/wp-content\/uploads\/2021\/07\/depositos-de-efectivo-smartbox-depositos-de-moneda-coin-768x585.jpg",768,585,true],"large":["https:\/\/wwcashmachines.com\/wp-content\/uploads\/2021\/07\/depositos-de-efectivo-smartbox-depositos-de-moneda-coin.jpg",992,756,false],"default":"https:\/\/wwcashmachines.com\/wp-content\/plugins\/the-plus-addons-for-block-editor\/assets\/images\/tpgb-placeholder.jpg"},"tpgb_post_meta_info":{"get_date":"6 de mayo de 2021","get_modified_date":"6 de junio de 2023","category_list":{"product_brand":false,"product_cat":[{"term_id":183,"name":"Casinos","slug":"casinos","term_group":0,"term_taxonomy_id":183,"taxonomy":"product_cat","description":"","parent":158,"count":17,"filter":"raw"},{"term_id":186,"name":"Empresas de Transporte","slug":"empresas-de-transporte","term_group":0,"term_taxonomy_id":186,"taxonomy":"product_cat","description":"","parent":0,"count":6,"filter":"raw"},{"term_id":187,"name":"Hosteler\u00eda y Comercios","slug":"hosteleria-y-comercios","term_group":0,"term_taxonomy_id":187,"taxonomy":"product_cat","description":"","parent":0,"count":6,"filter":"raw"},{"term_id":159,"name":"Operadores","slug":"operadores","term_group":0,"term_taxonomy_id":159,"taxonomy":"product_cat","description":"","parent":158,"count":22,"filter":"raw"},{"term_id":167,"name":"Salones Recreativos","slug":"salones-recreativos","term_group":0,"term_taxonomy_id":167,"taxonomy":"product_cat","description":"","parent":158,"count":21,"filter":"raw"},{"term_id":158,"name":"Sectores Recreativos","slug":"sectores-recreativos","term_group":0,"term_taxonomy_id":158,"taxonomy":"product_cat","description":"","parent":0,"count":9,"filter":"raw"},{"term_id":191,"name":"Smart Box Coin related","slug":"smart-box-coin-related","term_group":0,"term_taxonomy_id":191,"taxonomy":"product_cat","description":"","parent":188,"count":3,"filter":"raw"},{"term_id":188,"name":"SmartBox","slug":"smartbox","term_group":0,"term_taxonomy_id":188,"taxonomy":"product_cat","description":"","parent":217,"count":5,"filter":"raw"},{"term_id":161,"name":"Vending","slug":"vending","term_group":0,"term_taxonomy_id":161,"taxonomy":"product_cat","description":"","parent":0,"count":20,"filter":"raw"}],"product_tag":[{"term_id":189,"name":"Empresas de Transporte","slug":"empresas-de-transporte","term_group":0,"term_taxonomy_id":189,"taxonomy":"product_tag","description":"","parent":0,"count":6,"filter":"raw"},{"term_id":190,"name":"Hosteler\u00eda y Comercios","slug":"hosteleria-y-comercios","term_group":0,"term_taxonomy_id":190,"taxonomy":"product_tag","description":"","parent":0,"count":3,"filter":"raw"},{"term_id":164,"name":"Operadores","slug":"operadores","term_group":0,"term_taxonomy_id":164,"taxonomy":"product_tag","description":"","parent":0,"count":26,"filter":"raw"},{"term_id":165,"name":"Salones Recreativos","slug":"salones-recreativos","term_group":0,"term_taxonomy_id":165,"taxonomy":"product_tag","description":"","parent":0,"count":31,"filter":"raw"},{"term_id":181,"name":"Vending","slug":"vending","term_group":0,"term_taxonomy_id":181,"taxonomy":"product_tag","description":"","parent":0,"count":7,"filter":"raw"}]},"comment_count":0,"post_likes":0,"post_views":0},"tpgb_post_category":{"product_cat":"<a href=\"https:\/\/wwcashmachines.com\/es\/product-category\/sectores-recreativos\/casinos\/\" alt=\"Casinos\"  class=\"product_cat-casinos\">Casinos<\/a> <a href=\"https:\/\/wwcashmachines.com\/es\/product-category\/empresas-de-transporte\/\" alt=\"Empresas de Transporte\"  class=\"product_cat-empresas-de-transporte\">Empresas de Transporte<\/a> <a href=\"https:\/\/wwcashmachines.com\/es\/product-category\/hosteleria-y-comercios\/\" alt=\"Hosteler\u00eda y Comercios\"  class=\"product_cat-hosteleria-y-comercios\">Hosteler\u00eda y Comercios<\/a> <a href=\"https:\/\/wwcashmachines.com\/es\/product-category\/sectores-recreativos\/operadores\/\" alt=\"Operadores\"  class=\"product_cat-operadores\">Operadores<\/a> <a href=\"https:\/\/wwcashmachines.com\/es\/product-category\/sectores-recreativos\/salones-recreativos\/\" alt=\"Salones Recreativos\"  class=\"product_cat-salones-recreativos\">Salones Recreativos<\/a> <a href=\"https:\/\/wwcashmachines.com\/es\/product-category\/sectores-recreativos\/\" alt=\"Sectores Recreativos\"  class=\"product_cat-sectores-recreativos\">Sectores Recreativos<\/a> <a href=\"https:\/\/wwcashmachines.com\/es\/product-category\/sistemas\/depositos\/smartbox\/smart-box-coin-related\/\" alt=\"Smart Box Coin related\"  class=\"product_cat-smart-box-coin-related\">Smart Box Coin related<\/a> <a href=\"https:\/\/wwcashmachines.com\/es\/product-category\/sistemas\/depositos\/smartbox\/\" alt=\"SmartBox\"  class=\"product_cat-smartbox\">SmartBox<\/a> <a href=\"https:\/\/wwcashmachines.com\/es\/product-category\/vending\/\" alt=\"Vending\"  class=\"product_cat-vending\">Vending<\/a> ","product_tag":"<a href=\"https:\/\/wwcashmachines.com\/es\/product-tag\/empresas-de-transporte\/\" alt=\"Empresas de Transporte\"  class=\"product_tag-empresas-de-transporte\">Empresas de Transporte<\/a> <a href=\"https:\/\/wwcashmachines.com\/es\/product-tag\/hosteleria-y-comercios\/\" alt=\"Hosteler\u00eda y Comercios\"  class=\"product_tag-hosteleria-y-comercios\">Hosteler\u00eda y Comercios<\/a> <a href=\"https:\/\/wwcashmachines.com\/es\/product-tag\/operadores\/\" alt=\"Operadores\"  class=\"product_tag-operadores\">Operadores<\/a> <a href=\"https:\/\/wwcashmachines.com\/es\/product-tag\/salones-recreativos\/\" alt=\"Salones Recreativos\"  class=\"product_tag-salones-recreativos\">Salones Recreativos<\/a> <a href=\"https:\/\/wwcashmachines.com\/es\/product-tag\/vending\/\" alt=\"Vending\"  class=\"product_tag-vending\">Vending<\/a> "},"tpgb_product_data":{"price_html":"","type":"simple","gallery":false,"category":"Casinos","procatslug":"casinos"},"_links":{"self":[{"href":"https:\/\/wwcashmachines.com\/es\/wp-json\/wp\/v2\/product\/3080","targetHints":{"allow":["GET"]}}],"collection":[{"href":"https:\/\/wwcashmachines.com\/es\/wp-json\/wp\/v2\/product"}],"about":[{"href":"https:\/\/wwcashmachines.com\/es\/wp-json\/wp\/v2\/types\/product"}],"replies":[{"embeddable":true,"href":"https:\/\/wwcashmachines.com\/es\/wp-json\/wp\/v2\/comments?post=3080"}],"wp:featuredmedia":[{"embeddable":true,"href":"https:\/\/wwcashmachines.com\/es\/wp-json\/wp\/v2\/media\/5049"}],"wp:attachment":[{"href":"https:\/\/wwcashmachines.com\/es\/wp-json\/wp\/v2\/media?parent=3080"}],"wp:term":[{"taxonomy":"product_brand","embeddable":true,"href":"https:\/\/wwcashmachines.com\/es\/wp-json\/wp\/v2\/product_brand?post=3080"},{"taxonomy":"product_cat","embeddable":true,"href":"https:\/\/wwcashmachines.com\/es\/wp-json\/wp\/v2\/product_cat?post=3080"},{"taxonomy":"product_tag","embeddable":true,"href":"https:\/\/wwcashmachines.com\/es\/wp-json\/wp\/v2\/product_tag?post=3080"}],"curies":[{"name":"wp","href":"https:\/\/api.w.org\/{rel}","templated":true}]}}