{"id":3088,"date":"2021-05-06T20:49:27","date_gmt":"2021-05-06T20:49:27","guid":{"rendered":"https:\/\/wwcashm.com\/?post_type=product&#038;p=3088"},"modified":"2023-06-06T12:20:16","modified_gmt":"2023-06-06T10:20:16","slug":"century-sorter-plus","status":"publish","type":"product","link":"https:\/\/wwcashmachines.com\/es\/producto\/century-sorter-plus\/","title":{"rendered":"CENTURY SORTER PLUS"},"content":{"rendered":"<p><em><strong>CENTURY SORTER PLUS: VALORIZADORA DE BILLETES<\/strong><\/em><\/p>\n<p>Modelo ideal para un uso moderado. Trabaja en proceso continuo.<\/p>\n<p><strong>Operaciones Superiores &#8211;<\/strong>\u00a0Separa una denominaci\u00f3n del resto.<\/p>\n<p><strong>Software Actualizable &#8211;<\/strong> Actualizaci\u00f3n de software y de las denominaciones.<\/p>\n<p><strong>Software de Autodiagn\u00f3stico &#8211; <\/strong>Facilita su mantenimiento.<\/p>\n<p>&nbsp;<\/p>\n<p><!--more--><\/p>\n<p style=\"text-align: center;\"><a href=\"https:\/\/wwcashmachines.com\/es\/tratamiento-de-efectivo\/billetes\/valoradoras-de-billetes\/\">VER M\u00c1S VALORADORAS DE BILLETES<\/a><\/p>\n<p>&nbsp;<\/p>\n","protected":false},"excerpt":{"rendered":"<h5>Valorizadora \/ clasificadora de billete<\/h5>\n<p>Dise\u00f1ada con dos estaciones. Tecnolog\u00eda para el Reconocimiento de Im\u00e1genes. Dispone de todas las t\u00e9cnicas actuales para la detecci\u00f3n de billetes falsos.<\/p>\n","protected":false},"featured_media":4936,"comment_status":"open","ping_status":"closed","template":"","meta":{"tpgb_global_settings":""},"product_brand":[],"product_cat":[172,173,159,175,167],"product_tag":[163,164,165],"class_list":{"0":"post-3088","1":"product","2":"type-product","3":"status-publish","4":"has-post-thumbnail","6":"product_cat-billetes","7":"product_cat-contadoras-de-billetes","8":"product_cat-operadores","9":"product_cat-optimizacion-de-billtes-para-salones-recreativos","10":"product_cat-salones-recreativos","11":"product_tag-casinos","12":"product_tag-operadores","13":"product_tag-salones-recreativos","15":"first","16":"instock","17":"taxable","18":"shipping-taxable","19":"product-type-simple"},"yoast_head":"<!-- This site is optimized with the Yoast SEO plugin v27.3 - https:\/\/yoast.com\/product\/yoast-seo-wordpress\/ -->\n<title>CENTURY SORTER PLUS - valorizadora billetes \u00bb Worldwide Cash Machines SL<\/title>\n<meta name=\"description\" content=\"CENTURY SORTER PLUS es una valorizadora de billetes dotada con tecnolog\u00eda de reconocimiento de im\u00e1genes. Separa por denominaciones. Software actualizable.\" \/>\n<meta name=\"robots\" content=\"index, follow, max-snippet:-1, max-image-preview:large, max-video-preview:-1\" \/>\n<link rel=\"canonical\" href=\"https:\/\/wwcashmachines.com\/es\/producto\/century-sorter-plus\/\" \/>\n<meta property=\"og:locale\" content=\"es_ES\" \/>\n<meta property=\"og:type\" content=\"article\" \/>\n<meta property=\"og:title\" content=\"Worldwide Cash Machines SL - CENTURY SORTER PLUS\" \/>\n<meta property=\"og:description\" content=\"CENTURY SORTER PLUS es una valorizadora de billetes dotada con tecnolog\u00eda de reconocimiento de im\u00e1genes. Separa por denominaciones. Software actualizable.\" \/>\n<meta property=\"og:url\" content=\"https:\/\/wwcashmachines.com\/es\/producto\/century-sorter-plus\/\" \/>\n<meta property=\"og:site_name\" content=\"Worldwide Cash Machines SL\" \/>\n<meta property=\"article:modified_time\" content=\"2023-06-06T10:20:16+00:00\" \/>\n<meta property=\"og:image\" content=\"https:\/\/wwcashmachines.com\/wp-content\/uploads\/2021\/07\/Tratamiento-de-efectivo-contadoras-de-efectivo-century-sorterplusjpg.jpg\" \/>\n\t<meta property=\"og:image:width\" content=\"1000\" \/>\n\t<meta property=\"og:image:height\" content=\"762\" \/>\n\t<meta property=\"og:image:type\" content=\"image\/jpeg\" \/>\n<meta name=\"twitter:card\" content=\"summary_large_image\" \/>\n<meta name=\"twitter:title\" content=\"Worldwide Cash Machines SL - CENTURY SORTER PLUS\" \/>\n<meta name=\"twitter:label1\" content=\"Tiempo de lectura\" \/>\n\t<meta name=\"twitter:data1\" content=\"1 minuto\" \/>\n<script type=\"application\/ld+json\" class=\"yoast-schema-graph\">{\"@context\":\"https:\\\/\\\/schema.org\",\"@graph\":[{\"@type\":\"WebPage\",\"@id\":\"https:\\\/\\\/wwcashmachines.com\\\/es\\\/producto\\\/century-sorter-plus\\\/\",\"url\":\"https:\\\/\\\/wwcashmachines.com\\\/es\\\/producto\\\/century-sorter-plus\\\/\",\"name\":\"CENTURY SORTER PLUS - valorizadora billetes \u00bb Worldwide Cash Machines SL\",\"isPartOf\":{\"@id\":\"https:\\\/\\\/wwcashmachines.com\\\/es\\\/#website\"},\"primaryImageOfPage\":{\"@id\":\"https:\\\/\\\/wwcashmachines.com\\\/es\\\/producto\\\/century-sorter-plus\\\/#primaryimage\"},\"image\":{\"@id\":\"https:\\\/\\\/wwcashmachines.com\\\/es\\\/producto\\\/century-sorter-plus\\\/#primaryimage\"},\"thumbnailUrl\":\"https:\\\/\\\/wwcashmachines.com\\\/wp-content\\\/uploads\\\/2021\\\/07\\\/Tratamiento-de-efectivo-contadoras-de-efectivo-century-sorterplusjpg.jpg\",\"datePublished\":\"2021-05-06T20:49:27+00:00\",\"dateModified\":\"2023-06-06T10:20:16+00:00\",\"description\":\"CENTURY SORTER PLUS es una valorizadora de billetes dotada con tecnolog\u00eda de reconocimiento de im\u00e1genes. Separa por denominaciones. Software actualizable.\",\"breadcrumb\":{\"@id\":\"https:\\\/\\\/wwcashmachines.com\\\/es\\\/producto\\\/century-sorter-plus\\\/#breadcrumb\"},\"inLanguage\":\"es\",\"potentialAction\":[{\"@type\":\"ReadAction\",\"target\":[\"https:\\\/\\\/wwcashmachines.com\\\/es\\\/producto\\\/century-sorter-plus\\\/\"]}]},{\"@type\":\"ImageObject\",\"inLanguage\":\"es\",\"@id\":\"https:\\\/\\\/wwcashmachines.com\\\/es\\\/producto\\\/century-sorter-plus\\\/#primaryimage\",\"url\":\"https:\\\/\\\/wwcashmachines.com\\\/wp-content\\\/uploads\\\/2021\\\/07\\\/Tratamiento-de-efectivo-contadoras-de-efectivo-century-sorterplusjpg.jpg\",\"contentUrl\":\"https:\\\/\\\/wwcashmachines.com\\\/wp-content\\\/uploads\\\/2021\\\/07\\\/Tratamiento-de-efectivo-contadoras-de-efectivo-century-sorterplusjpg.jpg\",\"width\":1000,\"height\":762,\"caption\":\"century sorter plus\"},{\"@type\":\"BreadcrumbList\",\"@id\":\"https:\\\/\\\/wwcashmachines.com\\\/es\\\/producto\\\/century-sorter-plus\\\/#breadcrumb\",\"itemListElement\":[{\"@type\":\"ListItem\",\"position\":1,\"name\":\"Portada\",\"item\":\"https:\\\/\\\/wwcashmachines.com\\\/es\\\/\"},{\"@type\":\"ListItem\",\"position\":2,\"name\":\"Shop\",\"item\":\"https:\\\/\\\/wwcashmachines.com\\\/en\\\/shop-3\\\/\"},{\"@type\":\"ListItem\",\"position\":3,\"name\":\"CENTURY SORTER PLUS\"}]},{\"@type\":\"WebSite\",\"@id\":\"https:\\\/\\\/wwcashmachines.com\\\/es\\\/#website\",\"url\":\"https:\\\/\\\/wwcashmachines.com\\\/es\\\/\",\"name\":\"Worldwide Cash Machines SL\",\"description\":\"Empresa de Cash Management\",\"publisher\":{\"@id\":\"https:\\\/\\\/wwcashmachines.com\\\/es\\\/#organization\"},\"potentialAction\":[{\"@type\":\"SearchAction\",\"target\":{\"@type\":\"EntryPoint\",\"urlTemplate\":\"https:\\\/\\\/wwcashmachines.com\\\/es\\\/?s={search_term_string}\"},\"query-input\":{\"@type\":\"PropertyValueSpecification\",\"valueRequired\":true,\"valueName\":\"search_term_string\"}}],\"inLanguage\":\"es\"},{\"@type\":\"Organization\",\"@id\":\"https:\\\/\\\/wwcashmachines.com\\\/es\\\/#organization\",\"name\":\"Cash Machines S.A.\",\"url\":\"https:\\\/\\\/wwcashmachines.com\\\/es\\\/\",\"logo\":{\"@type\":\"ImageObject\",\"inLanguage\":\"es\",\"@id\":\"https:\\\/\\\/wwcashmachines.com\\\/es\\\/#\\\/schema\\\/logo\\\/image\\\/\",\"url\":\"https:\\\/\\\/wwcashmachines.com\\\/wp-content\\\/uploads\\\/2021\\\/07\\\/cropped-logo-1.png\",\"contentUrl\":\"https:\\\/\\\/wwcashmachines.com\\\/wp-content\\\/uploads\\\/2021\\\/07\\\/cropped-logo-1.png\",\"width\":263,\"height\":100,\"caption\":\"Cash Machines S.A.\"},\"image\":{\"@id\":\"https:\\\/\\\/wwcashmachines.com\\\/es\\\/#\\\/schema\\\/logo\\\/image\\\/\"}}]}<\/script>\n<!-- \/ Yoast SEO plugin. -->","yoast_head_json":{"title":"CENTURY SORTER PLUS - valorizadora billetes \u00bb Worldwide Cash Machines SL","description":"CENTURY SORTER PLUS es una valorizadora de billetes dotada con tecnolog\u00eda de reconocimiento de im\u00e1genes. Separa por denominaciones. Software actualizable.","robots":{"index":"index","follow":"follow","max-snippet":"max-snippet:-1","max-image-preview":"max-image-preview:large","max-video-preview":"max-video-preview:-1"},"canonical":"https:\/\/wwcashmachines.com\/es\/producto\/century-sorter-plus\/","og_locale":"es_ES","og_type":"article","og_title":"Worldwide Cash Machines SL - CENTURY SORTER PLUS","og_description":"CENTURY SORTER PLUS es una valorizadora de billetes dotada con tecnolog\u00eda de reconocimiento de im\u00e1genes. Separa por denominaciones. Software actualizable.","og_url":"https:\/\/wwcashmachines.com\/es\/producto\/century-sorter-plus\/","og_site_name":"Worldwide Cash Machines SL","article_modified_time":"2023-06-06T10:20:16+00:00","og_image":[{"width":1000,"height":762,"url":"https:\/\/wwcashmachines.com\/wp-content\/uploads\/2021\/07\/Tratamiento-de-efectivo-contadoras-de-efectivo-century-sorterplusjpg.jpg","type":"image\/jpeg"}],"twitter_card":"summary_large_image","twitter_title":"Worldwide Cash Machines SL - CENTURY SORTER PLUS","twitter_misc":{"Tiempo de lectura":"1 minuto"},"schema":{"@context":"https:\/\/schema.org","@graph":[{"@type":"WebPage","@id":"https:\/\/wwcashmachines.com\/es\/producto\/century-sorter-plus\/","url":"https:\/\/wwcashmachines.com\/es\/producto\/century-sorter-plus\/","name":"CENTURY SORTER PLUS - valorizadora billetes \u00bb Worldwide Cash Machines SL","isPartOf":{"@id":"https:\/\/wwcashmachines.com\/es\/#website"},"primaryImageOfPage":{"@id":"https:\/\/wwcashmachines.com\/es\/producto\/century-sorter-plus\/#primaryimage"},"image":{"@id":"https:\/\/wwcashmachines.com\/es\/producto\/century-sorter-plus\/#primaryimage"},"thumbnailUrl":"https:\/\/wwcashmachines.com\/wp-content\/uploads\/2021\/07\/Tratamiento-de-efectivo-contadoras-de-efectivo-century-sorterplusjpg.jpg","datePublished":"2021-05-06T20:49:27+00:00","dateModified":"2023-06-06T10:20:16+00:00","description":"CENTURY SORTER PLUS es una valorizadora de billetes dotada con tecnolog\u00eda de reconocimiento de im\u00e1genes. Separa por denominaciones. Software actualizable.","breadcrumb":{"@id":"https:\/\/wwcashmachines.com\/es\/producto\/century-sorter-plus\/#breadcrumb"},"inLanguage":"es","potentialAction":[{"@type":"ReadAction","target":["https:\/\/wwcashmachines.com\/es\/producto\/century-sorter-plus\/"]}]},{"@type":"ImageObject","inLanguage":"es","@id":"https:\/\/wwcashmachines.com\/es\/producto\/century-sorter-plus\/#primaryimage","url":"https:\/\/wwcashmachines.com\/wp-content\/uploads\/2021\/07\/Tratamiento-de-efectivo-contadoras-de-efectivo-century-sorterplusjpg.jpg","contentUrl":"https:\/\/wwcashmachines.com\/wp-content\/uploads\/2021\/07\/Tratamiento-de-efectivo-contadoras-de-efectivo-century-sorterplusjpg.jpg","width":1000,"height":762,"caption":"century sorter plus"},{"@type":"BreadcrumbList","@id":"https:\/\/wwcashmachines.com\/es\/producto\/century-sorter-plus\/#breadcrumb","itemListElement":[{"@type":"ListItem","position":1,"name":"Portada","item":"https:\/\/wwcashmachines.com\/es\/"},{"@type":"ListItem","position":2,"name":"Shop","item":"https:\/\/wwcashmachines.com\/en\/shop-3\/"},{"@type":"ListItem","position":3,"name":"CENTURY SORTER PLUS"}]},{"@type":"WebSite","@id":"https:\/\/wwcashmachines.com\/es\/#website","url":"https:\/\/wwcashmachines.com\/es\/","name":"Worldwide Cash Machines SL","description":"Empresa de Cash Management","publisher":{"@id":"https:\/\/wwcashmachines.com\/es\/#organization"},"potentialAction":[{"@type":"SearchAction","target":{"@type":"EntryPoint","urlTemplate":"https:\/\/wwcashmachines.com\/es\/?s={search_term_string}"},"query-input":{"@type":"PropertyValueSpecification","valueRequired":true,"valueName":"search_term_string"}}],"inLanguage":"es"},{"@type":"Organization","@id":"https:\/\/wwcashmachines.com\/es\/#organization","name":"Cash Machines S.A.","url":"https:\/\/wwcashmachines.com\/es\/","logo":{"@type":"ImageObject","inLanguage":"es","@id":"https:\/\/wwcashmachines.com\/es\/#\/schema\/logo\/image\/","url":"https:\/\/wwcashmachines.com\/wp-content\/uploads\/2021\/07\/cropped-logo-1.png","contentUrl":"https:\/\/wwcashmachines.com\/wp-content\/uploads\/2021\/07\/cropped-logo-1.png","width":263,"height":100,"caption":"Cash Machines S.A."},"image":{"@id":"https:\/\/wwcashmachines.com\/es\/#\/schema\/logo\/image\/"}}]}},"tpgb_featured_images":{"full":["https:\/\/wwcashmachines.com\/wp-content\/uploads\/2021\/07\/Tratamiento-de-efectivo-contadoras-de-efectivo-century-sorterplusjpg.jpg",1000,762,false],"tp-image-grid":["https:\/\/wwcashmachines.com\/wp-content\/uploads\/2021\/07\/Tratamiento-de-efectivo-contadoras-de-efectivo-century-sorterplusjpg-700x700.jpg",700,700,true],"thumbnail":["https:\/\/wwcashmachines.com\/wp-content\/uploads\/2021\/07\/Tratamiento-de-efectivo-contadoras-de-efectivo-century-sorterplusjpg-150x150.jpg",150,150,true],"medium":["https:\/\/wwcashmachines.com\/wp-content\/uploads\/2021\/07\/Tratamiento-de-efectivo-contadoras-de-efectivo-century-sorterplusjpg-300x229.jpg",300,229,true],"medium_large":["https:\/\/wwcashmachines.com\/wp-content\/uploads\/2021\/07\/Tratamiento-de-efectivo-contadoras-de-efectivo-century-sorterplusjpg-768x585.jpg",768,585,true],"large":["https:\/\/wwcashmachines.com\/wp-content\/uploads\/2021\/07\/Tratamiento-de-efectivo-contadoras-de-efectivo-century-sorterplusjpg.jpg",992,756,false],"default":"https:\/\/wwcashmachines.com\/wp-content\/plugins\/the-plus-addons-for-block-editor\/assets\/images\/tpgb-placeholder.jpg"},"tpgb_post_meta_info":{"get_date":"6 de mayo de 2021","get_modified_date":"6 de junio de 2023","category_list":{"product_brand":false,"product_cat":[{"term_id":172,"name":"Billetes","slug":"billetes","term_group":0,"term_taxonomy_id":172,"taxonomy":"product_cat","description":"","parent":0,"count":16,"filter":"raw"},{"term_id":173,"name":"Contadoras de Billetes","slug":"contadoras-de-billetes","term_group":0,"term_taxonomy_id":173,"taxonomy":"product_cat","description":"","parent":172,"count":2,"filter":"raw"},{"term_id":159,"name":"Operadores","slug":"operadores","term_group":0,"term_taxonomy_id":159,"taxonomy":"product_cat","description":"","parent":158,"count":22,"filter":"raw"},{"term_id":175,"name":"optimizacion de billtes para salones recreativos","slug":"optimizacion-de-billtes-para-salones-recreativos","term_group":0,"term_taxonomy_id":175,"taxonomy":"product_cat","description":"","parent":167,"count":10,"filter":"raw"},{"term_id":167,"name":"Salones Recreativos","slug":"salones-recreativos","term_group":0,"term_taxonomy_id":167,"taxonomy":"product_cat","description":"","parent":158,"count":21,"filter":"raw"}],"product_tag":[{"term_id":163,"name":"Casinos","slug":"casinos","term_group":0,"term_taxonomy_id":163,"taxonomy":"product_tag","description":"","parent":0,"count":27,"filter":"raw"},{"term_id":164,"name":"Operadores","slug":"operadores","term_group":0,"term_taxonomy_id":164,"taxonomy":"product_tag","description":"","parent":0,"count":26,"filter":"raw"},{"term_id":165,"name":"Salones Recreativos","slug":"salones-recreativos","term_group":0,"term_taxonomy_id":165,"taxonomy":"product_tag","description":"","parent":0,"count":31,"filter":"raw"}]},"comment_count":0,"post_likes":0,"post_views":0},"tpgb_post_category":{"product_cat":"<a href=\"https:\/\/wwcashmachines.com\/es\/product-category\/billetes\/\" alt=\"Billetes\"  class=\"product_cat-billetes\">Billetes<\/a> <a href=\"https:\/\/wwcashmachines.com\/es\/product-category\/billetes\/contadoras-de-billetes\/\" alt=\"Contadoras de Billetes\"  class=\"product_cat-contadoras-de-billetes\">Contadoras de Billetes<\/a> <a href=\"https:\/\/wwcashmachines.com\/es\/product-category\/sectores-recreativos\/operadores\/\" alt=\"Operadores\"  class=\"product_cat-operadores\">Operadores<\/a> <a href=\"https:\/\/wwcashmachines.com\/es\/product-category\/sectores-recreativos\/salones-recreativos\/optimizacion-de-billtes-para-salones-recreativos\/\" alt=\"optimizacion de billtes para salones recreativos\"  class=\"product_cat-optimizacion-de-billtes-para-salones-recreativos\">optimizacion de billtes para salones recreativos<\/a> <a href=\"https:\/\/wwcashmachines.com\/es\/product-category\/sectores-recreativos\/salones-recreativos\/\" alt=\"Salones Recreativos\"  class=\"product_cat-salones-recreativos\">Salones Recreativos<\/a> ","product_tag":"<a href=\"https:\/\/wwcashmachines.com\/es\/product-tag\/casinos\/\" alt=\"Casinos\"  class=\"product_tag-casinos\">Casinos<\/a> <a href=\"https:\/\/wwcashmachines.com\/es\/product-tag\/operadores\/\" alt=\"Operadores\"  class=\"product_tag-operadores\">Operadores<\/a> <a href=\"https:\/\/wwcashmachines.com\/es\/product-tag\/salones-recreativos\/\" alt=\"Salones Recreativos\"  class=\"product_tag-salones-recreativos\">Salones Recreativos<\/a> "},"tpgb_product_data":{"price_html":"","type":"simple","gallery":false,"category":"Billetes","procatslug":"billetes"},"_links":{"self":[{"href":"https:\/\/wwcashmachines.com\/es\/wp-json\/wp\/v2\/product\/3088","targetHints":{"allow":["GET"]}}],"collection":[{"href":"https:\/\/wwcashmachines.com\/es\/wp-json\/wp\/v2\/product"}],"about":[{"href":"https:\/\/wwcashmachines.com\/es\/wp-json\/wp\/v2\/types\/product"}],"replies":[{"embeddable":true,"href":"https:\/\/wwcashmachines.com\/es\/wp-json\/wp\/v2\/comments?post=3088"}],"wp:featuredmedia":[{"embeddable":true,"href":"https:\/\/wwcashmachines.com\/es\/wp-json\/wp\/v2\/media\/4936"}],"wp:attachment":[{"href":"https:\/\/wwcashmachines.com\/es\/wp-json\/wp\/v2\/media?parent=3088"}],"wp:term":[{"taxonomy":"product_brand","embeddable":true,"href":"https:\/\/wwcashmachines.com\/es\/wp-json\/wp\/v2\/product_brand?post=3088"},{"taxonomy":"product_cat","embeddable":true,"href":"https:\/\/wwcashmachines.com\/es\/wp-json\/wp\/v2\/product_cat?post=3088"},{"taxonomy":"product_tag","embeddable":true,"href":"https:\/\/wwcashmachines.com\/es\/wp-json\/wp\/v2\/product_tag?post=3088"}],"curies":[{"name":"wp","href":"https:\/\/api.w.org\/{rel}","templated":true}]}}